{"id":4224,"date":"2026-01-14T13:01:46","date_gmt":"2026-01-14T12:01:46","guid":{"rendered":"https:\/\/neijin-qigong.com\/buyin-zheng\/buyin-as-a-therapist\/"},"modified":"2026-04-28T11:27:26","modified_gmt":"2026-04-28T09:27:26","slug":"buyin-as-a-therapist","status":"publish","type":"page","link":"https:\/\/neijin-qigong.com\/en\/buyin-zheng\/buyin-as-a-therapist\/","title":{"rendered":"Buyin as a Therapist"},"content":{"rendered":"\t\t<div data-elementor-type=\"wp-page\" data-elementor-id=\"4224\" class=\"elementor elementor-4224 elementor-798\" data-elementor-post-type=\"page\">\n\t\t\t\t<div class=\"elementor-element elementor-element-4302898 e-flex e-con-boxed e-con e-parent\" data-id=\"4302898\" data-element_type=\"container\" data-e-type=\"container\" data-settings=\"{&quot;background_background&quot;:&quot;classic&quot;}\">\n\t\t\t\t\t<div class=\"e-con-inner\">\n\t\t\t\t<div class=\"elementor-element elementor-element-45787b6 elementor-widget__width-initial elementor-widget elementor-widget-heading\" data-id=\"45787b6\" data-element_type=\"widget\" data-e-type=\"widget\" data-widget_type=\"heading.default\">\n\t\t\t\t\t<h1 class=\"elementor-heading-title elementor-size-default\">Buyin Zheng as a Therapist<\/h1>\t\t\t\t<\/div>\n\t\t\t\t<div class=\"elementor-element elementor-element-1e6ede3 elementor-widget__width-initial elementor-widget elementor-widget-heading\" data-id=\"1e6ede3\" data-element_type=\"widget\" data-e-type=\"widget\" data-widget_type=\"heading.default\">\n\t\t\t\t\t<p class=\"elementor-heading-title elementor-size-default\">Holistic guidance based on Traditional Chinese Medicine \u2013 with subtle perception, clarity, and deep understanding of energetic connections.<\/p>\t\t\t\t<\/div>\n\t\t<div class=\"elementor-element elementor-element-5abaee0 e-con-full e-flex e-con e-child\" data-id=\"5abaee0\" data-element_type=\"container\" data-e-type=\"container\">\n\t\t\t\t<div class=\"elementor-element elementor-element-eb01d55 elementor-widget elementor-widget-button\" data-id=\"eb01d55\" data-element_type=\"widget\" data-e-type=\"widget\" data-widget_type=\"button.default\">\n\t\t\t\t\t\t\t\t\t\t<a class=\"elementor-button elementor-button-link elementor-size-sm\" href=\"#mehr-erfahren\">\n\t\t\t\t\t\t<span class=\"elementor-button-content-wrapper\">\n\t\t\t\t\t\t\t\t\t<span class=\"elementor-button-text\">Learn more<\/span>\n\t\t\t\t\t<\/span>\n\t\t\t\t\t<\/a>\n\t\t\t\t\t\t\t\t<\/div>\n\t\t\t\t<div class=\"elementor-element elementor-element-a976563 elementor-widget elementor-widget-button\" data-id=\"a976563\" data-element_type=\"widget\" data-e-type=\"widget\" data-widget_type=\"button.default\">\n\t\t\t\t\t\t\t\t\t\t<a class=\"elementor-button elementor-button-link elementor-size-sm\" href=\"https:\/\/neijin-qigong.com\/en\/contact\/\">\n\t\t\t\t\t\t<span class=\"elementor-button-content-wrapper\">\n\t\t\t\t\t\t\t\t\t<span class=\"elementor-button-text\">Contact us<\/span>\n\t\t\t\t\t<\/span>\n\t\t\t\t\t<\/a>\n\t\t\t\t\t\t\t\t<\/div>\n\t\t\t\t<\/div>\n\t\t\t\t\t<\/div>\n\t\t\t\t<\/div>\n\t\t<div class=\"elementor-element elementor-element-6c0c932 e-flex e-con-boxed e-con e-parent\" data-id=\"6c0c932\" data-element_type=\"container\" data-e-type=\"container\" id=\"mehr-erfahren\" data-settings=\"{&quot;background_background&quot;:&quot;classic&quot;}\">\n\t\t\t\t\t<div class=\"e-con-inner\">\n\t\t<div class=\"elementor-element elementor-element-f615be3 e-con-full e-flex e-con e-child\" data-id=\"f615be3\" data-element_type=\"container\" data-e-type=\"container\">\n\t\t<div class=\"elementor-element elementor-element-692df44 e-con-full e-flex e-con e-child\" data-id=\"692df44\" data-element_type=\"container\" data-e-type=\"container\">\n\t\t<div class=\"elementor-element elementor-element-ddd7c4d e-con-full e-flex e-con e-child\" data-id=\"ddd7c4d\" data-element_type=\"container\" data-e-type=\"container\">\n\t\t\t\t<div class=\"elementor-element elementor-element-2964536 elementor-widget__width-initial elementor-widget elementor-widget-heading\" data-id=\"2964536\" data-element_type=\"widget\" data-e-type=\"widget\" data-widget_type=\"heading.default\">\n\t\t\t\t\t<h2 class=\"elementor-heading-title elementor-size-default\">Therapy in Harmony with Qi<\/h2>\t\t\t\t<\/div>\n\t\t\t\t<div class=\"elementor-element elementor-element-140bf99 elementor-widget__width-initial elementor-widget elementor-widget-text-editor\" data-id=\"140bf99\" data-element_type=\"widget\" data-e-type=\"widget\" data-widget_type=\"text-editor.default\">\n\t\t\t\t\t\t\t\t\t<p data-start=\"708\" data-end=\"1012\">Traditional Chinese Medicine understands illness not as an isolated symptom, but as an expression of a disturbance in the free flow of Qi. Buyin Zheng combines this millennia-old knowledge with an exceptionally subtle perception of energetic connections within the human body. <\/p><p data-start=\"1014\" data-end=\"1470\">His therapeutic work aims to reveal the deeper causes of ailments and provide the body with targeted impulses for self-regulation. The focus is not on combating symptoms, but on restoring balance and inner order. Through this holistic approach, Buyin Zheng has helped many people worldwide regain strength, stability, and well-being.  <\/p>\t\t\t\t\t\t\t\t<\/div>\n\t\t\t\t<\/div>\n\t\t<div class=\"elementor-element elementor-element-8289392 e-con-full e-flex e-con e-child\" data-id=\"8289392\" data-element_type=\"container\" data-e-type=\"container\">\n\t\t\t\t<div class=\"elementor-element elementor-element-f14e308 elementor-widget__width-initial elementor-widget elementor-widget-heading\" data-id=\"f14e308\" data-element_type=\"widget\" data-e-type=\"widget\" data-widget_type=\"heading.default\">\n\t\t\t\t\t<h3 class=\"elementor-heading-title elementor-size-default\">Recognizing Causes<\/h3>\t\t\t\t<\/div>\n\t\t\t\t<div class=\"elementor-element elementor-element-e68722e elementor-widget__width-initial elementor-widget elementor-widget-text-editor\" data-id=\"e68722e\" data-element_type=\"widget\" data-e-type=\"widget\" data-widget_type=\"text-editor.default\">\n\t\t\t\t\t\t\t\t\t<p>For Buyin Zheng, diagnosis means reading energetic patterns and understanding connections. The goal is to identify the root of a disharmony and support the body&#8217;s natural healing process. <\/p>\t\t\t\t\t\t\t\t<\/div>\n\t\t\t\t<\/div>\n\t\t<div class=\"elementor-element elementor-element-5c0c855 e-con-full e-flex e-con e-child\" data-id=\"5c0c855\" data-element_type=\"container\" data-e-type=\"container\">\n\t\t\t\t<div class=\"elementor-element elementor-element-44e44be elementor-widget__width-initial elementor-widget elementor-widget-heading\" data-id=\"44e44be\" data-element_type=\"widget\" data-e-type=\"widget\" data-widget_type=\"heading.default\">\n\t\t\t\t\t<h3 class=\"elementor-heading-title elementor-size-default\">Holistic Methods<\/h3>\t\t\t\t<\/div>\n\t\t\t\t<div class=\"elementor-element elementor-element-56b2033 elementor-widget__width-initial elementor-widget elementor-widget-text-editor\" data-id=\"56b2033\" data-element_type=\"widget\" data-e-type=\"widget\" data-widget_type=\"text-editor.default\">\n\t\t\t\t\t\t\t\t\t<p lang=\"de-DE\">Qigong, releasing blockages through targeted exercises, Taidan\u00ae health massages, nutritional advice, and techniques for transforming burdensome thoughts and emotions intertwine and are individually tailored to each person.<\/p>\t\t\t\t\t\t\t\t<\/div>\n\t\t\t\t<\/div>\n\t\t\t\t<\/div>\n\t\t<div class=\"elementor-element elementor-element-891a970 e-con-full e-flex e-con e-child\" data-id=\"891a970\" data-element_type=\"container\" data-e-type=\"container\">\n\t\t\t\t<div class=\"elementor-element elementor-element-e6a7f95 elementor-widget__width-inherit elementor-widget elementor-widget-image\" data-id=\"e6a7f95\" data-element_type=\"widget\" data-e-type=\"widget\" data-widget_type=\"image.default\">\n\t\t\t\t\t\t\t\t\t\t\t\t\t\t\t<img fetchpriority=\"high\" decoding=\"async\" width=\"586\" height=\"1024\" src=\"https:\/\/neijin-qigong.com\/wp-content\/uploads\/2026\/04\/neijin-qigong-reiterstand_in-abendsonne-586x1024.webp\" class=\"attachment-large size-large wp-image-4228\" alt=\"Sch\u00fcler f\u00fchren Qiging-\u00dcbungen aus\" srcset=\"https:\/\/neijin-qigong.com\/wp-content\/uploads\/2026\/04\/neijin-qigong-reiterstand_in-abendsonne-586x1024.webp 586w, https:\/\/neijin-qigong.com\/wp-content\/uploads\/2026\/04\/neijin-qigong-reiterstand_in-abendsonne-172x300.webp 172w, https:\/\/neijin-qigong.com\/wp-content\/uploads\/2026\/04\/neijin-qigong-reiterstand_in-abendsonne-768x1342.webp 768w, https:\/\/neijin-qigong.com\/wp-content\/uploads\/2026\/04\/neijin-qigong-reiterstand_in-abendsonne-879x1536.webp 879w, https:\/\/neijin-qigong.com\/wp-content\/uploads\/2026\/04\/neijin-qigong-reiterstand_in-abendsonne.webp 949w\" sizes=\"(max-width: 586px) 100vw, 586px\" \/>\t\t\t\t\t\t\t\t\t\t\t\t\t\t\t<\/div>\n\t\t\t\t<\/div>\n\t\t\t\t<\/div>\n\t\t\t\t\t<\/div>\n\t\t\t\t<\/div>\n\t\t<div class=\"elementor-element elementor-element-62b0b76 e-flex e-con-boxed e-con e-parent\" data-id=\"62b0b76\" data-element_type=\"container\" data-e-type=\"container\" data-settings=\"{&quot;background_background&quot;:&quot;classic&quot;}\">\n\t\t\t\t\t<div class=\"e-con-inner\">\n\t\t<div class=\"elementor-element elementor-element-f129e47 e-con-full e-flex e-con e-child\" data-id=\"f129e47\" data-element_type=\"container\" data-e-type=\"container\">\n\t\t<div class=\"elementor-element elementor-element-aaa1f07 e-con-full e-flex e-con e-child\" data-id=\"aaa1f07\" data-element_type=\"container\" data-e-type=\"container\">\n\t\t\t\t<div class=\"elementor-element elementor-element-c9f8932 elementor-widget elementor-widget-heading\" data-id=\"c9f8932\" data-element_type=\"widget\" data-e-type=\"widget\" data-widget_type=\"heading.default\">\n\t\t\t\t\t<h2 class=\"elementor-heading-title elementor-size-default\">Therapeutic Approach<\/h2>\t\t\t\t<\/div>\n\t\t\t\t<div class=\"elementor-element elementor-element-112e72e elementor-widget__width-initial elementor-widget elementor-widget-heading\" data-id=\"112e72e\" data-element_type=\"widget\" data-e-type=\"widget\" data-widget_type=\"heading.default\">\n\t\t\t\t\t<p class=\"elementor-heading-title elementor-size-default\">Subtle perception. Clear guidance. <\/p>\t\t\t\t<\/div>\n\t\t\t\t<\/div>\n\t\t<div class=\"elementor-element elementor-element-b692a2d e-con-full e-flex e-con e-child\" data-id=\"b692a2d\" data-element_type=\"container\" data-e-type=\"container\">\n\t\t\t\t<div class=\"elementor-element elementor-element-b04e2a2 elementor-widget__width-initial elementor-widget elementor-widget-text-editor\" data-id=\"b04e2a2\" data-element_type=\"widget\" data-e-type=\"widget\" data-widget_type=\"text-editor.default\">\n\t\t\t\t\t\t\t\t\t<p>Buyin Zheng works with great presence and mindfulness. His therapeutic guidance creates a space where regulation, healing, and new stability can emerge. <\/p>\t\t\t\t\t\t\t\t<\/div>\n\t\t\t\t<\/div>\n\t\t\t\t<\/div>\n\t\t<div class=\"elementor-element elementor-element-1022a42 e-con-full e-flex e-con e-child\" data-id=\"1022a42\" data-element_type=\"container\" data-e-type=\"container\">\n\t\t<div class=\"elementor-element elementor-element-c90b40d e-con-full e-flex e-con e-child\" data-id=\"c90b40d\" data-element_type=\"container\" data-e-type=\"container\">\n\t\t\t\t<div class=\"elementor-element elementor-element-7157075 elementor-widget__width-inherit elementor-widget elementor-widget-image\" data-id=\"7157075\" data-element_type=\"widget\" data-e-type=\"widget\" data-widget_type=\"image.default\">\n\t\t\t\t\t\t\t\t\t\t\t\t\t\t\t<img decoding=\"async\" width=\"683\" height=\"1024\" src=\"https:\/\/neijin-qigong.com\/wp-content\/uploads\/2026\/04\/neijin-qigong-buyin-als-therapeut-1-683x1024.webp\" class=\"attachment-large size-large wp-image-4225\" alt=\"Buyin Zheng\" srcset=\"https:\/\/neijin-qigong.com\/wp-content\/uploads\/2026\/04\/neijin-qigong-buyin-als-therapeut-1-683x1024.webp 683w, https:\/\/neijin-qigong.com\/wp-content\/uploads\/2026\/04\/neijin-qigong-buyin-als-therapeut-1-200x300.webp 200w, https:\/\/neijin-qigong.com\/wp-content\/uploads\/2026\/04\/neijin-qigong-buyin-als-therapeut-1-768x1152.webp 768w, https:\/\/neijin-qigong.com\/wp-content\/uploads\/2026\/04\/neijin-qigong-buyin-als-therapeut-1-1024x1536.webp 1024w, https:\/\/neijin-qigong.com\/wp-content\/uploads\/2026\/04\/neijin-qigong-buyin-als-therapeut-1.webp 1280w\" sizes=\"(max-width: 683px) 100vw, 683px\" \/>\t\t\t\t\t\t\t\t\t\t\t\t\t\t\t<\/div>\n\t\t\t\t<\/div>\n\t\t<div class=\"elementor-element elementor-element-af92442 e-con-full e-flex e-con e-child\" data-id=\"af92442\" data-element_type=\"container\" data-e-type=\"container\">\n\t\t\t\t<div class=\"elementor-element elementor-element-70dc0cd elementor-widget elementor-widget-text-editor\" data-id=\"70dc0cd\" data-element_type=\"widget\" data-e-type=\"widget\" data-widget_type=\"text-editor.default\">\n\t\t\t\t\t\t\t\t\t<p>Providing impulses to enable self-healing<\/p>\t\t\t\t\t\t\t\t<\/div>\n\t\t\t\t<\/div>\n\t\t<div class=\"elementor-element elementor-element-845b4ab e-con-full e-flex e-con e-child\" data-id=\"845b4ab\" data-element_type=\"container\" data-e-type=\"container\">\n\t\t\t\t<div class=\"elementor-element elementor-element-e6ce202 elementor-widget__width-inherit elementor-widget elementor-widget-image\" data-id=\"e6ce202\" data-element_type=\"widget\" data-e-type=\"widget\" data-widget_type=\"image.default\">\n\t\t\t\t\t\t\t\t\t\t\t\t\t\t\t<img decoding=\"async\" width=\"683\" height=\"1024\" src=\"https:\/\/neijin-qigong.com\/wp-content\/uploads\/2026\/04\/neijin-qigong-buyin-als-therapeut-2-683x1024.webp\" class=\"attachment-large size-large wp-image-4226\" alt=\"Buyin Zheng\" srcset=\"https:\/\/neijin-qigong.com\/wp-content\/uploads\/2026\/04\/neijin-qigong-buyin-als-therapeut-2-683x1024.webp 683w, https:\/\/neijin-qigong.com\/wp-content\/uploads\/2026\/04\/neijin-qigong-buyin-als-therapeut-2-200x300.webp 200w, https:\/\/neijin-qigong.com\/wp-content\/uploads\/2026\/04\/neijin-qigong-buyin-als-therapeut-2-768x1152.webp 768w, https:\/\/neijin-qigong.com\/wp-content\/uploads\/2026\/04\/neijin-qigong-buyin-als-therapeut-2-1024x1536.webp 1024w, https:\/\/neijin-qigong.com\/wp-content\/uploads\/2026\/04\/neijin-qigong-buyin-als-therapeut-2.webp 1280w\" sizes=\"(max-width: 683px) 100vw, 683px\" \/>\t\t\t\t\t\t\t\t\t\t\t\t\t\t\t<\/div>\n\t\t\t\t<\/div>\n\t\t<div class=\"elementor-element elementor-element-4f9c165 e-con-full e-flex e-con e-child\" data-id=\"4f9c165\" data-element_type=\"container\" data-e-type=\"container\">\n\t\t\t\t<div class=\"elementor-element elementor-element-eb79808 elementor-widget elementor-widget-text-editor\" data-id=\"eb79808\" data-element_type=\"widget\" data-e-type=\"widget\" data-widget_type=\"text-editor.default\">\n\t\t\t\t\t\t\t\t\t<p lang=\"de-DE\">Finding balance through the free flow of life energy Qi<\/p>\t\t\t\t\t\t\t\t<\/div>\n\t\t\t\t<\/div>\n\t\t\t\t<\/div>\n\t\t\t\t\t<\/div>\n\t\t\t\t<\/div>\n\t\t<div class=\"elementor-element elementor-element-d6ccea5 e-flex e-con-boxed e-con e-parent\" data-id=\"d6ccea5\" data-element_type=\"container\" data-e-type=\"container\" data-settings=\"{&quot;background_background&quot;:&quot;classic&quot;}\">\n\t\t\t\t\t<div class=\"e-con-inner\">\n\t\t<div class=\"elementor-element elementor-element-4207e6f e-con-full e-flex e-con e-child\" data-id=\"4207e6f\" data-element_type=\"container\" data-e-type=\"container\" data-settings=\"{&quot;background_background&quot;:&quot;classic&quot;}\">\n\t\t\t\t<div class=\"elementor-element elementor-element-a4afda6 elementor-widget elementor-widget-heading\" data-id=\"a4afda6\" data-element_type=\"widget\" data-e-type=\"widget\" data-widget_type=\"heading.default\">\n\t\t\t\t\t<h2 class=\"elementor-heading-title elementor-size-default\">Any questions?<\/h2>\t\t\t\t<\/div>\n\t\t\t\t<div class=\"elementor-element elementor-element-b6d55aa elementor-widget elementor-widget-n-accordion\" data-id=\"b6d55aa\" data-element_type=\"widget\" data-e-type=\"widget\" data-settings=\"{&quot;default_state&quot;:&quot;expanded&quot;,&quot;max_items_expended&quot;:&quot;one&quot;,&quot;n_accordion_animation_duration&quot;:{&quot;unit&quot;:&quot;ms&quot;,&quot;size&quot;:400,&quot;sizes&quot;:[]}}\" data-widget_type=\"nested-accordion.default\">\n\t\t\t\t\t\t\t<div class=\"e-n-accordion\" aria-label=\"Accordion. Open links with Enter or Space, close with Escape, and navigate with Arrow Keys\">\n\t\t\t\t\t\t<details id=\"e-n-accordion-item-1910\" class=\"e-n-accordion-item\" open>\n\t\t\t\t<summary class=\"e-n-accordion-item-title\" data-accordion-index=\"1\" tabindex=\"0\" aria-expanded=\"true\" aria-controls=\"e-n-accordion-item-1910\" >\n\t\t\t\t\t<span class='e-n-accordion-item-title-header'><div class=\"e-n-accordion-item-title-text\"> Who is the therapeutic offering suitable for? <\/div><\/span>\n\t\t\t\t\t\t\t<span class='e-n-accordion-item-title-icon'>\n\t\t\t<span class='e-opened' ><svg aria-hidden=\"true\" class=\"e-font-icon-svg e-fas-chevron-up\" viewBox=\"0 0 448 512\" xmlns=\"http:\/\/www.w3.org\/2000\/svg\"><path d=\"M240.971 130.524l194.343 194.343c9.373 9.373 9.373 24.569 0 33.941l-22.667 22.667c-9.357 9.357-24.522 9.375-33.901.04L224 227.495 69.255 381.516c-9.379 9.335-24.544 9.317-33.901-.04l-22.667-22.667c-9.373-9.373-9.373-24.569 0-33.941L207.03 130.525c9.372-9.373 24.568-9.373 33.941-.001z\"><\/path><\/svg><\/span>\n\t\t\t<span class='e-closed'><svg aria-hidden=\"true\" class=\"e-font-icon-svg e-fas-chevron-down\" viewBox=\"0 0 448 512\" xmlns=\"http:\/\/www.w3.org\/2000\/svg\"><path d=\"M207.029 381.476L12.686 187.132c-9.373-9.373-9.373-24.569 0-33.941l22.667-22.667c9.357-9.357 24.522-9.375 33.901-.04L224 284.505l154.745-154.021c9.379-9.335 24.544-9.317 33.901.04l22.667 22.667c9.373 9.373 9.373 24.569 0 33.941L240.971 381.476c-9.373 9.372-24.569 9.372-33.942 0z\"><\/path><\/svg><\/span>\n\t\t<\/span>\n\n\t\t\t\t\t\t<\/summary>\n\t\t\t\t<div role=\"region\" aria-labelledby=\"e-n-accordion-item-1910\" class=\"elementor-element elementor-element-b4e81f4 e-con-full e-flex e-con e-child\" data-id=\"b4e81f4\" data-element_type=\"container\" data-e-type=\"container\">\n\t\t\t\t<div class=\"elementor-element elementor-element-bd74737 elementor-widget elementor-widget-text-editor\" data-id=\"bd74737\" data-element_type=\"widget\" data-e-type=\"widget\" data-widget_type=\"text-editor.default\">\n\t\t\t\t\t\t\t\t\tFor people seeking holistic support for health problems, blockages, or mental challenges.\t\t\t\t\t\t\t\t<\/div>\n\t\t\t\t<\/div>\n\t\t\t\t\t<\/details>\n\t\t\t\t\t\t<details id=\"e-n-accordion-item-1911\" class=\"e-n-accordion-item\" >\n\t\t\t\t<summary class=\"e-n-accordion-item-title\" data-accordion-index=\"2\" tabindex=\"-1\" aria-expanded=\"false\" aria-controls=\"e-n-accordion-item-1911\" >\n\t\t\t\t\t<span class='e-n-accordion-item-title-header'><div class=\"e-n-accordion-item-title-text\"> Which methods are used? <\/div><\/span>\n\t\t\t\t\t\t\t<span class='e-n-accordion-item-title-icon'>\n\t\t\t<span class='e-opened' ><svg aria-hidden=\"true\" class=\"e-font-icon-svg e-fas-chevron-up\" viewBox=\"0 0 448 512\" xmlns=\"http:\/\/www.w3.org\/2000\/svg\"><path d=\"M240.971 130.524l194.343 194.343c9.373 9.373 9.373 24.569 0 33.941l-22.667 22.667c-9.357 9.357-24.522 9.375-33.901.04L224 227.495 69.255 381.516c-9.379 9.335-24.544 9.317-33.901-.04l-22.667-22.667c-9.373-9.373-9.373-24.569 0-33.941L207.03 130.525c9.372-9.373 24.568-9.373 33.941-.001z\"><\/path><\/svg><\/span>\n\t\t\t<span class='e-closed'><svg aria-hidden=\"true\" class=\"e-font-icon-svg e-fas-chevron-down\" viewBox=\"0 0 448 512\" xmlns=\"http:\/\/www.w3.org\/2000\/svg\"><path d=\"M207.029 381.476L12.686 187.132c-9.373-9.373-9.373-24.569 0-33.941l22.667-22.667c9.357-9.357 24.522-9.375 33.901-.04L224 284.505l154.745-154.021c9.379-9.335 24.544-9.317 33.901.04l22.667 22.667c9.373 9.373 9.373 24.569 0 33.941L240.971 381.476c-9.373 9.372-24.569 9.372-33.942 0z\"><\/path><\/svg><\/span>\n\t\t<\/span>\n\n\t\t\t\t\t\t<\/summary>\n\t\t\t\t<div role=\"region\" aria-labelledby=\"e-n-accordion-item-1911\" class=\"elementor-element elementor-element-9245f33 e-flex e-con-boxed e-con e-child\" data-id=\"9245f33\" data-element_type=\"container\" data-e-type=\"container\">\n\t\t\t\t\t<div class=\"e-con-inner\">\n\t\t\t\t<div class=\"elementor-element elementor-element-6b50b88 elementor-widget elementor-widget-text-editor\" data-id=\"6b50b88\" data-element_type=\"widget\" data-e-type=\"widget\" data-widget_type=\"text-editor.default\">\n\t\t\t\t\t\t\t\t\tMainly Qigong, meditation techniques for transforming burdensome thoughts and emotions, Taidan\u00ae health massages, nutritional advice.\t\t\t\t\t\t\t\t<\/div>\n\t\t\t\t\t<\/div>\n\t\t\t\t<\/div>\n\t\t\t\t\t<\/details>\n\t\t\t\t\t\t<details id=\"e-n-accordion-item-1912\" class=\"e-n-accordion-item\" >\n\t\t\t\t<summary class=\"e-n-accordion-item-title\" data-accordion-index=\"3\" tabindex=\"-1\" aria-expanded=\"false\" aria-controls=\"e-n-accordion-item-1912\" >\n\t\t\t\t\t<span class='e-n-accordion-item-title-header'><div class=\"e-n-accordion-item-title-text\"> Is self-healing the focus? <\/div><\/span>\n\t\t\t\t\t\t\t<span class='e-n-accordion-item-title-icon'>\n\t\t\t<span class='e-opened' ><svg aria-hidden=\"true\" class=\"e-font-icon-svg e-fas-chevron-up\" viewBox=\"0 0 448 512\" xmlns=\"http:\/\/www.w3.org\/2000\/svg\"><path d=\"M240.971 130.524l194.343 194.343c9.373 9.373 9.373 24.569 0 33.941l-22.667 22.667c-9.357 9.357-24.522 9.375-33.901.04L224 227.495 69.255 381.516c-9.379 9.335-24.544 9.317-33.901-.04l-22.667-22.667c-9.373-9.373-9.373-24.569 0-33.941L207.03 130.525c9.372-9.373 24.568-9.373 33.941-.001z\"><\/path><\/svg><\/span>\n\t\t\t<span class='e-closed'><svg aria-hidden=\"true\" class=\"e-font-icon-svg e-fas-chevron-down\" viewBox=\"0 0 448 512\" xmlns=\"http:\/\/www.w3.org\/2000\/svg\"><path d=\"M207.029 381.476L12.686 187.132c-9.373-9.373-9.373-24.569 0-33.941l22.667-22.667c9.357-9.357 24.522-9.375 33.901-.04L224 284.505l154.745-154.021c9.379-9.335 24.544-9.317 33.901.04l22.667 22.667c9.373 9.373 9.373 24.569 0 33.941L240.971 381.476c-9.373 9.372-24.569 9.372-33.942 0z\"><\/path><\/svg><\/span>\n\t\t<\/span>\n\n\t\t\t\t\t\t<\/summary>\n\t\t\t\t<div role=\"region\" aria-labelledby=\"e-n-accordion-item-1912\" class=\"elementor-element elementor-element-4db61f6 e-flex e-con-boxed e-con e-child\" data-id=\"4db61f6\" data-element_type=\"container\" data-e-type=\"container\">\n\t\t\t\t\t<div class=\"e-con-inner\">\n\t\t\t\t<div class=\"elementor-element elementor-element-3b32903 elementor-widget elementor-widget-text-editor\" data-id=\"3b32903\" data-element_type=\"widget\" data-e-type=\"widget\" data-widget_type=\"text-editor.default\">\n\t\t\t\t\t\t\t\t\t<p>Yes. The goal is to activate and support the body&#8217;s natural regulatory powers. <\/p>\t\t\t\t\t\t\t\t<\/div>\n\t\t\t\t\t<\/div>\n\t\t\t\t<\/div>\n\t\t\t\t\t<\/details>\n\t\t\t\t\t<\/div>\n\t\t\t\t\t\t<\/div>\n\t\t\t\t<\/div>\n\t\t\t\t\t<\/div>\n\t\t\t\t<\/div>\n\t\t<div class=\"elementor-element elementor-element-63436e1 e-flex e-con-boxed e-con e-parent\" data-id=\"63436e1\" data-element_type=\"container\" data-e-type=\"container\" data-settings=\"{&quot;background_background&quot;:&quot;classic&quot;}\">\n\t\t\t\t\t<div class=\"e-con-inner\">\n\t\t<div class=\"elementor-element elementor-element-8685e46 e-con-full e-flex e-con e-child\" data-id=\"8685e46\" data-element_type=\"container\" data-e-type=\"container\" data-settings=\"{&quot;background_background&quot;:&quot;classic&quot;}\">\n\t\t\t\t<div class=\"elementor-element elementor-element-a2d2a88 elementor-widget elementor-widget-heading\" data-id=\"a2d2a88\" data-element_type=\"widget\" data-e-type=\"widget\" data-widget_type=\"heading.default\">\n\t\t\t\t\t<h2 class=\"elementor-heading-title elementor-size-default\">Start Qigong now and find your inner balance.<\/h2>\t\t\t\t<\/div>\n\t\t\t\t<div class=\"elementor-element elementor-element-1ddbfe7 elementor-widget elementor-widget-heading\" data-id=\"1ddbfe7\" data-element_type=\"widget\" data-e-type=\"widget\" data-widget_type=\"heading.default\">\n\t\t\t\t\t<p class=\"elementor-heading-title elementor-size-default\">Ready for your path?<\/p>\t\t\t\t<\/div>\n\t\t\t\t<div class=\"elementor-element elementor-element-6864d9a elementor-widget elementor-widget-text-editor\" data-id=\"6864d9a\" data-element_type=\"widget\" data-e-type=\"widget\" data-widget_type=\"text-editor.default\">\n\t\t\t\t\t\t\t\t\t<p>Whether it\u2019s a course, the online academy, or a retreat\u2014choose the starting point that suits you. Begin your journey to more calm, clarity, and health today.<\/p>\t\t\t\t\t\t\t\t<\/div>\n\t\t\t\t<div class=\"elementor-element elementor-element-4c8bf07 elementor-widget elementor-widget-button\" data-id=\"4c8bf07\" data-element_type=\"widget\" data-e-type=\"widget\" data-widget_type=\"button.default\">\n\t\t\t\t\t\t\t\t\t\t<a class=\"elementor-button elementor-button-link elementor-size-sm\" href=\"https:\/\/shop.neijin-qigong.com\/\" target=\"_blank\">\n\t\t\t\t\t\t<span class=\"elementor-button-content-wrapper\">\n\t\t\t\t\t\t\t\t\t<span class=\"elementor-button-text\">Book a course now<\/span>\n\t\t\t\t\t<\/span>\n\t\t\t\t\t<\/a>\n\t\t\t\t\t\t\t\t<\/div>\n\t\t\t\t<\/div>\n\t\t\t\t\t<\/div>\n\t\t\t\t<\/div>\n\t\t\t\t<\/div>\n\t\t","protected":false},"excerpt":{"rendered":"<p>Buyin Zheng as a Therapist Holistic guidance based on Traditional Chinese Medicine \u2013 with subtle perception, clarity, and deep understanding of energetic connections. Learn more Contact us Therapy in Harmony with Qi Traditional Chinese Medicine understands illness not as an isolated symptom, but as an expression of a disturbance in the free flow of Qi. [&hellip;]<\/p>\n","protected":false},"author":4,"featured_media":4226,"parent":4187,"menu_order":0,"comment_status":"closed","ping_status":"closed","template":"","meta":{"_acf_changed":false,"footnotes":""},"class_list":["post-4224","page","type-page","status-publish","has-post-thumbnail","hentry"],"acf":[],"_links":{"self":[{"href":"https:\/\/neijin-qigong.com\/en\/wp-json\/wp\/v2\/pages\/4224","targetHints":{"allow":["GET"]}}],"collection":[{"href":"https:\/\/neijin-qigong.com\/en\/wp-json\/wp\/v2\/pages"}],"about":[{"href":"https:\/\/neijin-qigong.com\/en\/wp-json\/wp\/v2\/types\/page"}],"author":[{"embeddable":true,"href":"https:\/\/neijin-qigong.com\/en\/wp-json\/wp\/v2\/users\/4"}],"replies":[{"embeddable":true,"href":"https:\/\/neijin-qigong.com\/en\/wp-json\/wp\/v2\/comments?post=4224"}],"version-history":[{"count":3,"href":"https:\/\/neijin-qigong.com\/en\/wp-json\/wp\/v2\/pages\/4224\/revisions"}],"predecessor-version":[{"id":4821,"href":"https:\/\/neijin-qigong.com\/en\/wp-json\/wp\/v2\/pages\/4224\/revisions\/4821"}],"up":[{"embeddable":true,"href":"https:\/\/neijin-qigong.com\/en\/wp-json\/wp\/v2\/pages\/4187"}],"wp:featuredmedia":[{"embeddable":true,"href":"https:\/\/neijin-qigong.com\/en\/wp-json\/wp\/v2\/media\/4226"}],"wp:attachment":[{"href":"https:\/\/neijin-qigong.com\/en\/wp-json\/wp\/v2\/media?parent=4224"}],"curies":[{"name":"wp","href":"https:\/\/api.w.org\/{rel}","templated":true}]}}