{"id":4468,"date":"2026-01-14T13:07:03","date_gmt":"2026-01-14T12:07:03","guid":{"rendered":"https:\/\/neijin-qigong.com\/teaching-methods\/meditation\/"},"modified":"2026-04-27T19:41:38","modified_gmt":"2026-04-27T17:41:38","slug":"meditation","status":"publish","type":"page","link":"https:\/\/neijin-qigong.com\/en\/teaching-methods\/meditation\/","title":{"rendered":"Meditation"},"content":{"rendered":"\t\t<div data-elementor-type=\"wp-page\" data-elementor-id=\"4468\" class=\"elementor elementor-4468 elementor-840\" data-elementor-post-type=\"page\">\n\t\t\t\t<div class=\"elementor-element elementor-element-c53ed95 e-flex e-con-boxed e-con e-parent\" data-id=\"c53ed95\" data-element_type=\"container\" data-e-type=\"container\" data-settings=\"{&quot;background_background&quot;:&quot;classic&quot;}\">\n\t\t\t\t\t<div class=\"e-con-inner\">\n\t\t\t\t<div class=\"elementor-element elementor-element-66bc21a elementor-widget__width-initial elementor-widget elementor-widget-heading\" data-id=\"66bc21a\" data-element_type=\"widget\" data-e-type=\"widget\" data-widget_type=\"heading.default\">\n\t\t\t\t\t<h1 class=\"elementor-heading-title elementor-size-default\">Meditation<\/h1>\t\t\t\t<\/div>\n\t\t\t\t<div class=\"elementor-element elementor-element-c209ca4 elementor-widget__width-initial elementor-widget elementor-widget-heading\" data-id=\"c209ca4\" data-element_type=\"widget\" data-e-type=\"widget\" data-widget_type=\"heading.default\">\n\t\t\t\t\t<p class=\"elementor-heading-title elementor-size-default\">In Shaolin Neijin Qigong, meditation is not a separate part of the practice, but occurs naturally during exercise. This allows the mind to focus and a state of alert presence to emerge. <\/p>\t\t\t\t<\/div>\n\t\t<div class=\"elementor-element elementor-element-b05e925 e-con-full e-flex e-con e-child\" data-id=\"b05e925\" data-element_type=\"container\" data-e-type=\"container\">\n\t\t\t\t<div class=\"elementor-element elementor-element-ae90677 elementor-widget elementor-widget-button\" data-id=\"ae90677\" data-element_type=\"widget\" data-e-type=\"widget\" data-widget_type=\"button.default\">\n\t\t\t\t\t\t\t\t\t\t<a class=\"elementor-button elementor-button-link elementor-size-sm\" href=\"#mehr-erfahren\">\n\t\t\t\t\t\t<span class=\"elementor-button-content-wrapper\">\n\t\t\t\t\t\t\t\t\t<span class=\"elementor-button-text\">Learn more<\/span>\n\t\t\t\t\t<\/span>\n\t\t\t\t\t<\/a>\n\t\t\t\t\t\t\t\t<\/div>\n\t\t\t\t<div class=\"elementor-element elementor-element-c0609e2 elementor-widget elementor-widget-button\" data-id=\"c0609e2\" data-element_type=\"widget\" data-e-type=\"widget\" data-widget_type=\"button.default\">\n\t\t\t\t\t\t\t\t\t\t<a class=\"elementor-button elementor-button-link elementor-size-sm\" href=\"https:\/\/neijin-qigong.com\/en\/contact\/\">\n\t\t\t\t\t\t<span class=\"elementor-button-content-wrapper\">\n\t\t\t\t\t\t\t\t\t<span class=\"elementor-button-text\">Contact us<\/span>\n\t\t\t\t\t<\/span>\n\t\t\t\t\t<\/a>\n\t\t\t\t\t\t\t\t<\/div>\n\t\t\t\t<\/div>\n\t\t\t\t\t<\/div>\n\t\t\t\t<\/div>\n\t\t<div class=\"elementor-element elementor-element-a6b146d e-flex e-con-boxed e-con e-parent\" data-id=\"a6b146d\" data-element_type=\"container\" data-e-type=\"container\" id=\"mehr-erfahren\" data-settings=\"{&quot;background_background&quot;:&quot;classic&quot;}\">\n\t\t\t\t\t<div class=\"e-con-inner\">\n\t\t<div class=\"elementor-element elementor-element-658a0b9 e-con-full e-flex e-con e-child\" data-id=\"658a0b9\" data-element_type=\"container\" data-e-type=\"container\">\n\t\t<div class=\"elementor-element elementor-element-342837e e-con-full e-flex e-con e-child\" data-id=\"342837e\" data-element_type=\"container\" data-e-type=\"container\">\n\t\t\t\t<div class=\"elementor-element elementor-element-310bbec elementor-widget elementor-widget-heading\" data-id=\"310bbec\" data-element_type=\"widget\" data-e-type=\"widget\" data-widget_type=\"heading.default\">\n\t\t\t\t\t<h2 class=\"elementor-heading-title elementor-size-default\">Stillness as a Natural Part of the Practice<\/h2>\t\t\t\t<\/div>\n\t\t\t\t<div class=\"elementor-element elementor-element-c87fa19 elementor-widget__width-initial elementor-widget elementor-widget-heading\" data-id=\"c87fa19\" data-element_type=\"widget\" data-e-type=\"widget\" data-widget_type=\"heading.default\">\n\t\t\t\t\t<p class=\"elementor-heading-title elementor-size-default\">Meditation in Shaolin Neijin Qigong<\/p>\t\t\t\t<\/div>\n\t\t\t\t<\/div>\n\t\t<div class=\"elementor-element elementor-element-5443a35 e-con-full e-flex e-con e-child\" data-id=\"5443a35\" data-element_type=\"container\" data-e-type=\"container\">\n\t\t\t\t<div class=\"elementor-element elementor-element-e0b160f elementor-widget__width-initial elementor-widget elementor-widget-text-editor\" data-id=\"e0b160f\" data-element_type=\"widget\" data-e-type=\"widget\" data-widget_type=\"text-editor.default\">\n\t\t\t\t\t\t\t\t\tIn Shaolin Neijin Qigong, meditation is not a separate area, but a vital part of every exercise. Both gentle movement forms and silent standing exercises lead to a state of alert presence and inner focus. The mind becomes calm, the breath natural, and attention is directed inward.  \t\t\t\t\t\t\t\t<\/div>\n\t\t\t\t<\/div>\n\t\t\t\t<\/div>\n\t\t<div class=\"elementor-element elementor-element-556f61c e-con-full e-flex e-con e-child\" data-id=\"556f61c\" data-element_type=\"container\" data-e-type=\"container\">\n\t\t<div class=\"elementor-element elementor-element-4aded3f e-con-full e-flex e-con e-child\" data-id=\"4aded3f\" data-element_type=\"container\" data-e-type=\"container\">\n\t\t\t\t<div class=\"elementor-element elementor-element-3e31aa4 elementor-widget__width-inherit elementor-widget elementor-widget-image\" data-id=\"3e31aa4\" data-element_type=\"widget\" data-e-type=\"widget\" data-widget_type=\"image.default\">\n\t\t\t\t\t\t\t\t\t\t\t\t\t\t\t<img fetchpriority=\"high\" decoding=\"async\" width=\"1880\" height=\"1052\" src=\"https:\/\/neijin-qigong.com\/wp-content\/uploads\/2026\/04\/neijin-qigong-meditation-1.webp\" class=\"attachment-full size-full wp-image-4469\" alt=\"Buyin Zheng Seated Exercise\" srcset=\"https:\/\/neijin-qigong.com\/wp-content\/uploads\/2026\/04\/neijin-qigong-meditation-1.webp 1880w, https:\/\/neijin-qigong.com\/wp-content\/uploads\/2026\/04\/neijin-qigong-meditation-1-300x168.webp 300w, https:\/\/neijin-qigong.com\/wp-content\/uploads\/2026\/04\/neijin-qigong-meditation-1-1024x573.webp 1024w, https:\/\/neijin-qigong.com\/wp-content\/uploads\/2026\/04\/neijin-qigong-meditation-1-768x430.webp 768w, https:\/\/neijin-qigong.com\/wp-content\/uploads\/2026\/04\/neijin-qigong-meditation-1-1536x860.webp 1536w\" sizes=\"(max-width: 1880px) 100vw, 1880px\" \/>\t\t\t\t\t\t\t\t\t\t\t\t\t\t\t<\/div>\n\t\t\t\t<\/div>\n\t\t<div class=\"elementor-element elementor-element-52dd584 e-con-full e-flex e-con e-child\" data-id=\"52dd584\" data-element_type=\"container\" data-e-type=\"container\">\n\t\t\t\t<div class=\"elementor-element elementor-element-7650b83 elementor-widget elementor-widget-text-editor\" data-id=\"7650b83\" data-element_type=\"widget\" data-e-type=\"widget\" data-widget_type=\"text-editor.default\">\n\t\t\t\t\t\t\t\t\t<p>Finding inner peace<br data-start=\"1106\" data-end=\"1109\">and connecting with oneself<\/p>\t\t\t\t\t\t\t\t<\/div>\n\t\t\t\t<\/div>\n\t\t<div class=\"elementor-element elementor-element-101c0a6 e-con-full e-flex e-con e-child\" data-id=\"101c0a6\" data-element_type=\"container\" data-e-type=\"container\">\n\t\t\t\t<div class=\"elementor-element elementor-element-b58b9ba elementor-widget__width-inherit elementor-widget elementor-widget-image\" data-id=\"b58b9ba\" data-element_type=\"widget\" data-e-type=\"widget\" data-widget_type=\"image.default\">\n\t\t\t\t\t\t\t\t\t\t\t\t\t\t\t<img decoding=\"async\" width=\"1920\" height=\"1280\" src=\"https:\/\/neijin-qigong.com\/wp-content\/uploads\/2026\/04\/neijin-qigong-meditation-2.webp\" class=\"attachment-full size-full wp-image-4470\" alt=\"Buyin Zheng in Nature\" srcset=\"https:\/\/neijin-qigong.com\/wp-content\/uploads\/2026\/04\/neijin-qigong-meditation-2.webp 1920w, https:\/\/neijin-qigong.com\/wp-content\/uploads\/2026\/04\/neijin-qigong-meditation-2-300x200.webp 300w, https:\/\/neijin-qigong.com\/wp-content\/uploads\/2026\/04\/neijin-qigong-meditation-2-1024x683.webp 1024w, https:\/\/neijin-qigong.com\/wp-content\/uploads\/2026\/04\/neijin-qigong-meditation-2-768x512.webp 768w, https:\/\/neijin-qigong.com\/wp-content\/uploads\/2026\/04\/neijin-qigong-meditation-2-1536x1024.webp 1536w\" sizes=\"(max-width: 1920px) 100vw, 1920px\" \/>\t\t\t\t\t\t\t\t\t\t\t\t\t\t\t<\/div>\n\t\t\t\t<\/div>\n\t\t<div class=\"elementor-element elementor-element-c74ed8c e-con-full e-flex e-con e-child\" data-id=\"c74ed8c\" data-element_type=\"container\" data-e-type=\"container\">\n\t\t\t\t<div class=\"elementor-element elementor-element-5665ac4 elementor-widget elementor-widget-text-editor\" data-id=\"5665ac4\" data-element_type=\"widget\" data-e-type=\"widget\" data-widget_type=\"text-editor.default\">\n\t\t\t\t\t\t\t\t\t<p>Finding clarity of mind<br data-start=\"1196\" data-end=\"1199\">in the flow of the exercise<\/p>\t\t\t\t\t\t\t\t<\/div>\n\t\t\t\t<\/div>\n\t\t\t\t<\/div>\n\t\t\t\t\t<\/div>\n\t\t\t\t<\/div>\n\t\t<div class=\"elementor-element elementor-element-420f441 e-flex e-con-boxed e-con e-parent\" data-id=\"420f441\" data-element_type=\"container\" data-e-type=\"container\" data-settings=\"{&quot;background_background&quot;:&quot;classic&quot;}\">\n\t\t\t\t\t<div class=\"e-con-inner\">\n\t\t<div class=\"elementor-element elementor-element-82c84a6 e-con-full e-flex e-con e-child\" data-id=\"82c84a6\" data-element_type=\"container\" data-e-type=\"container\">\n\t\t<div class=\"elementor-element elementor-element-5131fa2 e-con-full e-flex e-con e-child\" data-id=\"5131fa2\" data-element_type=\"container\" data-e-type=\"container\">\n\t\t<div class=\"elementor-element elementor-element-d2c3f24 e-con-full e-flex e-con e-child\" data-id=\"d2c3f24\" data-element_type=\"container\" data-e-type=\"container\">\n\t\t\t\t<div class=\"elementor-element elementor-element-719f361 elementor-widget__width-initial elementor-widget elementor-widget-heading\" data-id=\"719f361\" data-element_type=\"widget\" data-e-type=\"widget\" data-widget_type=\"heading.default\">\n\t\t\t\t\t<h2 class=\"elementor-heading-title elementor-size-default\">The Space of Inner Stillness<\/h2>\t\t\t\t<\/div>\n\t\t\t\t<div class=\"elementor-element elementor-element-671982b elementor-widget__width-initial elementor-widget elementor-widget-text-editor\" data-id=\"671982b\" data-element_type=\"widget\" data-e-type=\"widget\" data-widget_type=\"text-editor.default\">\n\t\t\t\t\t\t\t\t\t<p>The space of stillness opened by the exercises incorporates fundamental aspects of Chinese philosophy \u2013 the understanding of harmony, the constant change of all things, and the natural balance of forces. Meditation in Shaolin Neijin Qigong means constantly realigning oneself and coming into harmony with oneself, nature, and life. <\/p>\t\t\t\t\t\t\t\t<\/div>\n\t\t\t\t<\/div>\n\t\t<div class=\"elementor-element elementor-element-e02f321 e-con-full e-flex e-con e-child\" data-id=\"e02f321\" data-element_type=\"container\" data-e-type=\"container\">\n\t\t\t\t<div class=\"elementor-element elementor-element-bd08a57 elementor-widget__width-initial elementor-widget elementor-widget-heading\" data-id=\"bd08a57\" data-element_type=\"widget\" data-e-type=\"widget\" data-widget_type=\"heading.default\">\n\t\t\t\t\t<h3 class=\"elementor-heading-title elementor-size-default\">Developing Inner Clarity<\/h3>\t\t\t\t<\/div>\n\t\t\t\t<div class=\"elementor-element elementor-element-ce819a2 elementor-widget__width-initial elementor-widget elementor-widget-text-editor\" data-id=\"ce819a2\" data-element_type=\"widget\" data-e-type=\"widget\" data-widget_type=\"text-editor.default\">\n\t\t\t\t\t\t\t\t\t<p>Special meditations, for example on a mother&#8217;s love, the cultivation of compassion, or the transformation of anger, help to purify the mind and penetrate the depths of one&#8217;s own soul. Over time, a healing effect unfolds that noticeably clarifies and strengthens one&#8217;s life. This opens the view to deeper connections, and inner entanglements and recurring patterns begin to dissolve.  <\/p>\t\t\t\t\t\t\t\t<\/div>\n\t\t\t\t<\/div>\n\t\t<div class=\"elementor-element elementor-element-9190d0f e-con-full e-flex e-con e-child\" data-id=\"9190d0f\" data-element_type=\"container\" data-e-type=\"container\">\n\t\t\t\t<div class=\"elementor-element elementor-element-6492d6b elementor-widget__width-initial elementor-widget elementor-widget-heading\" data-id=\"6492d6b\" data-element_type=\"widget\" data-e-type=\"widget\" data-widget_type=\"heading.default\">\n\t\t\t\t\t<h3 class=\"elementor-heading-title elementor-size-default\">Discovering New Freedom<\/h3>\t\t\t\t<\/div>\n\t\t\t\t<div class=\"elementor-element elementor-element-1d346c6 elementor-widget__width-initial elementor-widget elementor-widget-text-editor\" data-id=\"1d346c6\" data-element_type=\"widget\" data-e-type=\"widget\" data-widget_type=\"text-editor.default\">\n\t\t\t\t\t\t\t\t\t<p>What is released within creates space: for a silent vastness, for clarity \u2013 and for a freedom that is no longer dependent on external circumstances.<\/p>\t\t\t\t\t\t\t\t<\/div>\n\t\t\t\t<\/div>\n\t\t\t\t<\/div>\n\t\t<div class=\"elementor-element elementor-element-5a42ed3 e-con-full e-flex e-con e-child\" data-id=\"5a42ed3\" data-element_type=\"container\" data-e-type=\"container\">\n\t\t\t\t<div class=\"elementor-element elementor-element-7abf1a7 elementor-widget__width-inherit elementor-widget elementor-widget-image\" data-id=\"7abf1a7\" data-element_type=\"widget\" data-e-type=\"widget\" data-widget_type=\"image.default\">\n\t\t\t\t\t\t\t\t\t\t\t\t\t\t\t<img decoding=\"async\" width=\"586\" height=\"1024\" src=\"https:\/\/neijin-qigong.com\/wp-content\/uploads\/2026\/04\/neijin-qigong-reiterstand_in-abendsonne-586x1024.webp\" class=\"attachment-large size-large wp-image-4228\" alt=\"Sch\u00fcler f\u00fchren Qiging-\u00dcbungen aus\" srcset=\"https:\/\/neijin-qigong.com\/wp-content\/uploads\/2026\/04\/neijin-qigong-reiterstand_in-abendsonne-586x1024.webp 586w, https:\/\/neijin-qigong.com\/wp-content\/uploads\/2026\/04\/neijin-qigong-reiterstand_in-abendsonne-172x300.webp 172w, https:\/\/neijin-qigong.com\/wp-content\/uploads\/2026\/04\/neijin-qigong-reiterstand_in-abendsonne-768x1342.webp 768w, https:\/\/neijin-qigong.com\/wp-content\/uploads\/2026\/04\/neijin-qigong-reiterstand_in-abendsonne-879x1536.webp 879w, https:\/\/neijin-qigong.com\/wp-content\/uploads\/2026\/04\/neijin-qigong-reiterstand_in-abendsonne.webp 949w\" sizes=\"(max-width: 586px) 100vw, 586px\" \/>\t\t\t\t\t\t\t\t\t\t\t\t\t\t\t<\/div>\n\t\t\t\t<\/div>\n\t\t\t\t<\/div>\n\t\t\t\t\t<\/div>\n\t\t\t\t<\/div>\n\t\t<div class=\"elementor-element elementor-element-7478eaee e-flex e-con-boxed e-con e-parent\" data-id=\"7478eaee\" data-element_type=\"container\" data-e-type=\"container\" data-settings=\"{&quot;background_background&quot;:&quot;classic&quot;}\">\n\t\t\t\t\t<div class=\"e-con-inner\">\n\t\t<div class=\"elementor-element elementor-element-d9ce84e e-con-full e-flex e-con e-child\" data-id=\"d9ce84e\" data-element_type=\"container\" data-e-type=\"container\">\n\t\t\t\t<div class=\"elementor-element elementor-element-65a18a56 elementor-widget__width-initial elementor-widget elementor-widget-heading\" data-id=\"65a18a56\" data-element_type=\"widget\" data-e-type=\"widget\" data-widget_type=\"heading.default\">\n\t\t\t\t\t<h2 class=\"elementor-heading-title elementor-size-default\">Free Audio Meditations<\/h2>\t\t\t\t<\/div>\n\t\t\t\t<div class=\"elementor-element elementor-element-4ee02c85 elementor-widget__width-initial elementor-widget elementor-widget-text-editor\" data-id=\"4ee02c85\" data-element_type=\"widget\" data-e-type=\"widget\" data-widget_type=\"text-editor.default\">\n\t\t\t\t\t\t\t\t\t<p>Various guided meditations are available on Buyin Zheng&#8217;s YouTube channel. They invite you to deepen your practice outside of the courses and to integrate moments of peace into your daily life. <\/p>\t\t\t\t\t\t\t\t<\/div>\n\t\t<div class=\"elementor-element elementor-element-87c551d e-con-full e-flex e-con e-child\" data-id=\"87c551d\" data-element_type=\"container\" data-e-type=\"container\">\n\t\t\t\t<div class=\"elementor-element elementor-element-5a81a3a3 elementor-widget elementor-widget-button\" data-id=\"5a81a3a3\" data-element_type=\"widget\" data-e-type=\"widget\" data-widget_type=\"button.default\">\n\t\t\t\t\t\t\t\t\t\t<a class=\"elementor-button elementor-button-link elementor-size-sm\" href=\"https:\/\/www.youtube.com\/channel\/UCcN6mrfSeKOazwAkuiNmlnA\/videos\" target=\"_blank\" rel=\"noopener\">\n\t\t\t\t\t\t<span class=\"elementor-button-content-wrapper\">\n\t\t\t\t\t\t\t\t\t<span class=\"elementor-button-text\">Go to YouTube Channel<\/span>\n\t\t\t\t\t<\/span>\n\t\t\t\t\t<\/a>\n\t\t\t\t\t\t\t\t<\/div>\n\t\t\t\t<div class=\"elementor-element elementor-element-da9c03b elementor-align-justify elementor-widget elementor-widget-button\" data-id=\"da9c03b\" data-element_type=\"widget\" data-e-type=\"widget\" data-widget_type=\"button.default\">\n\t\t\t\t\t\t\t\t\t\t<a class=\"elementor-button elementor-button-link elementor-size-sm\" href=\"https:\/\/neijin-qigong.com\/en\/offers\/audio-video\/audio\/\">\n\t\t\t\t\t\t<span class=\"elementor-button-content-wrapper\">\n\t\t\t\t\t\t\t\t\t<span class=\"elementor-button-text\">To the free audios<\/span>\n\t\t\t\t\t<\/span>\n\t\t\t\t\t<\/a>\n\t\t\t\t\t\t\t\t<\/div>\n\t\t\t\t<\/div>\n\t\t\t\t<\/div>\n\t\t<div class=\"elementor-element elementor-element-3c9b81f2 e-con-full e-flex e-con e-child\" data-id=\"3c9b81f2\" data-element_type=\"container\" data-e-type=\"container\">\n\t\t\t\t<div class=\"elementor-element elementor-element-4f35053 elementor-widget__width-inherit elementor-widget elementor-widget-image\" data-id=\"4f35053\" data-element_type=\"widget\" data-e-type=\"widget\" data-widget_type=\"image.default\">\n\t\t\t\t\t\t\t\t\t\t\t\t\t\t\t<img loading=\"lazy\" decoding=\"async\" width=\"1920\" height=\"1280\" src=\"https:\/\/neijin-qigong.com\/wp-content\/uploads\/2026\/04\/neijin-qigong-meditation-4.webp\" class=\"attachment-full size-full wp-image-4471\" alt=\"Buyin Zheng Close-up of Hands\" srcset=\"https:\/\/neijin-qigong.com\/wp-content\/uploads\/2026\/04\/neijin-qigong-meditation-4.webp 1920w, https:\/\/neijin-qigong.com\/wp-content\/uploads\/2026\/04\/neijin-qigong-meditation-4-300x200.webp 300w, https:\/\/neijin-qigong.com\/wp-content\/uploads\/2026\/04\/neijin-qigong-meditation-4-1024x683.webp 1024w, https:\/\/neijin-qigong.com\/wp-content\/uploads\/2026\/04\/neijin-qigong-meditation-4-768x512.webp 768w, https:\/\/neijin-qigong.com\/wp-content\/uploads\/2026\/04\/neijin-qigong-meditation-4-1536x1024.webp 1536w\" sizes=\"(max-width: 1920px) 100vw, 1920px\" \/>\t\t\t\t\t\t\t\t\t\t\t\t\t\t\t<\/div>\n\t\t\t\t<\/div>\n\t\t\t\t\t<\/div>\n\t\t\t\t<\/div>\n\t\t\t\t<\/div>\n\t\t","protected":false},"excerpt":{"rendered":"<p>Meditation In Shaolin Neijin Qigong, meditation is not a separate part of the practice, but occurs naturally during exercise. This allows the mind to focus and a state of alert presence to emerge. Learn more Contact us Stillness as a Natural Part of the Practice Meditation in Shaolin Neijin Qigong In Shaolin Neijin Qigong, meditation [&hellip;]<\/p>\n","protected":false},"author":4,"featured_media":4470,"parent":4418,"menu_order":0,"comment_status":"closed","ping_status":"closed","template":"","meta":{"_acf_changed":false,"footnotes":""},"class_list":["post-4468","page","type-page","status-publish","has-post-thumbnail","hentry"],"acf":[],"_links":{"self":[{"href":"https:\/\/neijin-qigong.com\/en\/wp-json\/wp\/v2\/pages\/4468","targetHints":{"allow":["GET"]}}],"collection":[{"href":"https:\/\/neijin-qigong.com\/en\/wp-json\/wp\/v2\/pages"}],"about":[{"href":"https:\/\/neijin-qigong.com\/en\/wp-json\/wp\/v2\/types\/page"}],"author":[{"embeddable":true,"href":"https:\/\/neijin-qigong.com\/en\/wp-json\/wp\/v2\/users\/4"}],"replies":[{"embeddable":true,"href":"https:\/\/neijin-qigong.com\/en\/wp-json\/wp\/v2\/comments?post=4468"}],"version-history":[{"count":2,"href":"https:\/\/neijin-qigong.com\/en\/wp-json\/wp\/v2\/pages\/4468\/revisions"}],"predecessor-version":[{"id":4712,"href":"https:\/\/neijin-qigong.com\/en\/wp-json\/wp\/v2\/pages\/4468\/revisions\/4712"}],"up":[{"embeddable":true,"href":"https:\/\/neijin-qigong.com\/en\/wp-json\/wp\/v2\/pages\/4418"}],"wp:featuredmedia":[{"embeddable":true,"href":"https:\/\/neijin-qigong.com\/en\/wp-json\/wp\/v2\/media\/4470"}],"wp:attachment":[{"href":"https:\/\/neijin-qigong.com\/en\/wp-json\/wp\/v2\/media?parent=4468"}],"curies":[{"name":"wp","href":"https:\/\/api.w.org\/{rel}","templated":true}]}}