{"id":17,"date":"2016-01-20T14:36:43","date_gmt":"2016-01-20T13:36:43","guid":{"rendered":"https:\/\/neijin-qigong.com\/englisch\/?page_id=17"},"modified":"2023-02-25T14:17:36","modified_gmt":"2023-02-25T13:17:36","slug":"legal-notice","status":"publish","type":"page","link":"https:\/\/neijin-qigong.com\/englisch\/legal-notice\/","title":{"rendered":"Legal Notice"},"content":{"rendered":"<div class=\"entry ns\">\n<p><strong>Internationale Neijin QiGong Akademie<\/strong><\/p>\n<p>Buyin Zheng<br \/>\nMoorenplatz 1<br \/>\n40225 D\u00fcsseldorf<\/p>\n<p>Tel.: + 49.(0) 176 \/ 727 51 341<\/p>\n<p>E-Mail: info[at]neijin-qigong.com<\/p>\n<p><strong>Haftungshinweis<\/strong><\/p>\n<p>Trotz sorgf\u00e4ltiger inhaltlicher Kontrolle \u00fcbernehmen wir keine Haftung f\u00fcr die Inhalte externer Links. F\u00fcr den Inhalt der verlinkten Seiten sind ausschlie\u00dflich deren Betreiber verantwortlich.<br \/>\nRechtshinweise<\/p>\n<p>Alle aufgef\u00fchrten Texte, Bilder, Grafiken, alle Gestaltungselemente dieser Internet-Seiten unterliegen dem Copyright der Internationalen Neijin QiGong Akademie. Unerlaubte Verwendung, Reproduktion oder Weitergabe einzelner Inhalte oder ganzer Seiten ist ohne Zustimmung nicht zul\u00e4ssig.<\/p>\n<p>Bilderquellen:<br \/>\n\u00a9 Marco2811 \u2013 Fotolia.com<br \/>\n\u00a9 Simone Fella<\/p>\n<p>Webdesign:\u00a0 <a href=\"http:\/\/www.werbeagentur-wicker.de\" target=\"_blank\" rel=\"noopener noreferrer\">Wicker | Agentur f\u00fcr Werbung<\/a><\/p>\n<\/div>\n","protected":false},"excerpt":{"rendered":"<p>Internationale Neijin QiGong Akademie Buyin Zheng Moorenplatz 1 40225 D\u00fcsseldorf Tel.: + 49.(0) 176 \/ 727 51 341 E-Mail: info[at]neijin-qigong.com Haftungshinweis Trotz sorgf\u00e4ltiger inhaltlicher Kontrolle \u00fcbernehmen wir keine Haftung f\u00fcr die Inhalte externer Links. F\u00fcr den Inhalt der verlinkten Seiten sind ausschlie\u00dflich deren Betreiber verantwortlich. Rechtshinweise Alle aufgef\u00fchrten Texte, Bilder, Grafiken, alle Gestaltungselemente dieser Internet-Seiten [&hellip;]<\/p>\n","protected":false},"author":3,"featured_media":47,"parent":0,"menu_order":100,"comment_status":"closed","ping_status":"closed","template":"","meta":{"footnotes":""},"class_list":["post-17","page","type-page","status-publish","has-post-thumbnail","hentry"],"yoast_head":"<!-- This site is optimized with the Yoast SEO plugin v26.3 - https:\/\/yoast.com\/wordpress\/plugins\/seo\/ -->\n<title>Legal Notice - Neijin Qigong (englisch)<\/title>\n<meta name=\"robots\" content=\"index, follow, max-snippet:-1, max-image-preview:large, max-video-preview:-1\" \/>\n<link rel=\"canonical\" href=\"https:\/\/neijin-qigong.com\/englisch\/legal-notice\/\" \/>\n<meta property=\"og:locale\" content=\"de_DE\" \/>\n<meta property=\"og:type\" content=\"article\" \/>\n<meta property=\"og:title\" content=\"Legal Notice - Neijin Qigong (englisch)\" \/>\n<meta property=\"og:description\" content=\"Internationale Neijin QiGong Akademie Buyin Zheng Moorenplatz 1 40225 D\u00fcsseldorf Tel.: + 49.(0) 176 \/ 727 51 341 E-Mail: info[at]neijin-qigong.com Haftungshinweis Trotz sorgf\u00e4ltiger inhaltlicher Kontrolle \u00fcbernehmen wir keine Haftung f\u00fcr die Inhalte externer Links. F\u00fcr den Inhalt der verlinkten Seiten sind ausschlie\u00dflich deren Betreiber verantwortlich. Rechtshinweise Alle aufgef\u00fchrten Texte, Bilder, Grafiken, alle Gestaltungselemente dieser Internet-Seiten [&hellip;]\" \/>\n<meta property=\"og:url\" content=\"https:\/\/neijin-qigong.com\/englisch\/legal-notice\/\" \/>\n<meta property=\"og:site_name\" content=\"Neijin Qigong (englisch)\" \/>\n<meta property=\"article:modified_time\" content=\"2023-02-25T13:17:36+00:00\" \/>\n<meta property=\"og:image\" content=\"https:\/\/neijin-qigong.com\/englisch\/wp-content\/uploads\/sites\/2\/2016\/01\/header-berge.jpg\" \/>\n\t<meta property=\"og:image:width\" content=\"1920\" \/>\n\t<meta property=\"og:image:height\" content=\"300\" \/>\n\t<meta property=\"og:image:type\" content=\"image\/jpeg\" \/>\n<meta name=\"twitter:card\" content=\"summary_large_image\" \/>\n<script type=\"application\/ld+json\" class=\"yoast-schema-graph\">{\"@context\":\"https:\/\/schema.org\",\"@graph\":[{\"@type\":\"WebPage\",\"@id\":\"https:\/\/neijin-qigong.com\/englisch\/legal-notice\/\",\"url\":\"https:\/\/neijin-qigong.com\/englisch\/legal-notice\/\",\"name\":\"Legal Notice - Neijin Qigong (englisch)\",\"isPartOf\":{\"@id\":\"https:\/\/neijin-qigong.com\/englisch\/#website\"},\"primaryImageOfPage\":{\"@id\":\"https:\/\/neijin-qigong.com\/englisch\/legal-notice\/#primaryimage\"},\"image\":{\"@id\":\"https:\/\/neijin-qigong.com\/englisch\/legal-notice\/#primaryimage\"},\"thumbnailUrl\":\"https:\/\/neijin-qigong.com\/englisch\/wp-content\/uploads\/sites\/2\/2016\/01\/header-berge.jpg\",\"datePublished\":\"2016-01-20T13:36:43+00:00\",\"dateModified\":\"2023-02-25T13:17:36+00:00\",\"breadcrumb\":{\"@id\":\"https:\/\/neijin-qigong.com\/englisch\/legal-notice\/#breadcrumb\"},\"inLanguage\":\"de\",\"potentialAction\":[{\"@type\":\"ReadAction\",\"target\":[\"https:\/\/neijin-qigong.com\/englisch\/legal-notice\/\"]}]},{\"@type\":\"ImageObject\",\"inLanguage\":\"de\",\"@id\":\"https:\/\/neijin-qigong.com\/englisch\/legal-notice\/#primaryimage\",\"url\":\"https:\/\/neijin-qigong.com\/englisch\/wp-content\/uploads\/sites\/2\/2016\/01\/header-berge.jpg\",\"contentUrl\":\"https:\/\/neijin-qigong.com\/englisch\/wp-content\/uploads\/sites\/2\/2016\/01\/header-berge.jpg\",\"width\":1920,\"height\":300},{\"@type\":\"BreadcrumbList\",\"@id\":\"https:\/\/neijin-qigong.com\/englisch\/legal-notice\/#breadcrumb\",\"itemListElement\":[{\"@type\":\"ListItem\",\"position\":1,\"name\":\"Startseite\",\"item\":\"https:\/\/neijin-qigong.com\/englisch\/\"},{\"@type\":\"ListItem\",\"position\":2,\"name\":\"Legal Notice\"}]},{\"@type\":\"WebSite\",\"@id\":\"https:\/\/neijin-qigong.com\/englisch\/#website\",\"url\":\"https:\/\/neijin-qigong.com\/englisch\/\",\"name\":\"Neijin Qigong (englisch)\",\"description\":\"International Neijin Qigong Institute\",\"potentialAction\":[{\"@type\":\"SearchAction\",\"target\":{\"@type\":\"EntryPoint\",\"urlTemplate\":\"https:\/\/neijin-qigong.com\/englisch\/?s={search_term_string}\"},\"query-input\":{\"@type\":\"PropertyValueSpecification\",\"valueRequired\":true,\"valueName\":\"search_term_string\"}}],\"inLanguage\":\"de\"}]}<\/script>\n<!-- \/ Yoast SEO plugin. -->","yoast_head_json":{"title":"Legal Notice - Neijin Qigong (englisch)","robots":{"index":"index","follow":"follow","max-snippet":"max-snippet:-1","max-image-preview":"max-image-preview:large","max-video-preview":"max-video-preview:-1"},"canonical":"https:\/\/neijin-qigong.com\/englisch\/legal-notice\/","og_locale":"de_DE","og_type":"article","og_title":"Legal Notice - Neijin Qigong (englisch)","og_description":"Internationale Neijin QiGong Akademie Buyin Zheng Moorenplatz 1 40225 D\u00fcsseldorf Tel.: + 49.(0) 176 \/ 727 51 341 E-Mail: info[at]neijin-qigong.com Haftungshinweis Trotz sorgf\u00e4ltiger inhaltlicher Kontrolle \u00fcbernehmen wir keine Haftung f\u00fcr die Inhalte externer Links. F\u00fcr den Inhalt der verlinkten Seiten sind ausschlie\u00dflich deren Betreiber verantwortlich. Rechtshinweise Alle aufgef\u00fchrten Texte, Bilder, Grafiken, alle Gestaltungselemente dieser Internet-Seiten [&hellip;]","og_url":"https:\/\/neijin-qigong.com\/englisch\/legal-notice\/","og_site_name":"Neijin Qigong (englisch)","article_modified_time":"2023-02-25T13:17:36+00:00","og_image":[{"width":1920,"height":300,"url":"https:\/\/neijin-qigong.com\/englisch\/wp-content\/uploads\/sites\/2\/2016\/01\/header-berge.jpg","type":"image\/jpeg"}],"twitter_card":"summary_large_image","schema":{"@context":"https:\/\/schema.org","@graph":[{"@type":"WebPage","@id":"https:\/\/neijin-qigong.com\/englisch\/legal-notice\/","url":"https:\/\/neijin-qigong.com\/englisch\/legal-notice\/","name":"Legal Notice - Neijin Qigong (englisch)","isPartOf":{"@id":"https:\/\/neijin-qigong.com\/englisch\/#website"},"primaryImageOfPage":{"@id":"https:\/\/neijin-qigong.com\/englisch\/legal-notice\/#primaryimage"},"image":{"@id":"https:\/\/neijin-qigong.com\/englisch\/legal-notice\/#primaryimage"},"thumbnailUrl":"https:\/\/neijin-qigong.com\/englisch\/wp-content\/uploads\/sites\/2\/2016\/01\/header-berge.jpg","datePublished":"2016-01-20T13:36:43+00:00","dateModified":"2023-02-25T13:17:36+00:00","breadcrumb":{"@id":"https:\/\/neijin-qigong.com\/englisch\/legal-notice\/#breadcrumb"},"inLanguage":"de","potentialAction":[{"@type":"ReadAction","target":["https:\/\/neijin-qigong.com\/englisch\/legal-notice\/"]}]},{"@type":"ImageObject","inLanguage":"de","@id":"https:\/\/neijin-qigong.com\/englisch\/legal-notice\/#primaryimage","url":"https:\/\/neijin-qigong.com\/englisch\/wp-content\/uploads\/sites\/2\/2016\/01\/header-berge.jpg","contentUrl":"https:\/\/neijin-qigong.com\/englisch\/wp-content\/uploads\/sites\/2\/2016\/01\/header-berge.jpg","width":1920,"height":300},{"@type":"BreadcrumbList","@id":"https:\/\/neijin-qigong.com\/englisch\/legal-notice\/#breadcrumb","itemListElement":[{"@type":"ListItem","position":1,"name":"Startseite","item":"https:\/\/neijin-qigong.com\/englisch\/"},{"@type":"ListItem","position":2,"name":"Legal Notice"}]},{"@type":"WebSite","@id":"https:\/\/neijin-qigong.com\/englisch\/#website","url":"https:\/\/neijin-qigong.com\/englisch\/","name":"Neijin Qigong (englisch)","description":"International Neijin Qigong Institute","potentialAction":[{"@type":"SearchAction","target":{"@type":"EntryPoint","urlTemplate":"https:\/\/neijin-qigong.com\/englisch\/?s={search_term_string}"},"query-input":{"@type":"PropertyValueSpecification","valueRequired":true,"valueName":"search_term_string"}}],"inLanguage":"de"}]}},"_links":{"self":[{"href":"https:\/\/neijin-qigong.com\/englisch\/wp-json\/wp\/v2\/pages\/17","targetHints":{"allow":["GET"]}}],"collection":[{"href":"https:\/\/neijin-qigong.com\/englisch\/wp-json\/wp\/v2\/pages"}],"about":[{"href":"https:\/\/neijin-qigong.com\/englisch\/wp-json\/wp\/v2\/types\/page"}],"author":[{"embeddable":true,"href":"https:\/\/neijin-qigong.com\/englisch\/wp-json\/wp\/v2\/users\/3"}],"replies":[{"embeddable":true,"href":"https:\/\/neijin-qigong.com\/englisch\/wp-json\/wp\/v2\/comments?post=17"}],"version-history":[{"count":4,"href":"https:\/\/neijin-qigong.com\/englisch\/wp-json\/wp\/v2\/pages\/17\/revisions"}],"predecessor-version":[{"id":460,"href":"https:\/\/neijin-qigong.com\/englisch\/wp-json\/wp\/v2\/pages\/17\/revisions\/460"}],"wp:featuredmedia":[{"embeddable":true,"href":"https:\/\/neijin-qigong.com\/englisch\/wp-json\/wp\/v2\/media\/47"}],"wp:attachment":[{"href":"https:\/\/neijin-qigong.com\/englisch\/wp-json\/wp\/v2\/media?parent=17"}],"curies":[{"name":"wp","href":"https:\/\/api.w.org\/{rel}","templated":true}]}}