{"id":106,"date":"2016-11-07T13:04:59","date_gmt":"2016-11-07T12:04:59","guid":{"rendered":"https:\/\/neijin-qigong.com\/fr\/?page_id=106"},"modified":"2016-12-22T11:43:00","modified_gmt":"2016-12-22T10:43:00","slug":"la-sante-par-le-qi-gong","status":"publish","type":"page","link":"https:\/\/neijin-qigong.com\/fr\/qigong\/la-sante-par-le-qi-gong\/","title":{"rendered":"La sant\u00e9 par le Qigong"},"content":{"rendered":"<h3><strong>Les causes de la maladie<\/strong><\/h3>\n<p>Selon la m\u00e9decine traditionnelle chinoise, les d\u00e9s\u00e9quilibres et les blocages dans la circulation de l\u2019\u00e9nergie sont \u00e0 l\u2019origine de l\u2019apparition de maladies.\u00a0 Les conditions de vie internes et externes\u00a0 sont \u00e0 l\u2019origine de ces blocages. Ces conditions peuvent \u00eatre entre autres\u00a0: une mauvaise nutrition, les polluants, des habitudes comportementales ou alimentaires nocives, une situation de stress qui perdure, des soucis, l\u2019insatisfaction, la jalousie ainsi que la col\u00e8re.<\/p>\n<h3><strong>Le Qi Gong pour la pr\u00e9vention et la gu\u00e9rison<\/strong><\/h3>\n<p>Le Qi Gong authentique, qui a pour but la dissolution des blocages et la stimulation d\u2019une circulation fluide de l\u2019\u00e9nergie, est la m\u00e9thode id\u00e9ale pour pr\u00e9venir l\u2019apparition de maladies, voire gu\u00e9rir une maladie d\u00e9clar\u00e9e, en s\u2019appuyant sur sa propre force. Les exercices aident \u00e0 recueillir une \u00e9nergie vigoureuse. La lev\u00e9e des blocages permet d\u2019\u00e9liminer du corps\u00a0 l\u2019\u00e9nergie us\u00e9e, les poisons et les lests. Il en r\u00e9sulte une libre circulation du Qi dans les m\u00e9ridiens. Le ressenti \u00e9motionnel s\u2019harmonise, et l\u2019\u00e9change entre le corps et l\u2019esprit n\u2019est plus perturb\u00e9.<\/p>\n<p>Le Qi Gong authentique a fait ses preuves aussi bien au niveau pr\u00e9ventif, qu\u2019au niveau du traitement d\u2019appoint, voire du traitement de la cause des maladies ou des maux suivants\u00a0:<\/p>\n<table border=\"1\" cellspacing=\"0\" cellpadding=\"5\">\n<tbody>\n<tr valign=\"top\">\n<td>Syst\u00e8me respiratoire<\/td>\n<td>Allergies, Rhume, difficult\u00e9s respiratoires, asthme, inflammations refroidissements, Rhinites<\/td>\n<\/tr>\n<tr valign=\"top\">\n<td>Psychisme et syst\u00e8me nerveux<\/td>\n<td>Peur, agitation, cauchemars, insomnie, d\u00e9pression, \u00e9puisement, fatigue chronique, n\u00e9vralgies du trijumeau,\u00a0 d\u00e9pendance au tabac, troubles de la m\u00e9moire,\u00a0 faiblesse d\u2019attention et de concentration, jambes sans repos<\/td>\n<\/tr>\n<tr valign=\"top\">\n<td>Syst\u00e8me de digestion<\/td>\n<td>Flatulences, douleurs et br\u00fblures d\u2019estomac, inflammation de la muqueuse de l\u2019estomac (gastrite), maladies du conduit biliaire, inflammation du foie, inflammation des intestins, diarrh\u00e9e, constipation, h\u00e9morro\u00efdes<\/td>\n<\/tr>\n<tr valign=\"top\">\n<td>Maladies de voies urinaires, maladies urog\u00e9nitales<\/td>\n<td>Inflammation de la vessie (Cystites), incontinence, inflammation des reins, hypertrophie de la prostate<\/td>\n<\/tr>\n<tr valign=\"top\">\n<td>Syst\u00e8me hormonal\u00a0 syst\u00e8me de reproduction<\/td>\n<td>Syndrome pr\u00e9menstruel, perturbation du cycle menstruel, fibromes, inflammation de l\u2019ut\u00e9rus, probl\u00e8mes li\u00e9s \u00e0 la m\u00e9nopause, probl\u00e8mes de fertilit\u00e9, maladies gyn\u00e9cologiques, probl\u00e8mes d\u2019\u00e9rection, infertilit\u00e9<\/td>\n<\/tr>\n<tr valign=\"top\">\n<td>M\u00e9tabolisme<\/td>\n<td>Diab\u00e8te, maladies de la thyro\u00efde, perturbation du m\u00e9tabolisme<\/td>\n<\/tr>\n<tr valign=\"top\">\n<td>Appareil de locomotion<\/td>\n<td>Douleurs de dos, probl\u00e8mes de colonne vert\u00e9brale, lumbago, nerf sciatique, probl\u00e8mes osseux, maladies des articulations, rhumatisme, arthrose, goutte, crampes musculaires, douleurs musculaires, enflure, douleurs d\u2019\u00e9paules et de bras<\/td>\n<\/tr>\n<tr valign=\"top\">\n<td>C\u0153ur et circulation sanguine<\/td>\n<td>Hypertension,\u00a0 hypotension, mains et pieds froids (probl\u00e8mes de circulation sanguine), faiblesse cardiaque, tachycardie,\u00a0 probl\u00e8mes de veines, varices<\/td>\n<\/tr>\n<tr valign=\"top\">\n<td>Maladies de la peau<\/td>\n<td>Inflammations, acn\u00e9, herpes, d\u00e9mangeaisons, n\u00e9vrodermite<\/td>\n<\/tr>\n<tr valign=\"top\">\n<td>Organe des sens, maladies de la gorge, du nez et des oreilles<\/td>\n<td>Douleurs des oreilles, d\u00e9t\u00e9rioration auditive, acouph\u00e8nes, maladies des yeux.<\/td>\n<\/tr>\n<tr valign=\"top\">\n<td>Autres maladies et douleurs<\/td>\n<td>Maux de t\u00eates, migraines, tensions, sensations de vertiges, douleurs de dents, probl\u00e8mes digestifs (anorexie, boulimie, ob\u00e9sit\u00e9) maladies sanguines, maladie de tous les syst\u00e8mes d\u2019organes, scl\u00e9rose en plaques, fibromyalgie, engourdissement dans les extr\u00e9mit\u00e9s, s\u00e9quelles d\u2019un accident vasculaire c\u00e9r\u00e9bral (AVC), d\u00e9but de paralysie, cancers, tumeur cervicale, maladie vasculaire c\u00e9r\u00e9brale<\/td>\n<\/tr>\n<\/tbody>\n<\/table>\n<p>&nbsp;<\/p>\n<p>Le Qi Gong repose sur des exercices statiques et en mouvement, r\u00e9alis\u00e9s avec une respiration naturelle et des pens\u00e9es positives. Les exercices, facilement assimilables, contribuent de fa\u00e7on simple \u00e0 surmonter les souffrances physiques et psychiques.\u00a0 M\u00eame le cours de certaines maladies lourdes ou chroniques peut \u00eatre positivement influenc\u00e9 dans beaucoup de cas. D\u2019autres effets positifs sont\u00a0 l\u2019am\u00e9lioration des performances personnelles, une profonde d\u00e9tente, une r\u00e9elle diminution du stress, et un retardement du vieillissement pr\u00e9matur\u00e9.<\/p>\n<p>Dans la pratique, les exercices de Qi Gong peuvent \u00eatre accompagn\u00e9s de visualisation ou de sons qui gu\u00e9rissent.<\/p>\n<h3><strong>Transfert d\u2019\u00e9nergie<br \/>\n<\/strong><\/h3>\n<p>Une particularit\u00e9\u00a0 remarquable des quelques rares formes authentiques de Qi Gong est le transfert d\u2019\u00e9nergie. Par ce biais, l\u2019initi\u00e9 au Qi Gong fonctionne comme un canal ouvert, par lequel il\u00a0 transmet\u00a0 un \u00ab\u00a0Qi\u00a0\u00bb gu\u00e9risseur qui s\u2019\u00e9coule \u00e0 travers les m\u00e9ridiens du malade ou de la personne bloqu\u00e9e, et ouvre ainsi ces m\u00e9ridiens. Cette exceptionnelle action \u00e9nerg\u00e9tique bienfaisante va \u00eatre ressentie par celui qui re\u00e7oit l\u2019\u00e9nergie comme une chaleur ou un fourmillement, ou tout simplement comme un agr\u00e9able effet de d\u00e9tente.<\/p>\n<p>La transmission d\u2019\u00e9nergie peut avoir des effets internes ou externes visibles, comme des impulsions de mouvements. Pour exercer ce transfert d\u2019\u00e9nergie, il est obligatoire d\u2019y \u00eatre form\u00e9\u00a0 puis agr\u00e9\u00e9 par un ma\u00eetre. Cette pratique demande une importante int\u00e9grit\u00e9 morale du pratiquant, et\u00a0 la confiance de celui qui re\u00e7oit.<\/p>\n\n\t\t<style type=\"text\/css\">\n\t\t\t#gallery-1 {\n\t\t\t\tmargin: auto;\n\t\t\t}\n\t\t\t#gallery-1 .gallery-item {\n\t\t\t\tfloat: left;\n\t\t\t\tmargin-top: 10px;\n\t\t\t\ttext-align: center;\n\t\t\t\twidth: 33%;\n\t\t\t}\n\t\t\t#gallery-1 img {\n\t\t\t\tborder: 2px solid #cfcfcf;\n\t\t\t}\n\t\t\t#gallery-1 .gallery-caption {\n\t\t\t\tmargin-left: 0;\n\t\t\t}\n\t\t\t\/* see gallery_shortcode() in wp-includes\/media.php *\/\n\t\t<\/style>\n\t\t<div id='gallery-1' class='gallery galleryid-106 gallery-columns-3 gallery-size-medium'><dl class='gallery-item'>\n\t\t\t<dt class='gallery-icon landscape'>\n\t\t\t\t<a href='https:\/\/neijin-qigong.com\/fr\/wp-content\/uploads\/sites\/3\/2016\/11\/Energie\u00fcbertragung_001.jpg' rel=\"lightbox[gallery-0]\"><img fetchpriority=\"high\" decoding=\"async\" width=\"300\" height=\"200\" src=\"https:\/\/neijin-qigong.com\/fr\/wp-content\/uploads\/sites\/3\/2016\/11\/Energie\u00fcbertragung_001-300x200.jpg\" class=\"attachment-medium size-medium\" alt=\"\" srcset=\"https:\/\/neijin-qigong.com\/fr\/wp-content\/uploads\/sites\/3\/2016\/11\/Energie\u00fcbertragung_001-300x200.jpg 300w, https:\/\/neijin-qigong.com\/fr\/wp-content\/uploads\/sites\/3\/2016\/11\/Energie\u00fcbertragung_001-768x512.jpg 768w, https:\/\/neijin-qigong.com\/fr\/wp-content\/uploads\/sites\/3\/2016\/11\/Energie\u00fcbertragung_001-481x321.jpg 481w, https:\/\/neijin-qigong.com\/fr\/wp-content\/uploads\/sites\/3\/2016\/11\/Energie\u00fcbertragung_001-450x300.jpg 450w, https:\/\/neijin-qigong.com\/fr\/wp-content\/uploads\/sites\/3\/2016\/11\/Energie\u00fcbertragung_001.jpg 900w\" sizes=\"(max-width: 300px) 100vw, 300px\" \/><\/a>\n\t\t\t<\/dt><\/dl><dl class='gallery-item'>\n\t\t\t<dt class='gallery-icon landscape'>\n\t\t\t\t<a href='https:\/\/neijin-qigong.com\/fr\/wp-content\/uploads\/sites\/3\/2016\/11\/Energie\u00fcbertragung_002.jpg' rel=\"lightbox[gallery-0]\"><img decoding=\"async\" width=\"300\" height=\"200\" src=\"https:\/\/neijin-qigong.com\/fr\/wp-content\/uploads\/sites\/3\/2016\/11\/Energie\u00fcbertragung_002-300x200.jpg\" class=\"attachment-medium size-medium\" alt=\"\" srcset=\"https:\/\/neijin-qigong.com\/fr\/wp-content\/uploads\/sites\/3\/2016\/11\/Energie\u00fcbertragung_002-300x200.jpg 300w, https:\/\/neijin-qigong.com\/fr\/wp-content\/uploads\/sites\/3\/2016\/11\/Energie\u00fcbertragung_002-768x512.jpg 768w, https:\/\/neijin-qigong.com\/fr\/wp-content\/uploads\/sites\/3\/2016\/11\/Energie\u00fcbertragung_002-481x321.jpg 481w, https:\/\/neijin-qigong.com\/fr\/wp-content\/uploads\/sites\/3\/2016\/11\/Energie\u00fcbertragung_002-450x300.jpg 450w, https:\/\/neijin-qigong.com\/fr\/wp-content\/uploads\/sites\/3\/2016\/11\/Energie\u00fcbertragung_002.jpg 900w\" sizes=\"(max-width: 300px) 100vw, 300px\" \/><\/a>\n\t\t\t<\/dt><\/dl><dl class='gallery-item'>\n\t\t\t<dt class='gallery-icon landscape'>\n\t\t\t\t<a href='https:\/\/neijin-qigong.com\/fr\/wp-content\/uploads\/sites\/3\/2016\/11\/Energie\u00fcbertragung_003.jpg' rel=\"lightbox[gallery-0]\"><img decoding=\"async\" width=\"300\" height=\"200\" src=\"https:\/\/neijin-qigong.com\/fr\/wp-content\/uploads\/sites\/3\/2016\/11\/Energie\u00fcbertragung_003-300x200.jpg\" class=\"attachment-medium size-medium\" alt=\"\" srcset=\"https:\/\/neijin-qigong.com\/fr\/wp-content\/uploads\/sites\/3\/2016\/11\/Energie\u00fcbertragung_003-300x200.jpg 300w, https:\/\/neijin-qigong.com\/fr\/wp-content\/uploads\/sites\/3\/2016\/11\/Energie\u00fcbertragung_003-768x512.jpg 768w, https:\/\/neijin-qigong.com\/fr\/wp-content\/uploads\/sites\/3\/2016\/11\/Energie\u00fcbertragung_003-481x321.jpg 481w, https:\/\/neijin-qigong.com\/fr\/wp-content\/uploads\/sites\/3\/2016\/11\/Energie\u00fcbertragung_003-450x300.jpg 450w, https:\/\/neijin-qigong.com\/fr\/wp-content\/uploads\/sites\/3\/2016\/11\/Energie\u00fcbertragung_003.jpg 900w\" sizes=\"(max-width: 300px) 100vw, 300px\" \/><\/a>\n\t\t\t<\/dt><\/dl><br style=\"clear: both\" \/>\n\t\t<\/div>\n\n<h3><strong>Qi Gong dans l\u2019usage quotidien<\/strong><\/h3>\n<p>Les effets du Qi Gong le pr\u00e9destinent \u00e0 son application dans les traitements m\u00e9dicaux, m\u00eame\u00a0 en cas de maladies graves. C\u2019est ainsi que des centres de traitement en oncologie comme celui de la clinique universitaire d\u2019Essen se sont ouverts\u00a0 \u00e0 ces m\u00e9thodes de traitement, et ont int\u00e9gr\u00e9 le Qi Gong avec beaucoup de succ\u00e8s dans le spectre de traitements des maladies oncologiques graves.<\/p>\n<p>L\u2019effet intensif des exercices de Qi Gong a entre- temps \u00e9t\u00e9 reconnu dans beaucoup de domaines o\u00f9 la performance, l\u2019endurance, les comp\u00e9tences relationnelles, la comp\u00e9tence manag\u00e9riale sont requises. Beaucoup de professionnels, tels que des sportifs de haut niveau, des musiciens, des avocats, des artistes, des ing\u00e9nieurs, s\u2019appuient sur les effets du Qi Gong authentique.<\/p>\n<h3><strong>Le Qi Gong et la recherche<\/strong><\/h3>\n<p>Il\u00a0\u00a0 existe de nombreuses enqu\u00eates\u00a0 empiriques sur l\u2019efficacit\u00e9 des exercices de Qi Gong. Il s\u2019agit l\u00e0 essentiellement de rapports d\u2019\u00e9valuations cliniques. Les appr\u00e9ciations clairement positives des participants ont conduit \u00e0 l\u2019int\u00e9gration d\u2019exercices de Qi Gong dans les protocoles de soins de nombreuses cliniques et de centres de r\u00e9habilitation. Plusieurs de ces recherches concluent \u00e0 une modulation du syst\u00e8me immunitaire, voire \u00e0 sa stimulation.<\/p>\n<p>Sont \u00e9galement connus les r\u00e9sultats des recherches empiriques dans le secteur de la g\u00e9riatrie, qui ont pu d\u00e9montrer que des exercices de Tai-chi-chuan, qui peuvent \u00eatre consid\u00e9r\u00e9s comme une forme de mouvements simplifi\u00e9s de Qi Gong, permettent de r\u00e9duire fortement le risque de chute des patients \u00e2g\u00e9s. De nouvelles \u00e9tudes s\u2019int\u00e9ressent \u00e0 l\u2019effet des exercices du Qi Gong sur des \u00e9l\u00e8ves souffrant de troubles de l\u2019attention.<\/p>\n<p>En outre, il a \u00e9t\u00e9 fait recours en Chine \u00e0 la technologie de l\u2019imagerie (par exemple la thermographie) qui a pu prouver que le Qi \u00e9tait visible en image, se traduisant par une temp\u00e9rature plus \u00e9lev\u00e9e. Dans le but d\u2019une recherche critique il est \u00e0 esp\u00e9rer que dans le futur des recherches syst\u00e9matiques soient r\u00e9alis\u00e9es quant \u00e0 l&#8217;action du Qi Gong sur un nombre \u00e9lev\u00e9 de cas.<\/p>\n<p>&nbsp;<\/p>\n","protected":false},"excerpt":{"rendered":"<p>Les causes de la maladie Selon la m\u00e9decine traditionnelle chinoise, les d\u00e9s\u00e9quilibres et les blocages dans la circulation de l\u2019\u00e9nergie sont \u00e0 l\u2019origine de l\u2019apparition de maladies.\u00a0 Les conditions de vie internes et externes\u00a0 sont \u00e0 l\u2019origine de ces blocages. Ces conditions peuvent \u00eatre entre autres\u00a0: une mauvaise nutrition, les polluants, des habitudes comportementales ou [&hellip;]<\/p>\n","protected":false},"author":4,"featured_media":107,"parent":26,"menu_order":0,"comment_status":"closed","ping_status":"closed","template":"","meta":{"footnotes":""},"class_list":["post-106","page","type-page","status-publish","has-post-thumbnail","hentry"],"yoast_head":"<!-- This site is optimized with the Yoast SEO plugin v26.3 - https:\/\/yoast.com\/wordpress\/plugins\/seo\/ -->\n<title>La sant\u00e9 par le Qigong - Neijin Qigong (Franz\u00f6sisch)<\/title>\n<meta name=\"robots\" content=\"index, follow, max-snippet:-1, max-image-preview:large, max-video-preview:-1\" \/>\n<link rel=\"canonical\" href=\"https:\/\/neijin-qigong.com\/fr\/qigong\/la-sante-par-le-qi-gong\/\" \/>\n<meta property=\"og:locale\" content=\"de_DE\" \/>\n<meta property=\"og:type\" content=\"article\" \/>\n<meta property=\"og:title\" content=\"La sant\u00e9 par le Qigong - Neijin Qigong (Franz\u00f6sisch)\" \/>\n<meta property=\"og:description\" content=\"Les causes de la maladie Selon la m\u00e9decine traditionnelle chinoise, les d\u00e9s\u00e9quilibres et les blocages dans la circulation de l\u2019\u00e9nergie sont \u00e0 l\u2019origine de l\u2019apparition de maladies.\u00a0 Les conditions de vie internes et externes\u00a0 sont \u00e0 l\u2019origine de ces blocages. Ces conditions peuvent \u00eatre entre autres\u00a0: une mauvaise nutrition, les polluants, des habitudes comportementales ou [&hellip;]\" \/>\n<meta property=\"og:url\" content=\"https:\/\/neijin-qigong.com\/fr\/qigong\/la-sante-par-le-qi-gong\/\" \/>\n<meta property=\"og:site_name\" content=\"Neijin Qigong (Franz\u00f6sisch)\" \/>\n<meta property=\"article:modified_time\" content=\"2016-12-22T10:43:00+00:00\" \/>\n<meta property=\"og:image\" content=\"https:\/\/neijin-qigong.com\/fr\/wp-content\/uploads\/sites\/3\/2016\/11\/Chinesische_Landschaft_001.jpg\" \/>\n\t<meta property=\"og:image:width\" content=\"1920\" \/>\n\t<meta property=\"og:image:height\" content=\"300\" \/>\n\t<meta property=\"og:image:type\" content=\"image\/jpeg\" \/>\n<meta name=\"twitter:card\" content=\"summary_large_image\" \/>\n<meta name=\"twitter:label1\" content=\"Gesch\u00e4tzte Lesezeit\" \/>\n\t<meta name=\"twitter:data1\" content=\"6\u00a0Minuten\" \/>\n<script type=\"application\/ld+json\" class=\"yoast-schema-graph\">{\"@context\":\"https:\/\/schema.org\",\"@graph\":[{\"@type\":\"WebPage\",\"@id\":\"https:\/\/neijin-qigong.com\/fr\/qigong\/la-sante-par-le-qi-gong\/\",\"url\":\"https:\/\/neijin-qigong.com\/fr\/qigong\/la-sante-par-le-qi-gong\/\",\"name\":\"La sant\u00e9 par le Qigong - Neijin Qigong (Franz\u00f6sisch)\",\"isPartOf\":{\"@id\":\"https:\/\/neijin-qigong.com\/fr\/#website\"},\"primaryImageOfPage\":{\"@id\":\"https:\/\/neijin-qigong.com\/fr\/qigong\/la-sante-par-le-qi-gong\/#primaryimage\"},\"image\":{\"@id\":\"https:\/\/neijin-qigong.com\/fr\/qigong\/la-sante-par-le-qi-gong\/#primaryimage\"},\"thumbnailUrl\":\"https:\/\/neijin-qigong.com\/fr\/wp-content\/uploads\/sites\/3\/2016\/11\/Chinesische_Landschaft_001.jpg\",\"datePublished\":\"2016-11-07T12:04:59+00:00\",\"dateModified\":\"2016-12-22T10:43:00+00:00\",\"breadcrumb\":{\"@id\":\"https:\/\/neijin-qigong.com\/fr\/qigong\/la-sante-par-le-qi-gong\/#breadcrumb\"},\"inLanguage\":\"de\",\"potentialAction\":[{\"@type\":\"ReadAction\",\"target\":[\"https:\/\/neijin-qigong.com\/fr\/qigong\/la-sante-par-le-qi-gong\/\"]}]},{\"@type\":\"ImageObject\",\"inLanguage\":\"de\",\"@id\":\"https:\/\/neijin-qigong.com\/fr\/qigong\/la-sante-par-le-qi-gong\/#primaryimage\",\"url\":\"https:\/\/neijin-qigong.com\/fr\/wp-content\/uploads\/sites\/3\/2016\/11\/Chinesische_Landschaft_001.jpg\",\"contentUrl\":\"https:\/\/neijin-qigong.com\/fr\/wp-content\/uploads\/sites\/3\/2016\/11\/Chinesische_Landschaft_001.jpg\",\"width\":1920,\"height\":300},{\"@type\":\"BreadcrumbList\",\"@id\":\"https:\/\/neijin-qigong.com\/fr\/qigong\/la-sante-par-le-qi-gong\/#breadcrumb\",\"itemListElement\":[{\"@type\":\"ListItem\",\"position\":1,\"name\":\"Startseite\",\"item\":\"https:\/\/neijin-qigong.com\/fr\/\"},{\"@type\":\"ListItem\",\"position\":2,\"name\":\"Qigong\",\"item\":\"https:\/\/neijin-qigong.com\/fr\/qigong\/\"},{\"@type\":\"ListItem\",\"position\":3,\"name\":\"La sant\u00e9 par le Qigong\"}]},{\"@type\":\"WebSite\",\"@id\":\"https:\/\/neijin-qigong.com\/fr\/#website\",\"url\":\"https:\/\/neijin-qigong.com\/fr\/\",\"name\":\"Neijin Qigong (Franz\u00f6sisch)\",\"description\":\"Eine weitere Neijin Qigong Websites Website\",\"potentialAction\":[{\"@type\":\"SearchAction\",\"target\":{\"@type\":\"EntryPoint\",\"urlTemplate\":\"https:\/\/neijin-qigong.com\/fr\/?s={search_term_string}\"},\"query-input\":{\"@type\":\"PropertyValueSpecification\",\"valueRequired\":true,\"valueName\":\"search_term_string\"}}],\"inLanguage\":\"de\"}]}<\/script>\n<!-- \/ Yoast SEO plugin. -->","yoast_head_json":{"title":"La sant\u00e9 par le Qigong - Neijin Qigong (Franz\u00f6sisch)","robots":{"index":"index","follow":"follow","max-snippet":"max-snippet:-1","max-image-preview":"max-image-preview:large","max-video-preview":"max-video-preview:-1"},"canonical":"https:\/\/neijin-qigong.com\/fr\/qigong\/la-sante-par-le-qi-gong\/","og_locale":"de_DE","og_type":"article","og_title":"La sant\u00e9 par le Qigong - Neijin Qigong (Franz\u00f6sisch)","og_description":"Les causes de la maladie Selon la m\u00e9decine traditionnelle chinoise, les d\u00e9s\u00e9quilibres et les blocages dans la circulation de l\u2019\u00e9nergie sont \u00e0 l\u2019origine de l\u2019apparition de maladies.\u00a0 Les conditions de vie internes et externes\u00a0 sont \u00e0 l\u2019origine de ces blocages. Ces conditions peuvent \u00eatre entre autres\u00a0: une mauvaise nutrition, les polluants, des habitudes comportementales ou [&hellip;]","og_url":"https:\/\/neijin-qigong.com\/fr\/qigong\/la-sante-par-le-qi-gong\/","og_site_name":"Neijin Qigong (Franz\u00f6sisch)","article_modified_time":"2016-12-22T10:43:00+00:00","og_image":[{"width":1920,"height":300,"url":"https:\/\/neijin-qigong.com\/fr\/wp-content\/uploads\/sites\/3\/2016\/11\/Chinesische_Landschaft_001.jpg","type":"image\/jpeg"}],"twitter_card":"summary_large_image","twitter_misc":{"Gesch\u00e4tzte Lesezeit":"6\u00a0Minuten"},"schema":{"@context":"https:\/\/schema.org","@graph":[{"@type":"WebPage","@id":"https:\/\/neijin-qigong.com\/fr\/qigong\/la-sante-par-le-qi-gong\/","url":"https:\/\/neijin-qigong.com\/fr\/qigong\/la-sante-par-le-qi-gong\/","name":"La sant\u00e9 par le Qigong - Neijin Qigong (Franz\u00f6sisch)","isPartOf":{"@id":"https:\/\/neijin-qigong.com\/fr\/#website"},"primaryImageOfPage":{"@id":"https:\/\/neijin-qigong.com\/fr\/qigong\/la-sante-par-le-qi-gong\/#primaryimage"},"image":{"@id":"https:\/\/neijin-qigong.com\/fr\/qigong\/la-sante-par-le-qi-gong\/#primaryimage"},"thumbnailUrl":"https:\/\/neijin-qigong.com\/fr\/wp-content\/uploads\/sites\/3\/2016\/11\/Chinesische_Landschaft_001.jpg","datePublished":"2016-11-07T12:04:59+00:00","dateModified":"2016-12-22T10:43:00+00:00","breadcrumb":{"@id":"https:\/\/neijin-qigong.com\/fr\/qigong\/la-sante-par-le-qi-gong\/#breadcrumb"},"inLanguage":"de","potentialAction":[{"@type":"ReadAction","target":["https:\/\/neijin-qigong.com\/fr\/qigong\/la-sante-par-le-qi-gong\/"]}]},{"@type":"ImageObject","inLanguage":"de","@id":"https:\/\/neijin-qigong.com\/fr\/qigong\/la-sante-par-le-qi-gong\/#primaryimage","url":"https:\/\/neijin-qigong.com\/fr\/wp-content\/uploads\/sites\/3\/2016\/11\/Chinesische_Landschaft_001.jpg","contentUrl":"https:\/\/neijin-qigong.com\/fr\/wp-content\/uploads\/sites\/3\/2016\/11\/Chinesische_Landschaft_001.jpg","width":1920,"height":300},{"@type":"BreadcrumbList","@id":"https:\/\/neijin-qigong.com\/fr\/qigong\/la-sante-par-le-qi-gong\/#breadcrumb","itemListElement":[{"@type":"ListItem","position":1,"name":"Startseite","item":"https:\/\/neijin-qigong.com\/fr\/"},{"@type":"ListItem","position":2,"name":"Qigong","item":"https:\/\/neijin-qigong.com\/fr\/qigong\/"},{"@type":"ListItem","position":3,"name":"La sant\u00e9 par le Qigong"}]},{"@type":"WebSite","@id":"https:\/\/neijin-qigong.com\/fr\/#website","url":"https:\/\/neijin-qigong.com\/fr\/","name":"Neijin Qigong (Franz\u00f6sisch)","description":"Eine weitere Neijin Qigong Websites Website","potentialAction":[{"@type":"SearchAction","target":{"@type":"EntryPoint","urlTemplate":"https:\/\/neijin-qigong.com\/fr\/?s={search_term_string}"},"query-input":{"@type":"PropertyValueSpecification","valueRequired":true,"valueName":"search_term_string"}}],"inLanguage":"de"}]}},"_links":{"self":[{"href":"https:\/\/neijin-qigong.com\/fr\/wp-json\/wp\/v2\/pages\/106","targetHints":{"allow":["GET"]}}],"collection":[{"href":"https:\/\/neijin-qigong.com\/fr\/wp-json\/wp\/v2\/pages"}],"about":[{"href":"https:\/\/neijin-qigong.com\/fr\/wp-json\/wp\/v2\/types\/page"}],"author":[{"embeddable":true,"href":"https:\/\/neijin-qigong.com\/fr\/wp-json\/wp\/v2\/users\/4"}],"replies":[{"embeddable":true,"href":"https:\/\/neijin-qigong.com\/fr\/wp-json\/wp\/v2\/comments?post=106"}],"version-history":[{"count":5,"href":"https:\/\/neijin-qigong.com\/fr\/wp-json\/wp\/v2\/pages\/106\/revisions"}],"predecessor-version":[{"id":209,"href":"https:\/\/neijin-qigong.com\/fr\/wp-json\/wp\/v2\/pages\/106\/revisions\/209"}],"up":[{"embeddable":true,"href":"https:\/\/neijin-qigong.com\/fr\/wp-json\/wp\/v2\/pages\/26"}],"wp:featuredmedia":[{"embeddable":true,"href":"https:\/\/neijin-qigong.com\/fr\/wp-json\/wp\/v2\/media\/107"}],"wp:attachment":[{"href":"https:\/\/neijin-qigong.com\/fr\/wp-json\/wp\/v2\/media?parent=106"}],"curies":[{"name":"wp","href":"https:\/\/api.w.org\/{rel}","templated":true}]}}