{"id":119,"date":"2016-11-07T13:28:47","date_gmt":"2016-11-07T12:28:47","guid":{"rendered":"https:\/\/neijin-qigong.com\/fr\/?page_id=119"},"modified":"2016-11-07T13:28:47","modified_gmt":"2016-11-07T12:28:47","slug":"buyin-zheng","status":"publish","type":"page","link":"https:\/\/neijin-qigong.com\/fr\/a-propos-de-nous\/buyin-zheng\/","title":{"rendered":"Buyin Zheng"},"content":{"rendered":"<p><a href=\"https:\/\/neijin-qigong.com\/fr\/wp-content\/uploads\/sites\/3\/2016\/11\/Buyin_Zheng.jpg\" rel=\"lightbox-0\"><img fetchpriority=\"high\" decoding=\"async\" class=\"size-medium wp-image-121 alignright\" src=\"https:\/\/neijin-qigong.com\/fr\/wp-content\/uploads\/sites\/3\/2016\/11\/Buyin_Zheng-208x300.jpg\" alt=\"buyin_zheng\" width=\"208\" height=\"300\" srcset=\"https:\/\/neijin-qigong.com\/fr\/wp-content\/uploads\/sites\/3\/2016\/11\/Buyin_Zheng-208x300.jpg 208w, https:\/\/neijin-qigong.com\/fr\/wp-content\/uploads\/sites\/3\/2016\/11\/Buyin_Zheng-481x695.jpg 481w, https:\/\/neijin-qigong.com\/fr\/wp-content\/uploads\/sites\/3\/2016\/11\/Buyin_Zheng.jpg 600w\" sizes=\"(max-width: 208px) 100vw, 208px\" \/><\/a>Buyin Zheng est grand ma\u00eetre de Qi gong et praticien en M\u00e9decine Traditionnelle Chinoise. Il dirige l\u2019Acad\u00e9mie Internationale de Neijin QiGong ainsi qu\u2019un centre de M\u00e9decine Traditionnelle Chinoise. Buyin Zheng est issu d\u2019une famille qui entretient des liens \u00e9troits avec le Qi gong. Depuis son enfance, il a suivi un enseignement en Qi gong, Kung fu et Tai chi chuan. Il a \u00e9tudi\u00e9 intensivement la m\u00e9decine chinoise et il est form\u00e9 depuis plus de trente ans par des ma\u00eetres de la tradition tao\u00efste et boudhiste. Il est repr\u00e9sentant du Shaolin Neijin Qi gong (Shaolin Neijin Yizhichan Qigong) pour la vingti\u00e8me g\u00e9n\u00e9ration et seul ma\u00eetre autoris\u00e9 \u00e0 transmettre cette m\u00e9thode <em>d&#8217;apr\u00e8s sa source d\u2019origine<\/em>\u00a0 en Occident.<\/p>\n","protected":false},"excerpt":{"rendered":"<p>Buyin Zheng est grand ma\u00eetre de Qi gong et praticien en M\u00e9decine Traditionnelle Chinoise. Il dirige l\u2019Acad\u00e9mie Internationale de Neijin QiGong ainsi qu\u2019un centre de M\u00e9decine Traditionnelle Chinoise. Buyin Zheng est issu d\u2019une famille qui entretient des liens \u00e9troits avec le Qi gong. Depuis son enfance, il a suivi un enseignement en Qi gong, Kung [&hellip;]<\/p>\n","protected":false},"author":4,"featured_media":120,"parent":117,"menu_order":0,"comment_status":"closed","ping_status":"closed","template":"","meta":{"footnotes":""},"class_list":["post-119","page","type-page","status-publish","has-post-thumbnail","hentry"],"yoast_head":"<!-- This site is optimized with the Yoast SEO plugin v26.3 - https:\/\/yoast.com\/wordpress\/plugins\/seo\/ -->\n<title>Buyin Zheng - Neijin Qigong (Franz\u00f6sisch)<\/title>\n<meta name=\"robots\" content=\"index, follow, max-snippet:-1, max-image-preview:large, max-video-preview:-1\" \/>\n<link rel=\"canonical\" href=\"https:\/\/neijin-qigong.com\/fr\/a-propos-de-nous\/buyin-zheng\/\" \/>\n<meta property=\"og:locale\" content=\"de_DE\" \/>\n<meta property=\"og:type\" content=\"article\" \/>\n<meta property=\"og:title\" content=\"Buyin Zheng - Neijin Qigong (Franz\u00f6sisch)\" \/>\n<meta property=\"og:description\" content=\"Buyin Zheng est grand ma\u00eetre de Qi gong et praticien en M\u00e9decine Traditionnelle Chinoise. Il dirige l\u2019Acad\u00e9mie Internationale de Neijin QiGong ainsi qu\u2019un centre de M\u00e9decine Traditionnelle Chinoise. Buyin Zheng est issu d\u2019une famille qui entretient des liens \u00e9troits avec le Qi gong. Depuis son enfance, il a suivi un enseignement en Qi gong, Kung [&hellip;]\" \/>\n<meta property=\"og:url\" content=\"https:\/\/neijin-qigong.com\/fr\/a-propos-de-nous\/buyin-zheng\/\" \/>\n<meta property=\"og:site_name\" content=\"Neijin Qigong (Franz\u00f6sisch)\" \/>\n<meta property=\"og:image\" content=\"https:\/\/neijin-qigong.com\/fr\/wp-content\/uploads\/sites\/3\/2016\/11\/Header_Collage_Buyin_Zheng.jpg\" \/>\n\t<meta property=\"og:image:width\" content=\"1920\" \/>\n\t<meta property=\"og:image:height\" content=\"300\" \/>\n\t<meta property=\"og:image:type\" content=\"image\/jpeg\" \/>\n<meta name=\"twitter:card\" content=\"summary_large_image\" \/>\n<meta name=\"twitter:label1\" content=\"Gesch\u00e4tzte Lesezeit\" \/>\n\t<meta name=\"twitter:data1\" content=\"1\u00a0Minute\" \/>\n<script type=\"application\/ld+json\" class=\"yoast-schema-graph\">{\"@context\":\"https:\/\/schema.org\",\"@graph\":[{\"@type\":\"WebPage\",\"@id\":\"https:\/\/neijin-qigong.com\/fr\/a-propos-de-nous\/buyin-zheng\/\",\"url\":\"https:\/\/neijin-qigong.com\/fr\/a-propos-de-nous\/buyin-zheng\/\",\"name\":\"Buyin Zheng - Neijin Qigong (Franz\u00f6sisch)\",\"isPartOf\":{\"@id\":\"https:\/\/neijin-qigong.com\/fr\/#website\"},\"primaryImageOfPage\":{\"@id\":\"https:\/\/neijin-qigong.com\/fr\/a-propos-de-nous\/buyin-zheng\/#primaryimage\"},\"image\":{\"@id\":\"https:\/\/neijin-qigong.com\/fr\/a-propos-de-nous\/buyin-zheng\/#primaryimage\"},\"thumbnailUrl\":\"https:\/\/neijin-qigong.com\/fr\/wp-content\/uploads\/sites\/3\/2016\/11\/Header_Collage_Buyin_Zheng.jpg\",\"datePublished\":\"2016-11-07T12:28:47+00:00\",\"breadcrumb\":{\"@id\":\"https:\/\/neijin-qigong.com\/fr\/a-propos-de-nous\/buyin-zheng\/#breadcrumb\"},\"inLanguage\":\"de\",\"potentialAction\":[{\"@type\":\"ReadAction\",\"target\":[\"https:\/\/neijin-qigong.com\/fr\/a-propos-de-nous\/buyin-zheng\/\"]}]},{\"@type\":\"ImageObject\",\"inLanguage\":\"de\",\"@id\":\"https:\/\/neijin-qigong.com\/fr\/a-propos-de-nous\/buyin-zheng\/#primaryimage\",\"url\":\"https:\/\/neijin-qigong.com\/fr\/wp-content\/uploads\/sites\/3\/2016\/11\/Header_Collage_Buyin_Zheng.jpg\",\"contentUrl\":\"https:\/\/neijin-qigong.com\/fr\/wp-content\/uploads\/sites\/3\/2016\/11\/Header_Collage_Buyin_Zheng.jpg\",\"width\":1920,\"height\":300},{\"@type\":\"BreadcrumbList\",\"@id\":\"https:\/\/neijin-qigong.com\/fr\/a-propos-de-nous\/buyin-zheng\/#breadcrumb\",\"itemListElement\":[{\"@type\":\"ListItem\",\"position\":1,\"name\":\"Startseite\",\"item\":\"https:\/\/neijin-qigong.com\/fr\/\"},{\"@type\":\"ListItem\",\"position\":2,\"name\":\"A propos de nous\",\"item\":\"https:\/\/neijin-qigong.com\/fr\/a-propos-de-nous\/\"},{\"@type\":\"ListItem\",\"position\":3,\"name\":\"Buyin Zheng\"}]},{\"@type\":\"WebSite\",\"@id\":\"https:\/\/neijin-qigong.com\/fr\/#website\",\"url\":\"https:\/\/neijin-qigong.com\/fr\/\",\"name\":\"Neijin Qigong (Franz\u00f6sisch)\",\"description\":\"Eine weitere Neijin Qigong Websites Website\",\"potentialAction\":[{\"@type\":\"SearchAction\",\"target\":{\"@type\":\"EntryPoint\",\"urlTemplate\":\"https:\/\/neijin-qigong.com\/fr\/?s={search_term_string}\"},\"query-input\":{\"@type\":\"PropertyValueSpecification\",\"valueRequired\":true,\"valueName\":\"search_term_string\"}}],\"inLanguage\":\"de\"}]}<\/script>\n<!-- \/ Yoast SEO plugin. -->","yoast_head_json":{"title":"Buyin Zheng - Neijin Qigong (Franz\u00f6sisch)","robots":{"index":"index","follow":"follow","max-snippet":"max-snippet:-1","max-image-preview":"max-image-preview:large","max-video-preview":"max-video-preview:-1"},"canonical":"https:\/\/neijin-qigong.com\/fr\/a-propos-de-nous\/buyin-zheng\/","og_locale":"de_DE","og_type":"article","og_title":"Buyin Zheng - Neijin Qigong (Franz\u00f6sisch)","og_description":"Buyin Zheng est grand ma\u00eetre de Qi gong et praticien en M\u00e9decine Traditionnelle Chinoise. Il dirige l\u2019Acad\u00e9mie Internationale de Neijin QiGong ainsi qu\u2019un centre de M\u00e9decine Traditionnelle Chinoise. Buyin Zheng est issu d\u2019une famille qui entretient des liens \u00e9troits avec le Qi gong. Depuis son enfance, il a suivi un enseignement en Qi gong, Kung [&hellip;]","og_url":"https:\/\/neijin-qigong.com\/fr\/a-propos-de-nous\/buyin-zheng\/","og_site_name":"Neijin Qigong (Franz\u00f6sisch)","og_image":[{"width":1920,"height":300,"url":"https:\/\/neijin-qigong.com\/fr\/wp-content\/uploads\/sites\/3\/2016\/11\/Header_Collage_Buyin_Zheng.jpg","type":"image\/jpeg"}],"twitter_card":"summary_large_image","twitter_misc":{"Gesch\u00e4tzte Lesezeit":"1\u00a0Minute"},"schema":{"@context":"https:\/\/schema.org","@graph":[{"@type":"WebPage","@id":"https:\/\/neijin-qigong.com\/fr\/a-propos-de-nous\/buyin-zheng\/","url":"https:\/\/neijin-qigong.com\/fr\/a-propos-de-nous\/buyin-zheng\/","name":"Buyin Zheng - Neijin Qigong (Franz\u00f6sisch)","isPartOf":{"@id":"https:\/\/neijin-qigong.com\/fr\/#website"},"primaryImageOfPage":{"@id":"https:\/\/neijin-qigong.com\/fr\/a-propos-de-nous\/buyin-zheng\/#primaryimage"},"image":{"@id":"https:\/\/neijin-qigong.com\/fr\/a-propos-de-nous\/buyin-zheng\/#primaryimage"},"thumbnailUrl":"https:\/\/neijin-qigong.com\/fr\/wp-content\/uploads\/sites\/3\/2016\/11\/Header_Collage_Buyin_Zheng.jpg","datePublished":"2016-11-07T12:28:47+00:00","breadcrumb":{"@id":"https:\/\/neijin-qigong.com\/fr\/a-propos-de-nous\/buyin-zheng\/#breadcrumb"},"inLanguage":"de","potentialAction":[{"@type":"ReadAction","target":["https:\/\/neijin-qigong.com\/fr\/a-propos-de-nous\/buyin-zheng\/"]}]},{"@type":"ImageObject","inLanguage":"de","@id":"https:\/\/neijin-qigong.com\/fr\/a-propos-de-nous\/buyin-zheng\/#primaryimage","url":"https:\/\/neijin-qigong.com\/fr\/wp-content\/uploads\/sites\/3\/2016\/11\/Header_Collage_Buyin_Zheng.jpg","contentUrl":"https:\/\/neijin-qigong.com\/fr\/wp-content\/uploads\/sites\/3\/2016\/11\/Header_Collage_Buyin_Zheng.jpg","width":1920,"height":300},{"@type":"BreadcrumbList","@id":"https:\/\/neijin-qigong.com\/fr\/a-propos-de-nous\/buyin-zheng\/#breadcrumb","itemListElement":[{"@type":"ListItem","position":1,"name":"Startseite","item":"https:\/\/neijin-qigong.com\/fr\/"},{"@type":"ListItem","position":2,"name":"A propos de nous","item":"https:\/\/neijin-qigong.com\/fr\/a-propos-de-nous\/"},{"@type":"ListItem","position":3,"name":"Buyin Zheng"}]},{"@type":"WebSite","@id":"https:\/\/neijin-qigong.com\/fr\/#website","url":"https:\/\/neijin-qigong.com\/fr\/","name":"Neijin Qigong (Franz\u00f6sisch)","description":"Eine weitere Neijin Qigong Websites Website","potentialAction":[{"@type":"SearchAction","target":{"@type":"EntryPoint","urlTemplate":"https:\/\/neijin-qigong.com\/fr\/?s={search_term_string}"},"query-input":{"@type":"PropertyValueSpecification","valueRequired":true,"valueName":"search_term_string"}}],"inLanguage":"de"}]}},"_links":{"self":[{"href":"https:\/\/neijin-qigong.com\/fr\/wp-json\/wp\/v2\/pages\/119","targetHints":{"allow":["GET"]}}],"collection":[{"href":"https:\/\/neijin-qigong.com\/fr\/wp-json\/wp\/v2\/pages"}],"about":[{"href":"https:\/\/neijin-qigong.com\/fr\/wp-json\/wp\/v2\/types\/page"}],"author":[{"embeddable":true,"href":"https:\/\/neijin-qigong.com\/fr\/wp-json\/wp\/v2\/users\/4"}],"replies":[{"embeddable":true,"href":"https:\/\/neijin-qigong.com\/fr\/wp-json\/wp\/v2\/comments?post=119"}],"version-history":[{"count":2,"href":"https:\/\/neijin-qigong.com\/fr\/wp-json\/wp\/v2\/pages\/119\/revisions"}],"predecessor-version":[{"id":123,"href":"https:\/\/neijin-qigong.com\/fr\/wp-json\/wp\/v2\/pages\/119\/revisions\/123"}],"up":[{"embeddable":true,"href":"https:\/\/neijin-qigong.com\/fr\/wp-json\/wp\/v2\/pages\/117"}],"wp:featuredmedia":[{"embeddable":true,"href":"https:\/\/neijin-qigong.com\/fr\/wp-json\/wp\/v2\/media\/120"}],"wp:attachment":[{"href":"https:\/\/neijin-qigong.com\/fr\/wp-json\/wp\/v2\/media?parent=119"}],"curies":[{"name":"wp","href":"https:\/\/api.w.org\/{rel}","templated":true}]}}