{"id":126,"date":"2016-11-07T14:25:00","date_gmt":"2016-11-07T13:25:00","guid":{"rendered":"https:\/\/neijin-qigong.com\/fr\/?page_id=126"},"modified":"2021-07-27T10:11:19","modified_gmt":"2021-07-27T08:11:19","slug":"contact","status":"publish","type":"page","link":"https:\/\/neijin-qigong.com\/fr\/contact\/","title":{"rendered":"Contact"},"content":{"rendered":"<p><strong>Internationale Neijin QiGong Akademie (si\u00e8ge principal)<br \/>\n<\/strong><\/p>\n<p>Buyin Zheng<br \/>\nMoorenplatz 1<br \/>\n40225 D\u00fcsseldorf<\/p>\n<p>Allemagne<\/p>\n<p>Tel.: + 49.(0) 176 \/ 727 51 341<\/p>\n<p>E-Mail: <a href=\"&#x6d;&#97;&#x69;&#108;t&#x6f;&#58;i&#x6e;&#102;&#x6f;&#x40;n&#x65;&#105;j&#x69;&#110;&#x2d;&#x71;i&#x67;&#111;n&#x67;&#46;c&#x6f;&#109;\">&#x69;&#x6e;&#x66;&#x6f;&#x40;&#x6e;&#x65;&#x69;&#x6a;&#x69;&#x6e;&#x2d;&#x71;&#x69;&#x67;&#x6f;&#x6e;&#x67;&#x2e;&#x63;&#x6f;&#x6d;<\/a><\/p>\n<p><strong>Informations g\u00e9n\u00e9rales en France:<\/strong><\/p>\n<p>R\u00e9gion d\u00b4 Alsace<br \/>\nPivoine Assocation<br \/>\nMich\u00e8le Biechy<br \/>\n27, Rue Erbersch<br \/>\n68380 Mittlach<br \/>\nT\u00e9l. (+ 33) 09 71 46 54 80<br \/>\nCourriel: <a href=\"mai&#108;&#116;&#111;&#58;&#x70;&#x69;&#x76;&#x6f;&#x69;&#x6e;&#x65;68&#64;&#103;&#109;&#97;&#105;&#108;&#x2e;&#x63;&#x6f;&#x6d;\">p&#105;&#x76;&#x6f;i&#110;&#x65;&#x36;8&#64;&#103;&#x6d;&#x61;i&#108;&#x2e;&#x63;o&#109;<\/a><\/p>\n","protected":false},"excerpt":{"rendered":"<p>Internationale Neijin QiGong Akademie (si\u00e8ge principal) Buyin Zheng Moorenplatz 1 40225 D\u00fcsseldorf Allemagne Tel.: + 49.(0) 176 \/ 727 51 341 E-Mail: &#105;&#x6e;&#x66;o&#64;&#x6e;&#x65;i&#106;&#x69;n&#45;&#x71;&#x69;g&#111;&#x6e;g&#46;&#x63;&#x6f;m Informations g\u00e9n\u00e9rales en France: R\u00e9gion d\u00b4 Alsace Pivoine Assocation Mich\u00e8le Biechy 27, Rue Erbersch 68380 Mittlach T\u00e9l. (+ 33) 09 71 46 54 80 Courriel: &#x70;&#x69;&#118;o&#x69;&#x6e;&#101;68&#x40;&#x67;&#109;a&#x69;&#x6c;&#46;&#99;o&#x6d;<\/p>\n","protected":false},"author":4,"featured_media":129,"parent":0,"menu_order":90,"comment_status":"closed","ping_status":"closed","template":"","meta":{"footnotes":""},"class_list":["post-126","page","type-page","status-publish","has-post-thumbnail","hentry"],"yoast_head":"<!-- This site is optimized with the Yoast SEO plugin v26.3 - https:\/\/yoast.com\/wordpress\/plugins\/seo\/ -->\n<title>Contact - Neijin Qigong (Franz\u00f6sisch)<\/title>\n<meta name=\"robots\" content=\"index, follow, max-snippet:-1, max-image-preview:large, max-video-preview:-1\" \/>\n<link rel=\"canonical\" href=\"https:\/\/neijin-qigong.com\/fr\/contact\/\" \/>\n<meta property=\"og:locale\" content=\"de_DE\" \/>\n<meta property=\"og:type\" content=\"article\" \/>\n<meta property=\"og:title\" content=\"Contact - Neijin Qigong (Franz\u00f6sisch)\" \/>\n<meta property=\"og:description\" content=\"Internationale Neijin QiGong Akademie (si\u00e8ge principal) Buyin Zheng Moorenplatz 1 40225 D\u00fcsseldorf Allemagne Tel.: + 49.(0) 176 \/ 727 51 341 E-Mail: &#x69;&#110;&#102;o&#x40;&#x6e;&#101;i&#x6a;&#x69;&#110;-&#x71;&#x69;&#103;o&#x6e;&#x67;&#046;c&#x6f;&#x6d; Informations g\u00e9n\u00e9rales en France: R\u00e9gion d\u00b4 Alsace Pivoine Assocation Mich\u00e8le Biechy 27, Rue Erbersch 68380 Mittlach T\u00e9l. (+ 33) 09 71 46 54 80 Courriel: &#112;i&#x76;o&#x69;n&#x65;6&#x38;&#064;&#x67;&#109;&#x61;&#105;&#x6c;&#046;c&#111;m\" \/>\n<meta property=\"og:url\" content=\"https:\/\/neijin-qigong.com\/fr\/contact\/\" \/>\n<meta property=\"og:site_name\" content=\"Neijin Qigong (Franz\u00f6sisch)\" \/>\n<meta property=\"article:modified_time\" content=\"2021-07-27T08:11:19+00:00\" \/>\n<meta property=\"og:image\" content=\"https:\/\/neijin-qigong.com\/fr\/wp-content\/uploads\/sites\/3\/2016\/11\/Header_Anreise.jpg\" \/>\n\t<meta property=\"og:image:width\" content=\"1920\" \/>\n\t<meta property=\"og:image:height\" content=\"300\" \/>\n\t<meta property=\"og:image:type\" content=\"image\/jpeg\" \/>\n<meta name=\"twitter:card\" content=\"summary_large_image\" \/>\n<script type=\"application\/ld+json\" class=\"yoast-schema-graph\">{\"@context\":\"https:\/\/schema.org\",\"@graph\":[{\"@type\":\"WebPage\",\"@id\":\"https:\/\/neijin-qigong.com\/fr\/contact\/\",\"url\":\"https:\/\/neijin-qigong.com\/fr\/contact\/\",\"name\":\"Contact - Neijin Qigong (Franz\u00f6sisch)\",\"isPartOf\":{\"@id\":\"https:\/\/neijin-qigong.com\/fr\/#website\"},\"primaryImageOfPage\":{\"@id\":\"https:\/\/neijin-qigong.com\/fr\/contact\/#primaryimage\"},\"image\":{\"@id\":\"https:\/\/neijin-qigong.com\/fr\/contact\/#primaryimage\"},\"thumbnailUrl\":\"https:\/\/neijin-qigong.com\/fr\/wp-content\/uploads\/sites\/3\/2016\/11\/Header_Anreise.jpg\",\"datePublished\":\"2016-11-07T13:25:00+00:00\",\"dateModified\":\"2021-07-27T08:11:19+00:00\",\"breadcrumb\":{\"@id\":\"https:\/\/neijin-qigong.com\/fr\/contact\/#breadcrumb\"},\"inLanguage\":\"de\",\"potentialAction\":[{\"@type\":\"ReadAction\",\"target\":[\"https:\/\/neijin-qigong.com\/fr\/contact\/\"]}]},{\"@type\":\"ImageObject\",\"inLanguage\":\"de\",\"@id\":\"https:\/\/neijin-qigong.com\/fr\/contact\/#primaryimage\",\"url\":\"https:\/\/neijin-qigong.com\/fr\/wp-content\/uploads\/sites\/3\/2016\/11\/Header_Anreise.jpg\",\"contentUrl\":\"https:\/\/neijin-qigong.com\/fr\/wp-content\/uploads\/sites\/3\/2016\/11\/Header_Anreise.jpg\",\"width\":1920,\"height\":300},{\"@type\":\"BreadcrumbList\",\"@id\":\"https:\/\/neijin-qigong.com\/fr\/contact\/#breadcrumb\",\"itemListElement\":[{\"@type\":\"ListItem\",\"position\":1,\"name\":\"Startseite\",\"item\":\"https:\/\/neijin-qigong.com\/fr\/\"},{\"@type\":\"ListItem\",\"position\":2,\"name\":\"Contact\"}]},{\"@type\":\"WebSite\",\"@id\":\"https:\/\/neijin-qigong.com\/fr\/#website\",\"url\":\"https:\/\/neijin-qigong.com\/fr\/\",\"name\":\"Neijin Qigong (Franz\u00f6sisch)\",\"description\":\"Eine weitere Neijin Qigong Websites Website\",\"potentialAction\":[{\"@type\":\"SearchAction\",\"target\":{\"@type\":\"EntryPoint\",\"urlTemplate\":\"https:\/\/neijin-qigong.com\/fr\/?s={search_term_string}\"},\"query-input\":{\"@type\":\"PropertyValueSpecification\",\"valueRequired\":true,\"valueName\":\"search_term_string\"}}],\"inLanguage\":\"de\"}]}<\/script>\n<!-- \/ Yoast SEO plugin. -->","yoast_head_json":{"title":"Contact - Neijin Qigong (Franz\u00f6sisch)","robots":{"index":"index","follow":"follow","max-snippet":"max-snippet:-1","max-image-preview":"max-image-preview:large","max-video-preview":"max-video-preview:-1"},"canonical":"https:\/\/neijin-qigong.com\/fr\/contact\/","og_locale":"de_DE","og_type":"article","og_title":"Contact - Neijin Qigong (Franz\u00f6sisch)","og_description":"Internationale Neijin QiGong Akademie (si\u00e8ge principal) Buyin Zheng Moorenplatz 1 40225 D\u00fcsseldorf Allemagne Tel.: + 49.(0) 176 \/ 727 51 341 E-Mail: &#x69;&#110;&#102;o&#x40;&#x6e;&#101;i&#x6a;&#x69;&#110;-&#x71;&#x69;&#103;o&#x6e;&#x67;&#46;c&#x6f;&#x6d; Informations g\u00e9n\u00e9rales en France: R\u00e9gion d\u00b4 Alsace Pivoine Assocation Mich\u00e8le Biechy 27, Rue Erbersch 68380 Mittlach T\u00e9l. (+ 33) 09 71 46 54 80 Courriel: &#112;i&#x76;o&#x69;n&#x65;6&#x38;&#64;&#x67;&#109;&#x61;&#105;&#x6c;&#46;c&#111;m","og_url":"https:\/\/neijin-qigong.com\/fr\/contact\/","og_site_name":"Neijin Qigong (Franz\u00f6sisch)","article_modified_time":"2021-07-27T08:11:19+00:00","og_image":[{"width":1920,"height":300,"url":"https:\/\/neijin-qigong.com\/fr\/wp-content\/uploads\/sites\/3\/2016\/11\/Header_Anreise.jpg","type":"image\/jpeg"}],"twitter_card":"summary_large_image","schema":{"@context":"https:\/\/schema.org","@graph":[{"@type":"WebPage","@id":"https:\/\/neijin-qigong.com\/fr\/contact\/","url":"https:\/\/neijin-qigong.com\/fr\/contact\/","name":"Contact - Neijin Qigong (Franz\u00f6sisch)","isPartOf":{"@id":"https:\/\/neijin-qigong.com\/fr\/#website"},"primaryImageOfPage":{"@id":"https:\/\/neijin-qigong.com\/fr\/contact\/#primaryimage"},"image":{"@id":"https:\/\/neijin-qigong.com\/fr\/contact\/#primaryimage"},"thumbnailUrl":"https:\/\/neijin-qigong.com\/fr\/wp-content\/uploads\/sites\/3\/2016\/11\/Header_Anreise.jpg","datePublished":"2016-11-07T13:25:00+00:00","dateModified":"2021-07-27T08:11:19+00:00","breadcrumb":{"@id":"https:\/\/neijin-qigong.com\/fr\/contact\/#breadcrumb"},"inLanguage":"de","potentialAction":[{"@type":"ReadAction","target":["https:\/\/neijin-qigong.com\/fr\/contact\/"]}]},{"@type":"ImageObject","inLanguage":"de","@id":"https:\/\/neijin-qigong.com\/fr\/contact\/#primaryimage","url":"https:\/\/neijin-qigong.com\/fr\/wp-content\/uploads\/sites\/3\/2016\/11\/Header_Anreise.jpg","contentUrl":"https:\/\/neijin-qigong.com\/fr\/wp-content\/uploads\/sites\/3\/2016\/11\/Header_Anreise.jpg","width":1920,"height":300},{"@type":"BreadcrumbList","@id":"https:\/\/neijin-qigong.com\/fr\/contact\/#breadcrumb","itemListElement":[{"@type":"ListItem","position":1,"name":"Startseite","item":"https:\/\/neijin-qigong.com\/fr\/"},{"@type":"ListItem","position":2,"name":"Contact"}]},{"@type":"WebSite","@id":"https:\/\/neijin-qigong.com\/fr\/#website","url":"https:\/\/neijin-qigong.com\/fr\/","name":"Neijin Qigong (Franz\u00f6sisch)","description":"Eine weitere Neijin Qigong Websites Website","potentialAction":[{"@type":"SearchAction","target":{"@type":"EntryPoint","urlTemplate":"https:\/\/neijin-qigong.com\/fr\/?s={search_term_string}"},"query-input":{"@type":"PropertyValueSpecification","valueRequired":true,"valueName":"search_term_string"}}],"inLanguage":"de"}]}},"_links":{"self":[{"href":"https:\/\/neijin-qigong.com\/fr\/wp-json\/wp\/v2\/pages\/126","targetHints":{"allow":["GET"]}}],"collection":[{"href":"https:\/\/neijin-qigong.com\/fr\/wp-json\/wp\/v2\/pages"}],"about":[{"href":"https:\/\/neijin-qigong.com\/fr\/wp-json\/wp\/v2\/types\/page"}],"author":[{"embeddable":true,"href":"https:\/\/neijin-qigong.com\/fr\/wp-json\/wp\/v2\/users\/4"}],"replies":[{"embeddable":true,"href":"https:\/\/neijin-qigong.com\/fr\/wp-json\/wp\/v2\/comments?post=126"}],"version-history":[{"count":3,"href":"https:\/\/neijin-qigong.com\/fr\/wp-json\/wp\/v2\/pages\/126\/revisions"}],"predecessor-version":[{"id":128,"href":"https:\/\/neijin-qigong.com\/fr\/wp-json\/wp\/v2\/pages\/126\/revisions\/128"}],"wp:featuredmedia":[{"embeddable":true,"href":"https:\/\/neijin-qigong.com\/fr\/wp-json\/wp\/v2\/media\/129"}],"wp:attachment":[{"href":"https:\/\/neijin-qigong.com\/fr\/wp-json\/wp\/v2\/media?parent=126"}],"curies":[{"name":"wp","href":"https:\/\/api.w.org\/{rel}","templated":true}]}}