{"id":16,"date":"2016-11-05T22:47:50","date_gmt":"2016-11-05T21:47:50","guid":{"rendered":"https:\/\/neijin-qigong.com\/fr\/?page_id=16"},"modified":"2016-11-07T15:48:41","modified_gmt":"2016-11-07T14:48:41","slug":"quest-ce-que-le-qigong","status":"publish","type":"page","link":"https:\/\/neijin-qigong.com\/fr\/qigong\/quest-ce-que-le-qigong\/","title":{"rendered":"Qu\u2019est-ce que le Qigong?"},"content":{"rendered":"<p style=\"text-align: left\">Nous admirons les personnes qui traversent la vie pleines d\u2019\u00e9nergie,\u00a0 affrontant\u00a0 d\u00e9fis et\u00a0 phases difficiles avec confiance en soi et s\u00e9r\u00e9nit\u00e9 ,et qui, \u00e9tablies dans la pr\u00e9sence et l\u2018optimisme peuvent\u00a0 transmettre aux\u00a0 autres de la joie et une vision positive de la vie. Le secret de ces hommes r\u00e9side dans la libre circulation de l\u2019\u00e9nergie vitale, du \u201eQi\u201c<\/p>\n<p>D\u2019apr\u00e8s la sagesse mill\u00e9naire chinoise, \u2018l\u2019\u00e9nergie vitale, le \u201eQi\u201c anime les v\u00e9g\u00e9taux, les animaux, la mati\u00e8re et nous, les hommes. \u00c0 la naissance, l\u2019homme a normalement un potentiel suffisant pour vivre jusqu\u2019 \u00e0 environ\u00a0 120 ans. C\u2019est le Qi qui y pourvoit. Nos conditions de vie, pas toujours optimales, le stress, la pollution, les blessures diminuent le Qi et cr\u00e9ent des blocages qui emp\u00eachent le libre flux du Qi. Ces blocages peuvent causer des maladies psychiques et physiques- \u00c0 cet \u00e9gard, la m\u00e9decine traditionnelle chinoise ne diff\u00e9rencie pas les deux car l\u2019\u00eatre humain est toujours consid\u00e9r\u00e9 comme une totalit\u00e9.<\/p>\n<p>Nous pouvons soigner et nourrir le Qi et maintenir sa libre circulation. Pour cela, la pratique r\u00e9guli\u00e8re d\u2019un QiGong authentique est particuli\u00e8rement efficace et contribue \u00e9galement au d\u00e9veloppement des vertus.<\/p>\n<h3><strong>Qi et Gong<a href=\"https:\/\/neijin-qigong.com\/fr\/wp-content\/uploads\/sites\/3\/2016\/11\/Kalligrafie-Qi.jpg\" rel=\"lightbox-0\"><img decoding=\"async\" class=\"alignright wp-image-22\" src=\"https:\/\/neijin-qigong.com\/fr\/wp-content\/uploads\/sites\/3\/2016\/11\/Kalligrafie-Qi-150x150.jpg\" alt=\"kalligrafie-qi\" width=\"113\" height=\"120\" srcset=\"https:\/\/neijin-qigong.com\/fr\/wp-content\/uploads\/sites\/3\/2016\/11\/Kalligrafie-Qi-282x300.jpg 282w, https:\/\/neijin-qigong.com\/fr\/wp-content\/uploads\/sites\/3\/2016\/11\/Kalligrafie-Qi-768x818.jpg 768w, https:\/\/neijin-qigong.com\/fr\/wp-content\/uploads\/sites\/3\/2016\/11\/Kalligrafie-Qi-961x1024.jpg 961w, https:\/\/neijin-qigong.com\/fr\/wp-content\/uploads\/sites\/3\/2016\/11\/Kalligrafie-Qi-481x513.jpg 481w\" sizes=\"(max-width: 113px) 100vw, 113px\" \/><\/a><\/strong><\/h3>\n<p>Le Qi est souvent traduit par \u201esouffle\u201c ou\u00a0 \u201eair\u201c. Sa signification est cependant beaucoup plus profonde. Le Qi est la notion centrale de la philosophie et la m\u00e9decine traditionnelles chinoises. Le Qi est la force vitale qui anime chaque chose particuli\u00e8re de m\u00eame que l\u2019univers entier.<\/p>\n<p><a href=\"https:\/\/neijin-qigong.com\/fr\/wp-content\/uploads\/sites\/3\/2016\/11\/Kalligrafie-Gong.jpg\" rel=\"lightbox-1\"><img decoding=\"async\" class=\"alignright wp-image-21\" src=\"https:\/\/neijin-qigong.com\/fr\/wp-content\/uploads\/sites\/3\/2016\/11\/Kalligrafie-Gong-150x150.jpg\" alt=\"kalligrafie-gong\" width=\"101\" height=\"90\" srcset=\"https:\/\/neijin-qigong.com\/fr\/wp-content\/uploads\/sites\/3\/2016\/11\/Kalligrafie-Gong-300x266.jpg 300w, https:\/\/neijin-qigong.com\/fr\/wp-content\/uploads\/sites\/3\/2016\/11\/Kalligrafie-Gong-768x681.jpg 768w, https:\/\/neijin-qigong.com\/fr\/wp-content\/uploads\/sites\/3\/2016\/11\/Kalligrafie-Gong-1024x908.jpg 1024w, https:\/\/neijin-qigong.com\/fr\/wp-content\/uploads\/sites\/3\/2016\/11\/Kalligrafie-Gong-481x427.jpg 481w, https:\/\/neijin-qigong.com\/fr\/wp-content\/uploads\/sites\/3\/2016\/11\/Kalligrafie-Gong-338x300.jpg 338w\" sizes=\"(max-width: 101px) 100vw, 101px\" \/><\/a>\u201eGong\u201c veut dire ma\u00eetrise d\u2019une pratique qui est reli\u00e9e \u00e0 une capacit\u00e9 ou un savoir. Le Qi Gong peut \u00e0 ce titre \u00eatre consid\u00e9r\u00e9 comme la pratique incessante du Qi et \u00e0 un niveau avanc\u00e9 comme capacit\u00e9 \u00e0 vivre en accord avec le Qi et \u00e0 l\u2019utiliser pour le maintien de la sant\u00e9 ou pour la gu\u00e9rison.<\/p>\n<h3><strong>Les origines du Qi Gong<\/strong><\/h3>\n<p>Les premiers artefacts et documents qui peuvent \u00eatre consid\u00e9r\u00e9s comme des instructions pour des exercices corporels et \u00e9nerg\u00e9tiques\u00a0 datent de plus de 5000 ans. On peut retracer Les origines du Qi Gong \u00e0 plus de 10000 ans en arri\u00e8re quand les chamanes utilisaient les forces de la nature pour apaiser les esprits et pour soigner. Des documents datant d\u2019environ 2000 ans\u00a0 retrouv\u00e9s dans les s\u00e9pultures de Mawangdui dans l\u2019actuelle province du Hunan attestent \u00e0 quel point les exercices de Qi Gong \u00e9taient d\u00e9j\u00e0 r\u00e9pandus alors.<\/p>\n<p><a href=\"https:\/\/neijin-qigong.com\/fr\/wp-content\/uploads\/sites\/3\/2016\/11\/Mawangdui_Ausschnitt.jpg\" rel=\"lightbox-2\"><img fetchpriority=\"high\" decoding=\"async\" class=\"alignleft wp-image-23 size-full\" src=\"https:\/\/neijin-qigong.com\/fr\/wp-content\/uploads\/sites\/3\/2016\/11\/Mawangdui_Ausschnitt.jpg\" alt=\"mawangdui_ausschnitt\" width=\"1024\" height=\"156\" srcset=\"https:\/\/neijin-qigong.com\/fr\/wp-content\/uploads\/sites\/3\/2016\/11\/Mawangdui_Ausschnitt.jpg 1024w, https:\/\/neijin-qigong.com\/fr\/wp-content\/uploads\/sites\/3\/2016\/11\/Mawangdui_Ausschnitt-300x46.jpg 300w, https:\/\/neijin-qigong.com\/fr\/wp-content\/uploads\/sites\/3\/2016\/11\/Mawangdui_Ausschnitt-768x117.jpg 768w, https:\/\/neijin-qigong.com\/fr\/wp-content\/uploads\/sites\/3\/2016\/11\/Mawangdui_Ausschnitt-481x73.jpg 481w\" sizes=\"(max-width: 1024px) 100vw, 1024px\" \/><\/a><\/p>\n<h3><strong>Les diff\u00e9rentes \u00e9coles de Qigong<\/strong><\/h3>\n<p>Le d\u00e9veloppement\u00a0 du Qi Gong s\u2019est poursuivi pendant des si\u00e8cles. Les diff\u00e9rents aspects du travail sur le Qi impr\u00e8gnent les diff\u00e9rentes formes d\u2019exercices qui se sont orient\u00e9s, soit plut\u00f4t vers le maintien de la sant\u00e9 et le soin, soit vers l\u2019approfondissement de la spiritualit\u00e9\u00a0 ou vers l\u2019augmentation de la force physique ou\u00a0 de l\u2019habilit\u00e9. Les influences des enseignements du boudhisme, du tao\u00efsme et du confucianisme de m\u00eame que la M\u00e9decine Traditionnelle Chinoise et les arts martiaux ont\u00a0 conduit \u00e0\u00a0 la fondation de diff\u00e9rentes \u00e9coles.<\/p>\n<p><span style=\"color: #ff0000\"><a href=\"https:\/\/neijin-qigong.com\/fr\/wp-content\/uploads\/sites\/3\/2016\/11\/Flussdiagram_Qigong_franz\u00f6sisch.jpg\" rel=\"lightbox-3\"><img loading=\"lazy\" decoding=\"async\" class=\"alignleft size-large wp-image-201\" src=\"https:\/\/neijin-qigong.com\/fr\/wp-content\/uploads\/sites\/3\/2016\/11\/Flussdiagram_Qigong_franz\u00f6sisch-1024x199.jpg\" alt=\"flussdiagram_qigong_franzosisch\" width=\"1024\" height=\"199\" srcset=\"https:\/\/neijin-qigong.com\/fr\/wp-content\/uploads\/sites\/3\/2016\/11\/Flussdiagram_Qigong_franz\u00f6sisch.jpg 1024w, https:\/\/neijin-qigong.com\/fr\/wp-content\/uploads\/sites\/3\/2016\/11\/Flussdiagram_Qigong_franz\u00f6sisch-300x58.jpg 300w, https:\/\/neijin-qigong.com\/fr\/wp-content\/uploads\/sites\/3\/2016\/11\/Flussdiagram_Qigong_franz\u00f6sisch-768x149.jpg 768w, https:\/\/neijin-qigong.com\/fr\/wp-content\/uploads\/sites\/3\/2016\/11\/Flussdiagram_Qigong_franz\u00f6sisch-481x93.jpg 481w\" sizes=\"(max-width: 1024px) 100vw, 1024px\" \/><\/a><\/span><\/p>\n<p>Parall\u00e8lement \u00e0 ces diff\u00e9rentes \u00e9coles et aux nombreux exercices qui en d\u00e9coulent, une vaste sagesse populaire s\u2019est d\u00e9velopp\u00e9e quant aux effets positifs du Qi Gong sur la sant\u00e9.<\/p>\n<p>Enrichi par diff\u00e9rents apports de la M\u00e9decine Traditionnelle Chinoise, les exercices et les connaissances se sont ainsi tranmis dans les familles. Jusqu\u2019\u00e0\u00a0 ce jour, ils sont utilis\u00e9s pour les soins de sant\u00e9 et contiennent en m\u00eame temps des \u00e9l\u00e9ments philosophiques et spirituels.<\/p>\n<p>Le Qi Gong est empreint de repr\u00e9sentations philosophiques fondamentales telles que:<\/p>\n<p><a href=\"https:\/\/neijin-qigong.com\/fr\/wp-content\/uploads\/sites\/3\/2016\/11\/Meridian_Dreichfacher_Erwaermer.jpg\" rel=\"lightbox-4\"><img loading=\"lazy\" decoding=\"async\" class=\"alignleft wp-image-24 size-medium\" src=\"https:\/\/neijin-qigong.com\/fr\/wp-content\/uploads\/sites\/3\/2016\/11\/Meridian_Dreichfacher_Erwaermer-183x300.jpg\" alt=\"meridian_dreichfacher_erwaermer\" width=\"183\" height=\"300\" srcset=\"https:\/\/neijin-qigong.com\/fr\/wp-content\/uploads\/sites\/3\/2016\/11\/Meridian_Dreichfacher_Erwaermer-183x300.jpg 183w, https:\/\/neijin-qigong.com\/fr\/wp-content\/uploads\/sites\/3\/2016\/11\/Meridian_Dreichfacher_Erwaermer-768x1257.jpg 768w, https:\/\/neijin-qigong.com\/fr\/wp-content\/uploads\/sites\/3\/2016\/11\/Meridian_Dreichfacher_Erwaermer-625x1024.jpg 625w, https:\/\/neijin-qigong.com\/fr\/wp-content\/uploads\/sites\/3\/2016\/11\/Meridian_Dreichfacher_Erwaermer-481x788.jpg 481w\" sizes=\"(max-width: 183px) 100vw, 183px\" \/><\/a><\/p>\n<ul>\n<li>la dualit\u00e9 yin yang qui signifient que seuls les deux oppos\u00e9s forment un tout\u00a0 complet<\/li>\n<li>le pr\u00e9cepte des cinq transformations qui d\u00e9coulent de la relation dynamique entre les cinq \u00e9l\u00e9ments Bois, Feu, Terre, M\u00e9tal et Eau dans un processus perp\u00e9tuel et cyclique<\/li>\n<li>l\u2019enseignement sur les organes internes\u00a0 reposant sur des observations mill\u00e9naires de la nature de l\u2019homme et\u00a0 qui m\u00e8nent \u00e0 la conviction que de m\u00eame qu\u2019ils ont une signification psychologique ils ont aussi un aspect spirituel<\/li>\n<li>la fonction des m\u00e9ridiens, qui selon la MTC sont des voies d\u2019\u00e9nergie dans le corps et des ponts entre le corps et l\u2019esprit.<br \/>\n<div class=\"divider\"><\/div><\/li>\n<\/ul>\n<h3><strong>Le Qi Gong et la TMC (M\u00e9decine Traditionnelle Chinoise)<\/strong><\/h3>\n<p>Le Qi Gong, de m\u00eame que la m\u00e9decine chinoise, est fond\u00e9 sur le grand principe du Yin et du Yang. La th\u00e9orie des 5 phases de transformations a une influence importante, tout comme celle des organes internes et des m\u00e9ridiens. En outre, la prise en compte de l\u2019\u00eatre humain dans sa globalit\u00e9 est un point commun capital. L\u2019unit\u00e9 du corps, de l\u2019esprit et de l\u2019\u00e2me sont un point crucial de m\u00eame que la relation de l\u2019homme \u00e0 son environnement social et son \u00e9troite relation \u00e0 la nature. La MTC et le Qi Gong sont \u00e9troitement li\u00e9s dans leur d\u00e9veloppement. Le Qi Gong est m\u00eame souvent d\u00e9crit comme la m\u00e8re de la MTC car sans ses connaissances tr\u00e8s profondes de l\u2019\u00e9nergie du Qi, de nombreuses \u00a0m\u00e9thode d\u2019investigation et de manipulation de la TMC\u00a0 n\u2019auraient pas pu \u00eatre concues. Aujourd\u2019hui, le Qi Gong est consid\u00e9r\u00e9 comme un des cinq piliers de la MTC avec l\u2019acupuncture, les massages, les plantes m\u00e9dicinales et l\u2019alimentation.<\/p>\n<p><span style=\"color: #ff0000\"><a href=\"https:\/\/neijin-qigong.com\/fr\/wp-content\/uploads\/sites\/3\/2016\/11\/Flussdiagramm_TCM_franz\u00f6sisch.jpg\" rel=\"lightbox-5\"><img loading=\"lazy\" decoding=\"async\" class=\"alignleft size-large wp-image-202\" src=\"https:\/\/neijin-qigong.com\/fr\/wp-content\/uploads\/sites\/3\/2016\/11\/Flussdiagramm_TCM_franz\u00f6sisch-1024x199.jpg\" alt=\"flussdiagramm_tcm_franzosisch\" width=\"1024\" height=\"199\" srcset=\"https:\/\/neijin-qigong.com\/fr\/wp-content\/uploads\/sites\/3\/2016\/11\/Flussdiagramm_TCM_franz\u00f6sisch.jpg 1024w, https:\/\/neijin-qigong.com\/fr\/wp-content\/uploads\/sites\/3\/2016\/11\/Flussdiagramm_TCM_franz\u00f6sisch-300x58.jpg 300w, https:\/\/neijin-qigong.com\/fr\/wp-content\/uploads\/sites\/3\/2016\/11\/Flussdiagramm_TCM_franz\u00f6sisch-768x149.jpg 768w, https:\/\/neijin-qigong.com\/fr\/wp-content\/uploads\/sites\/3\/2016\/11\/Flussdiagramm_TCM_franz\u00f6sisch-481x93.jpg 481w\" sizes=\"(max-width: 1024px) 100vw, 1024px\" \/><\/a><\/span><\/p>\n","protected":false},"excerpt":{"rendered":"<p>Nous admirons les personnes qui traversent la vie pleines d\u2019\u00e9nergie,\u00a0 affrontant\u00a0 d\u00e9fis et\u00a0 phases difficiles avec confiance en soi et s\u00e9r\u00e9nit\u00e9 ,et qui, \u00e9tablies dans la pr\u00e9sence et l\u2018optimisme peuvent\u00a0 transmettre aux\u00a0 autres de la joie et une vision positive de la vie. Le secret de ces hommes r\u00e9side dans la libre circulation de l\u2019\u00e9nergie [&hellip;]<\/p>\n","protected":false},"author":4,"featured_media":19,"parent":26,"menu_order":0,"comment_status":"closed","ping_status":"closed","template":"","meta":{"footnotes":""},"class_list":["post-16","page","type-page","status-publish","has-post-thumbnail","hentry"],"yoast_head":"<!-- This site is optimized with the Yoast SEO plugin v26.3 - https:\/\/yoast.com\/wordpress\/plugins\/seo\/ -->\n<title>Qu\u2019est-ce que le Qigong? - Neijin Qigong (Franz\u00f6sisch)<\/title>\n<meta name=\"robots\" content=\"index, follow, max-snippet:-1, max-image-preview:large, max-video-preview:-1\" \/>\n<link rel=\"canonical\" href=\"https:\/\/neijin-qigong.com\/fr\/qigong\/quest-ce-que-le-qigong\/\" \/>\n<meta property=\"og:locale\" content=\"de_DE\" \/>\n<meta property=\"og:type\" content=\"article\" \/>\n<meta property=\"og:title\" content=\"Qu\u2019est-ce que le Qigong? - Neijin Qigong (Franz\u00f6sisch)\" \/>\n<meta property=\"og:description\" content=\"Nous admirons les personnes qui traversent la vie pleines d\u2019\u00e9nergie,\u00a0 affrontant\u00a0 d\u00e9fis et\u00a0 phases difficiles avec confiance en soi et s\u00e9r\u00e9nit\u00e9 ,et qui, \u00e9tablies dans la pr\u00e9sence et l\u2018optimisme peuvent\u00a0 transmettre aux\u00a0 autres de la joie et une vision positive de la vie. Le secret de ces hommes r\u00e9side dans la libre circulation de l\u2019\u00e9nergie [&hellip;]\" \/>\n<meta property=\"og:url\" content=\"https:\/\/neijin-qigong.com\/fr\/qigong\/quest-ce-que-le-qigong\/\" \/>\n<meta property=\"og:site_name\" content=\"Neijin Qigong (Franz\u00f6sisch)\" \/>\n<meta property=\"article:modified_time\" content=\"2016-11-07T14:48:41+00:00\" \/>\n<meta property=\"og:image\" content=\"https:\/\/neijin-qigong.com\/fr\/wp-content\/uploads\/sites\/3\/2016\/11\/Header_Qigong.jpg\" \/>\n\t<meta property=\"og:image:width\" content=\"1920\" \/>\n\t<meta property=\"og:image:height\" content=\"300\" \/>\n\t<meta property=\"og:image:type\" content=\"image\/jpeg\" \/>\n<meta name=\"twitter:card\" content=\"summary_large_image\" \/>\n<meta name=\"twitter:label1\" content=\"Gesch\u00e4tzte Lesezeit\" \/>\n\t<meta name=\"twitter:data1\" content=\"5\u00a0Minuten\" \/>\n<script type=\"application\/ld+json\" class=\"yoast-schema-graph\">{\"@context\":\"https:\/\/schema.org\",\"@graph\":[{\"@type\":\"WebPage\",\"@id\":\"https:\/\/neijin-qigong.com\/fr\/qigong\/quest-ce-que-le-qigong\/\",\"url\":\"https:\/\/neijin-qigong.com\/fr\/qigong\/quest-ce-que-le-qigong\/\",\"name\":\"Qu\u2019est-ce que le Qigong? - Neijin Qigong (Franz\u00f6sisch)\",\"isPartOf\":{\"@id\":\"https:\/\/neijin-qigong.com\/fr\/#website\"},\"primaryImageOfPage\":{\"@id\":\"https:\/\/neijin-qigong.com\/fr\/qigong\/quest-ce-que-le-qigong\/#primaryimage\"},\"image\":{\"@id\":\"https:\/\/neijin-qigong.com\/fr\/qigong\/quest-ce-que-le-qigong\/#primaryimage\"},\"thumbnailUrl\":\"https:\/\/neijin-qigong.com\/fr\/wp-content\/uploads\/sites\/3\/2016\/11\/Header_Qigong.jpg\",\"datePublished\":\"2016-11-05T21:47:50+00:00\",\"dateModified\":\"2016-11-07T14:48:41+00:00\",\"breadcrumb\":{\"@id\":\"https:\/\/neijin-qigong.com\/fr\/qigong\/quest-ce-que-le-qigong\/#breadcrumb\"},\"inLanguage\":\"de\",\"potentialAction\":[{\"@type\":\"ReadAction\",\"target\":[\"https:\/\/neijin-qigong.com\/fr\/qigong\/quest-ce-que-le-qigong\/\"]}]},{\"@type\":\"ImageObject\",\"inLanguage\":\"de\",\"@id\":\"https:\/\/neijin-qigong.com\/fr\/qigong\/quest-ce-que-le-qigong\/#primaryimage\",\"url\":\"https:\/\/neijin-qigong.com\/fr\/wp-content\/uploads\/sites\/3\/2016\/11\/Header_Qigong.jpg\",\"contentUrl\":\"https:\/\/neijin-qigong.com\/fr\/wp-content\/uploads\/sites\/3\/2016\/11\/Header_Qigong.jpg\",\"width\":1920,\"height\":300},{\"@type\":\"BreadcrumbList\",\"@id\":\"https:\/\/neijin-qigong.com\/fr\/qigong\/quest-ce-que-le-qigong\/#breadcrumb\",\"itemListElement\":[{\"@type\":\"ListItem\",\"position\":1,\"name\":\"Startseite\",\"item\":\"https:\/\/neijin-qigong.com\/fr\/\"},{\"@type\":\"ListItem\",\"position\":2,\"name\":\"Qigong\",\"item\":\"https:\/\/neijin-qigong.com\/fr\/qigong\/\"},{\"@type\":\"ListItem\",\"position\":3,\"name\":\"Qu\u2019est-ce que le Qigong?\"}]},{\"@type\":\"WebSite\",\"@id\":\"https:\/\/neijin-qigong.com\/fr\/#website\",\"url\":\"https:\/\/neijin-qigong.com\/fr\/\",\"name\":\"Neijin Qigong (Franz\u00f6sisch)\",\"description\":\"Eine weitere Neijin Qigong Websites Website\",\"potentialAction\":[{\"@type\":\"SearchAction\",\"target\":{\"@type\":\"EntryPoint\",\"urlTemplate\":\"https:\/\/neijin-qigong.com\/fr\/?s={search_term_string}\"},\"query-input\":{\"@type\":\"PropertyValueSpecification\",\"valueRequired\":true,\"valueName\":\"search_term_string\"}}],\"inLanguage\":\"de\"}]}<\/script>\n<!-- \/ Yoast SEO plugin. -->","yoast_head_json":{"title":"Qu\u2019est-ce que le Qigong? - Neijin Qigong (Franz\u00f6sisch)","robots":{"index":"index","follow":"follow","max-snippet":"max-snippet:-1","max-image-preview":"max-image-preview:large","max-video-preview":"max-video-preview:-1"},"canonical":"https:\/\/neijin-qigong.com\/fr\/qigong\/quest-ce-que-le-qigong\/","og_locale":"de_DE","og_type":"article","og_title":"Qu\u2019est-ce que le Qigong? - Neijin Qigong (Franz\u00f6sisch)","og_description":"Nous admirons les personnes qui traversent la vie pleines d\u2019\u00e9nergie,\u00a0 affrontant\u00a0 d\u00e9fis et\u00a0 phases difficiles avec confiance en soi et s\u00e9r\u00e9nit\u00e9 ,et qui, \u00e9tablies dans la pr\u00e9sence et l\u2018optimisme peuvent\u00a0 transmettre aux\u00a0 autres de la joie et une vision positive de la vie. Le secret de ces hommes r\u00e9side dans la libre circulation de l\u2019\u00e9nergie [&hellip;]","og_url":"https:\/\/neijin-qigong.com\/fr\/qigong\/quest-ce-que-le-qigong\/","og_site_name":"Neijin Qigong (Franz\u00f6sisch)","article_modified_time":"2016-11-07T14:48:41+00:00","og_image":[{"width":1920,"height":300,"url":"https:\/\/neijin-qigong.com\/fr\/wp-content\/uploads\/sites\/3\/2016\/11\/Header_Qigong.jpg","type":"image\/jpeg"}],"twitter_card":"summary_large_image","twitter_misc":{"Gesch\u00e4tzte Lesezeit":"5\u00a0Minuten"},"schema":{"@context":"https:\/\/schema.org","@graph":[{"@type":"WebPage","@id":"https:\/\/neijin-qigong.com\/fr\/qigong\/quest-ce-que-le-qigong\/","url":"https:\/\/neijin-qigong.com\/fr\/qigong\/quest-ce-que-le-qigong\/","name":"Qu\u2019est-ce que le Qigong? - Neijin Qigong (Franz\u00f6sisch)","isPartOf":{"@id":"https:\/\/neijin-qigong.com\/fr\/#website"},"primaryImageOfPage":{"@id":"https:\/\/neijin-qigong.com\/fr\/qigong\/quest-ce-que-le-qigong\/#primaryimage"},"image":{"@id":"https:\/\/neijin-qigong.com\/fr\/qigong\/quest-ce-que-le-qigong\/#primaryimage"},"thumbnailUrl":"https:\/\/neijin-qigong.com\/fr\/wp-content\/uploads\/sites\/3\/2016\/11\/Header_Qigong.jpg","datePublished":"2016-11-05T21:47:50+00:00","dateModified":"2016-11-07T14:48:41+00:00","breadcrumb":{"@id":"https:\/\/neijin-qigong.com\/fr\/qigong\/quest-ce-que-le-qigong\/#breadcrumb"},"inLanguage":"de","potentialAction":[{"@type":"ReadAction","target":["https:\/\/neijin-qigong.com\/fr\/qigong\/quest-ce-que-le-qigong\/"]}]},{"@type":"ImageObject","inLanguage":"de","@id":"https:\/\/neijin-qigong.com\/fr\/qigong\/quest-ce-que-le-qigong\/#primaryimage","url":"https:\/\/neijin-qigong.com\/fr\/wp-content\/uploads\/sites\/3\/2016\/11\/Header_Qigong.jpg","contentUrl":"https:\/\/neijin-qigong.com\/fr\/wp-content\/uploads\/sites\/3\/2016\/11\/Header_Qigong.jpg","width":1920,"height":300},{"@type":"BreadcrumbList","@id":"https:\/\/neijin-qigong.com\/fr\/qigong\/quest-ce-que-le-qigong\/#breadcrumb","itemListElement":[{"@type":"ListItem","position":1,"name":"Startseite","item":"https:\/\/neijin-qigong.com\/fr\/"},{"@type":"ListItem","position":2,"name":"Qigong","item":"https:\/\/neijin-qigong.com\/fr\/qigong\/"},{"@type":"ListItem","position":3,"name":"Qu\u2019est-ce que le Qigong?"}]},{"@type":"WebSite","@id":"https:\/\/neijin-qigong.com\/fr\/#website","url":"https:\/\/neijin-qigong.com\/fr\/","name":"Neijin Qigong (Franz\u00f6sisch)","description":"Eine weitere Neijin Qigong Websites Website","potentialAction":[{"@type":"SearchAction","target":{"@type":"EntryPoint","urlTemplate":"https:\/\/neijin-qigong.com\/fr\/?s={search_term_string}"},"query-input":{"@type":"PropertyValueSpecification","valueRequired":true,"valueName":"search_term_string"}}],"inLanguage":"de"}]}},"_links":{"self":[{"href":"https:\/\/neijin-qigong.com\/fr\/wp-json\/wp\/v2\/pages\/16","targetHints":{"allow":["GET"]}}],"collection":[{"href":"https:\/\/neijin-qigong.com\/fr\/wp-json\/wp\/v2\/pages"}],"about":[{"href":"https:\/\/neijin-qigong.com\/fr\/wp-json\/wp\/v2\/types\/page"}],"author":[{"embeddable":true,"href":"https:\/\/neijin-qigong.com\/fr\/wp-json\/wp\/v2\/users\/4"}],"replies":[{"embeddable":true,"href":"https:\/\/neijin-qigong.com\/fr\/wp-json\/wp\/v2\/comments?post=16"}],"version-history":[{"count":4,"href":"https:\/\/neijin-qigong.com\/fr\/wp-json\/wp\/v2\/pages\/16\/revisions"}],"predecessor-version":[{"id":203,"href":"https:\/\/neijin-qigong.com\/fr\/wp-json\/wp\/v2\/pages\/16\/revisions\/203"}],"up":[{"embeddable":true,"href":"https:\/\/neijin-qigong.com\/fr\/wp-json\/wp\/v2\/pages\/26"}],"wp:featuredmedia":[{"embeddable":true,"href":"https:\/\/neijin-qigong.com\/fr\/wp-json\/wp\/v2\/media\/19"}],"wp:attachment":[{"href":"https:\/\/neijin-qigong.com\/fr\/wp-json\/wp\/v2\/media?parent=16"}],"curies":[{"name":"wp","href":"https:\/\/api.w.org\/{rel}","templated":true}]}}