{"id":232,"date":"2018-01-20T19:33:06","date_gmt":"2018-01-20T18:33:06","guid":{"rendered":"https:\/\/neijin-qigong.com\/fr\/?page_id=232"},"modified":"2018-01-20T19:41:47","modified_gmt":"2018-01-20T18:41:47","slug":"quest-ce-que-le-taichi","status":"publish","type":"page","link":"https:\/\/neijin-qigong.com\/fr\/taichi\/quest-ce-que-le-taichi\/","title":{"rendered":"Qu\u2019est- ce que le Ta\u00efchi ?"},"content":{"rendered":"<p>Pour l\u2019observateur, le Ta\u00efchi (nom abr\u00e9g\u00e9 du Ta\u00efchi Chuan) se caract\u00e9rise avant tout par son c\u00f4t\u00e9 esth\u00e9tique. Par contre pour celui qui s\u2019y exerce,\u00a0 sa pratique est avant tout\u00a0 synonyme de concentration m\u00e9ditative, de respiration harmonieuse, ainsi que d\u2019\u2019\u00e9quilibre entre le corps, l\u2019esprit et l\u2019\u00e2me. Le Ta\u00efchi a des affinit\u00e9s tr\u00e8s \u00e9troites avec le Qi Gong. Ces deux m\u00e9thodes servent au maintien et au renforcement de la sant\u00e9 et travaillent avec l\u2019\u00e9nergie\u00a0: le \u00ab\u00a0Qi\u00a0\u00bb. En Chine, le Qi Gong est souvent qualifi\u00e9 de m\u00e8re du Ta\u00efchi. Celui qui a d\u00e9j\u00e0 de l\u2019exp\u00e9rience en Qi Gong, en profitera tr\u00e8s certainement quand il abordera le\u00a0 Ta\u00ef Chi.<\/p>\n<h3><strong>Ta\u00efchi et Chuan<a href=\"https:\/\/neijin-qigong.com\/fr\/wp-content\/uploads\/sites\/3\/2018\/01\/Taij_Monade.jpg\" rel=\"lightbox-0\"><img fetchpriority=\"high\" decoding=\"async\" class=\"wp-image-234 size-medium alignright\" src=\"https:\/\/neijin-qigong.com\/fr\/wp-content\/uploads\/sites\/3\/2018\/01\/Taij_Monade-300x300.jpg\" alt=\"\" width=\"300\" height=\"300\" srcset=\"https:\/\/neijin-qigong.com\/fr\/wp-content\/uploads\/sites\/3\/2018\/01\/Taij_Monade-300x300.jpg 300w, https:\/\/neijin-qigong.com\/fr\/wp-content\/uploads\/sites\/3\/2018\/01\/Taij_Monade-150x150.jpg 150w, https:\/\/neijin-qigong.com\/fr\/wp-content\/uploads\/sites\/3\/2018\/01\/Taij_Monade-768x768.jpg 768w, https:\/\/neijin-qigong.com\/fr\/wp-content\/uploads\/sites\/3\/2018\/01\/Taij_Monade-481x481.jpg 481w, https:\/\/neijin-qigong.com\/fr\/wp-content\/uploads\/sites\/3\/2018\/01\/Taij_Monade.jpg 900w\" sizes=\"(max-width: 300px) 100vw, 300px\" \/><\/a><\/strong><\/h3>\n<p>La notion de \u00ab\u00a0Ta\u00efchi\u00a0\u00bb nous ram\u00e8ne loin en arri\u00e8re dans l\u2019histoire chinoise\u00a0: Dans le Yi King, \u00ab\u00a0 le livre des transformations\u00a0\u00bb, \u0153uvre philosophique dont les origines remontent \u00e0\u00a0 plus de deux mille ans, la source de toute chose est d\u00e9sign\u00e9e par un cercle vide. Le symbole du Ta\u00efchi\u00a0 est un cercle divis\u00e9 en une partie claire, et l\u2019autre sombre. Il repr\u00e9sente l\u2019unit\u00e9 de ph\u00e9nom\u00e8nes compl\u00e9mentaires, qui s\u2019opposent, et repr\u00e9sente d\u2019une certaine fa\u00e7on l\u2019origine de la Terre et du Ciel, du Yin et du Yang.<\/p>\n<p>La notion de \u00ab\u00a0Chuan\u00a0\u00bb est g\u00e9n\u00e9ralement traduite par \u00ab\u00a0poing\u00a0\u00bb, ceci indique que le Ta\u00efchi Chuan peut-\u00eatre compt\u00e9 parmi les arts martiaux traditionnels.<\/p>\n<h3><strong>Les origines du Ta\u00efchi Chuan<\/strong><\/h3>\n<p>Il existe de nombreux points de vue, et de l\u00e9gendes quant au lieu et \u00e0 l\u2019origine du Ta\u00efchi Chuan. Par contre, il est un fait que le Ta\u00efchi Chuan a \u00e9t\u00e9 transmis jusqu\u2019au 19\u00b0 si\u00e8cle presque exclusivement dans les monast\u00e8res, et dans quelques familles, la plus connue d\u2019entre elles \u00e9tant la famille Chen. La tradition veut qu\u2019au dix-neuvi\u00e8me si\u00e8cle un d\u00e9nomm\u00e9 Yang Lu Chan\u00a0 se soit introduit dans la maison Chen en tant que domestique, afin d\u2019apprendre en secret l\u2019art jalousement gard\u00e9 du Ta\u00efchi Chuan. Ce domestique enseigna plus tard publiquement \u00e0 P\u00e9kin et entreprit en m\u00eame temps d\u2019apporter les premi\u00e8res modifications \u00e0 cette m\u00e9thode.<\/p>\n<h3><strong>Les \u00e9coles de Ta\u00efchi Chuan<\/strong><\/h3>\n<p><a href=\"https:\/\/neijin-qigong.com\/fr\/wp-content\/uploads\/sites\/3\/2018\/01\/Taijiquan_Schwert_001.jpg\" rel=\"lightbox-1\"><img decoding=\"async\" class=\"alignleft size-medium wp-image-235\" src=\"https:\/\/neijin-qigong.com\/fr\/wp-content\/uploads\/sites\/3\/2018\/01\/Taijiquan_Schwert_001-230x300.jpg\" alt=\"\" width=\"230\" height=\"300\" srcset=\"https:\/\/neijin-qigong.com\/fr\/wp-content\/uploads\/sites\/3\/2018\/01\/Taijiquan_Schwert_001-230x300.jpg 230w, https:\/\/neijin-qigong.com\/fr\/wp-content\/uploads\/sites\/3\/2018\/01\/Taijiquan_Schwert_001-481x627.jpg 481w, https:\/\/neijin-qigong.com\/fr\/wp-content\/uploads\/sites\/3\/2018\/01\/Taijiquan_Schwert_001.jpg 690w\" sizes=\"(max-width: 230px) 100vw, 230px\" \/><\/a>Depuis, une grande vari\u00e9t\u00e9 d\u2019\u00e9coles de Ta\u00efchi Chuan se sont cr\u00e9\u00e9es. Elles portent dans la plupart des cas le nom de leur cr\u00e9ateur. Les courants les plus connus sont le style Chen, le style Wu, le style Yang et le style Sun.<\/p>\n<p>La diversit\u00e9 du Ta\u00efchi Chuan se refl\u00e8te dans la vari\u00e9t\u00e9 des d\u00e9placements et des encha\u00eenements, de m\u00eame que dans les variantes dans l\u2019expression de la force et dans le rythme. Outre les exercices pratiqu\u00e9s individuellement, il existe encore d\u2019autres exercices pratiqu\u00e9s avec un partenaire.\u00a0 Des variantes particuli\u00e8res comportent un travail des armes ou accessoires tels que l\u2019\u00e9p\u00e9e, le b\u00e2ton long et court, ou les \u00e9ventails.<\/p>\n","protected":false},"excerpt":{"rendered":"<p>Pour l\u2019observateur, le Ta\u00efchi (nom abr\u00e9g\u00e9 du Ta\u00efchi Chuan) se caract\u00e9rise avant tout par son c\u00f4t\u00e9 esth\u00e9tique. Par contre pour celui qui s\u2019y exerce,\u00a0 sa pratique est avant tout\u00a0 synonyme de concentration m\u00e9ditative, de respiration harmonieuse, ainsi que d\u2019\u2019\u00e9quilibre entre le corps, l\u2019esprit et l\u2019\u00e2me. Le Ta\u00efchi a des affinit\u00e9s tr\u00e8s \u00e9troites avec le Qi [&hellip;]<\/p>\n","protected":false},"author":4,"featured_media":233,"parent":238,"menu_order":0,"comment_status":"closed","ping_status":"closed","template":"","meta":{"footnotes":""},"class_list":["post-232","page","type-page","status-publish","has-post-thumbnail","hentry"],"yoast_head":"<!-- This site is optimized with the Yoast SEO plugin v26.3 - https:\/\/yoast.com\/wordpress\/plugins\/seo\/ -->\n<title>Qu\u2019est- ce que le Ta\u00efchi ? - Neijin Qigong (Franz\u00f6sisch)<\/title>\n<meta name=\"robots\" content=\"index, follow, max-snippet:-1, max-image-preview:large, max-video-preview:-1\" \/>\n<link rel=\"canonical\" href=\"https:\/\/neijin-qigong.com\/fr\/taichi\/quest-ce-que-le-taichi\/\" \/>\n<meta property=\"og:locale\" content=\"de_DE\" \/>\n<meta property=\"og:type\" content=\"article\" \/>\n<meta property=\"og:title\" content=\"Qu\u2019est- ce que le Ta\u00efchi ? - Neijin Qigong (Franz\u00f6sisch)\" \/>\n<meta property=\"og:description\" content=\"Pour l\u2019observateur, le Ta\u00efchi (nom abr\u00e9g\u00e9 du Ta\u00efchi Chuan) se caract\u00e9rise avant tout par son c\u00f4t\u00e9 esth\u00e9tique. Par contre pour celui qui s\u2019y exerce,\u00a0 sa pratique est avant tout\u00a0 synonyme de concentration m\u00e9ditative, de respiration harmonieuse, ainsi que d\u2019\u2019\u00e9quilibre entre le corps, l\u2019esprit et l\u2019\u00e2me. Le Ta\u00efchi a des affinit\u00e9s tr\u00e8s \u00e9troites avec le Qi [&hellip;]\" \/>\n<meta property=\"og:url\" content=\"https:\/\/neijin-qigong.com\/fr\/taichi\/quest-ce-que-le-taichi\/\" \/>\n<meta property=\"og:site_name\" content=\"Neijin Qigong (Franz\u00f6sisch)\" \/>\n<meta property=\"article:modified_time\" content=\"2018-01-20T18:41:47+00:00\" \/>\n<meta property=\"og:image\" content=\"https:\/\/neijin-qigong.com\/fr\/wp-content\/uploads\/sites\/3\/2018\/01\/Header_Taij_001.jpg\" \/>\n\t<meta property=\"og:image:width\" content=\"1920\" \/>\n\t<meta property=\"og:image:height\" content=\"301\" \/>\n\t<meta property=\"og:image:type\" content=\"image\/jpeg\" \/>\n<meta name=\"twitter:card\" content=\"summary_large_image\" \/>\n<meta name=\"twitter:label1\" content=\"Gesch\u00e4tzte Lesezeit\" \/>\n\t<meta name=\"twitter:data1\" content=\"3\u00a0Minuten\" \/>\n<script type=\"application\/ld+json\" class=\"yoast-schema-graph\">{\"@context\":\"https:\/\/schema.org\",\"@graph\":[{\"@type\":\"WebPage\",\"@id\":\"https:\/\/neijin-qigong.com\/fr\/taichi\/quest-ce-que-le-taichi\/\",\"url\":\"https:\/\/neijin-qigong.com\/fr\/taichi\/quest-ce-que-le-taichi\/\",\"name\":\"Qu\u2019est- ce que le Ta\u00efchi ? - Neijin Qigong (Franz\u00f6sisch)\",\"isPartOf\":{\"@id\":\"https:\/\/neijin-qigong.com\/fr\/#website\"},\"primaryImageOfPage\":{\"@id\":\"https:\/\/neijin-qigong.com\/fr\/taichi\/quest-ce-que-le-taichi\/#primaryimage\"},\"image\":{\"@id\":\"https:\/\/neijin-qigong.com\/fr\/taichi\/quest-ce-que-le-taichi\/#primaryimage\"},\"thumbnailUrl\":\"https:\/\/neijin-qigong.com\/fr\/wp-content\/uploads\/sites\/3\/2018\/01\/Header_Taij_001.jpg\",\"datePublished\":\"2018-01-20T18:33:06+00:00\",\"dateModified\":\"2018-01-20T18:41:47+00:00\",\"breadcrumb\":{\"@id\":\"https:\/\/neijin-qigong.com\/fr\/taichi\/quest-ce-que-le-taichi\/#breadcrumb\"},\"inLanguage\":\"de\",\"potentialAction\":[{\"@type\":\"ReadAction\",\"target\":[\"https:\/\/neijin-qigong.com\/fr\/taichi\/quest-ce-que-le-taichi\/\"]}]},{\"@type\":\"ImageObject\",\"inLanguage\":\"de\",\"@id\":\"https:\/\/neijin-qigong.com\/fr\/taichi\/quest-ce-que-le-taichi\/#primaryimage\",\"url\":\"https:\/\/neijin-qigong.com\/fr\/wp-content\/uploads\/sites\/3\/2018\/01\/Header_Taij_001.jpg\",\"contentUrl\":\"https:\/\/neijin-qigong.com\/fr\/wp-content\/uploads\/sites\/3\/2018\/01\/Header_Taij_001.jpg\",\"width\":1920,\"height\":301},{\"@type\":\"BreadcrumbList\",\"@id\":\"https:\/\/neijin-qigong.com\/fr\/taichi\/quest-ce-que-le-taichi\/#breadcrumb\",\"itemListElement\":[{\"@type\":\"ListItem\",\"position\":1,\"name\":\"Startseite\",\"item\":\"https:\/\/neijin-qigong.com\/fr\/\"},{\"@type\":\"ListItem\",\"position\":2,\"name\":\"Ta\u00efchi\",\"item\":\"https:\/\/neijin-qigong.com\/fr\/taichi\/\"},{\"@type\":\"ListItem\",\"position\":3,\"name\":\"Qu\u2019est- ce que le Ta\u00efchi ?\"}]},{\"@type\":\"WebSite\",\"@id\":\"https:\/\/neijin-qigong.com\/fr\/#website\",\"url\":\"https:\/\/neijin-qigong.com\/fr\/\",\"name\":\"Neijin Qigong (Franz\u00f6sisch)\",\"description\":\"Eine weitere Neijin Qigong Websites Website\",\"potentialAction\":[{\"@type\":\"SearchAction\",\"target\":{\"@type\":\"EntryPoint\",\"urlTemplate\":\"https:\/\/neijin-qigong.com\/fr\/?s={search_term_string}\"},\"query-input\":{\"@type\":\"PropertyValueSpecification\",\"valueRequired\":true,\"valueName\":\"search_term_string\"}}],\"inLanguage\":\"de\"}]}<\/script>\n<!-- \/ Yoast SEO plugin. -->","yoast_head_json":{"title":"Qu\u2019est- ce que le Ta\u00efchi ? - Neijin Qigong (Franz\u00f6sisch)","robots":{"index":"index","follow":"follow","max-snippet":"max-snippet:-1","max-image-preview":"max-image-preview:large","max-video-preview":"max-video-preview:-1"},"canonical":"https:\/\/neijin-qigong.com\/fr\/taichi\/quest-ce-que-le-taichi\/","og_locale":"de_DE","og_type":"article","og_title":"Qu\u2019est- ce que le Ta\u00efchi ? - Neijin Qigong (Franz\u00f6sisch)","og_description":"Pour l\u2019observateur, le Ta\u00efchi (nom abr\u00e9g\u00e9 du Ta\u00efchi Chuan) se caract\u00e9rise avant tout par son c\u00f4t\u00e9 esth\u00e9tique. Par contre pour celui qui s\u2019y exerce,\u00a0 sa pratique est avant tout\u00a0 synonyme de concentration m\u00e9ditative, de respiration harmonieuse, ainsi que d\u2019\u2019\u00e9quilibre entre le corps, l\u2019esprit et l\u2019\u00e2me. Le Ta\u00efchi a des affinit\u00e9s tr\u00e8s \u00e9troites avec le Qi [&hellip;]","og_url":"https:\/\/neijin-qigong.com\/fr\/taichi\/quest-ce-que-le-taichi\/","og_site_name":"Neijin Qigong (Franz\u00f6sisch)","article_modified_time":"2018-01-20T18:41:47+00:00","og_image":[{"width":1920,"height":301,"url":"https:\/\/neijin-qigong.com\/fr\/wp-content\/uploads\/sites\/3\/2018\/01\/Header_Taij_001.jpg","type":"image\/jpeg"}],"twitter_card":"summary_large_image","twitter_misc":{"Gesch\u00e4tzte Lesezeit":"3\u00a0Minuten"},"schema":{"@context":"https:\/\/schema.org","@graph":[{"@type":"WebPage","@id":"https:\/\/neijin-qigong.com\/fr\/taichi\/quest-ce-que-le-taichi\/","url":"https:\/\/neijin-qigong.com\/fr\/taichi\/quest-ce-que-le-taichi\/","name":"Qu\u2019est- ce que le Ta\u00efchi ? - Neijin Qigong (Franz\u00f6sisch)","isPartOf":{"@id":"https:\/\/neijin-qigong.com\/fr\/#website"},"primaryImageOfPage":{"@id":"https:\/\/neijin-qigong.com\/fr\/taichi\/quest-ce-que-le-taichi\/#primaryimage"},"image":{"@id":"https:\/\/neijin-qigong.com\/fr\/taichi\/quest-ce-que-le-taichi\/#primaryimage"},"thumbnailUrl":"https:\/\/neijin-qigong.com\/fr\/wp-content\/uploads\/sites\/3\/2018\/01\/Header_Taij_001.jpg","datePublished":"2018-01-20T18:33:06+00:00","dateModified":"2018-01-20T18:41:47+00:00","breadcrumb":{"@id":"https:\/\/neijin-qigong.com\/fr\/taichi\/quest-ce-que-le-taichi\/#breadcrumb"},"inLanguage":"de","potentialAction":[{"@type":"ReadAction","target":["https:\/\/neijin-qigong.com\/fr\/taichi\/quest-ce-que-le-taichi\/"]}]},{"@type":"ImageObject","inLanguage":"de","@id":"https:\/\/neijin-qigong.com\/fr\/taichi\/quest-ce-que-le-taichi\/#primaryimage","url":"https:\/\/neijin-qigong.com\/fr\/wp-content\/uploads\/sites\/3\/2018\/01\/Header_Taij_001.jpg","contentUrl":"https:\/\/neijin-qigong.com\/fr\/wp-content\/uploads\/sites\/3\/2018\/01\/Header_Taij_001.jpg","width":1920,"height":301},{"@type":"BreadcrumbList","@id":"https:\/\/neijin-qigong.com\/fr\/taichi\/quest-ce-que-le-taichi\/#breadcrumb","itemListElement":[{"@type":"ListItem","position":1,"name":"Startseite","item":"https:\/\/neijin-qigong.com\/fr\/"},{"@type":"ListItem","position":2,"name":"Ta\u00efchi","item":"https:\/\/neijin-qigong.com\/fr\/taichi\/"},{"@type":"ListItem","position":3,"name":"Qu\u2019est- ce que le Ta\u00efchi ?"}]},{"@type":"WebSite","@id":"https:\/\/neijin-qigong.com\/fr\/#website","url":"https:\/\/neijin-qigong.com\/fr\/","name":"Neijin Qigong (Franz\u00f6sisch)","description":"Eine weitere Neijin Qigong Websites Website","potentialAction":[{"@type":"SearchAction","target":{"@type":"EntryPoint","urlTemplate":"https:\/\/neijin-qigong.com\/fr\/?s={search_term_string}"},"query-input":{"@type":"PropertyValueSpecification","valueRequired":true,"valueName":"search_term_string"}}],"inLanguage":"de"}]}},"_links":{"self":[{"href":"https:\/\/neijin-qigong.com\/fr\/wp-json\/wp\/v2\/pages\/232","targetHints":{"allow":["GET"]}}],"collection":[{"href":"https:\/\/neijin-qigong.com\/fr\/wp-json\/wp\/v2\/pages"}],"about":[{"href":"https:\/\/neijin-qigong.com\/fr\/wp-json\/wp\/v2\/types\/page"}],"author":[{"embeddable":true,"href":"https:\/\/neijin-qigong.com\/fr\/wp-json\/wp\/v2\/users\/4"}],"replies":[{"embeddable":true,"href":"https:\/\/neijin-qigong.com\/fr\/wp-json\/wp\/v2\/comments?post=232"}],"version-history":[{"count":2,"href":"https:\/\/neijin-qigong.com\/fr\/wp-json\/wp\/v2\/pages\/232\/revisions"}],"predecessor-version":[{"id":241,"href":"https:\/\/neijin-qigong.com\/fr\/wp-json\/wp\/v2\/pages\/232\/revisions\/241"}],"up":[{"embeddable":true,"href":"https:\/\/neijin-qigong.com\/fr\/wp-json\/wp\/v2\/pages\/238"}],"wp:featuredmedia":[{"embeddable":true,"href":"https:\/\/neijin-qigong.com\/fr\/wp-json\/wp\/v2\/media\/233"}],"wp:attachment":[{"href":"https:\/\/neijin-qigong.com\/fr\/wp-json\/wp\/v2\/media?parent=232"}],"curies":[{"name":"wp","href":"https:\/\/api.w.org\/{rel}","templated":true}]}}