{"id":28,"date":"2016-11-05T23:06:07","date_gmt":"2016-11-05T22:06:07","guid":{"rendered":"https:\/\/neijin-qigong.com\/fr\/?page_id=28"},"modified":"2016-11-05T23:11:33","modified_gmt":"2016-11-05T22:11:33","slug":"le-shaolin-neijin-qigong","status":"publish","type":"page","link":"https:\/\/neijin-qigong.com\/fr\/qigong\/le-shaolin-neijin-qigong\/","title":{"rendered":"Le Shaolin Neijin Qigong"},"content":{"rendered":"<h3><a href=\"https:\/\/neijin-qigong.com\/fr\/wp-content\/uploads\/sites\/3\/2016\/11\/Kalligrafie-Shaolin-Neijin-Yizhichan-2.jpg\" rel=\"lightbox-0\"><img decoding=\"async\" class=\"alignleft wp-image-31 size-medium\" src=\"https:\/\/neijin-qigong.com\/fr\/wp-content\/uploads\/sites\/3\/2016\/11\/Kalligrafie-Shaolin-Neijin-Yizhichan-2-300x75.jpg\" alt=\"kalligrafie-shaolin-neijin-yizhichan-2\" width=\"300\" height=\"75\" srcset=\"https:\/\/neijin-qigong.com\/fr\/wp-content\/uploads\/sites\/3\/2016\/11\/Kalligrafie-Shaolin-Neijin-Yizhichan-2-300x75.jpg 300w, https:\/\/neijin-qigong.com\/fr\/wp-content\/uploads\/sites\/3\/2016\/11\/Kalligrafie-Shaolin-Neijin-Yizhichan-2-768x191.jpg 768w, https:\/\/neijin-qigong.com\/fr\/wp-content\/uploads\/sites\/3\/2016\/11\/Kalligrafie-Shaolin-Neijin-Yizhichan-2-1024x255.jpg 1024w, https:\/\/neijin-qigong.com\/fr\/wp-content\/uploads\/sites\/3\/2016\/11\/Kalligrafie-Shaolin-Neijin-Yizhichan-2-481x120.jpg 481w, https:\/\/neijin-qigong.com\/fr\/wp-content\/uploads\/sites\/3\/2016\/11\/Kalligrafie-Shaolin-Neijin-Yizhichan-2-1206x300.jpg 1206w\" sizes=\"(max-width: 300px) 100vw, 300px\" \/><\/a><\/h3>\n<p>&nbsp;<\/p>\n<p>&nbsp;<\/p>\n<h3><\/h3>\n<h3><strong>Les origines<\/strong><\/h3>\n<p>Le Shaolin Neijin Qigong ou Shaolin Neijin Yizhichan trouve ses origines dans la pratique de la m\u00e9ditation du monast\u00e8re Shaolin du Nord, environ 500 ans apr\u00e8s J\u00e9sus-Christ. Plus tard, la m\u00e9thode a \u00e9t\u00e9 conserv\u00e9e et d\u00e9velopp\u00e9e dans le monast\u00e8re Shaolin du Sud. Enfin, elle fut divulgu\u00e9e \u00e0 un plus large public par\u00a0 l&#8217;Arri\u00e8re-Grand-Ma\u00eetre Ashui Que, qui\u00a0 quitta le monast\u00e8re en 1945. Apr\u00e8s lui, en tant que d\u00e9tenteur de cette connaissance pour\u00a0 la 19e g\u00e9n\u00e9ration, le Grand-Ma\u00eetre Jinsheng Yao a contribu\u00e9 intensivement \u00e0 propager cette m\u00e9thode davantage encore. Puis ce fut le Grand-Ma\u00eetre\u00a0 Buyin Zheng, seul repr\u00e9sentant autoris\u00e9 de la ligne directe des ma\u00eetres, \u00e0 qui revint\u00a0le devoir et la responsabilit\u00e9 de diffuser le Shaolin Neijin Qigong dans le monde occidental.<\/p>\n<p><a href=\"https:\/\/neijin-qigong.com\/fr\/wp-content\/uploads\/sites\/3\/2016\/11\/Besuch_Familie_Que.jpg\" rel=\"lightbox-1\"><img fetchpriority=\"high\" decoding=\"async\" class=\"alignleft wp-image-29 size-full\" src=\"https:\/\/neijin-qigong.com\/fr\/wp-content\/uploads\/sites\/3\/2016\/11\/Besuch_Familie_Que.jpg\" alt=\"besuch_familie_que\" width=\"1024\" height=\"300\" srcset=\"https:\/\/neijin-qigong.com\/fr\/wp-content\/uploads\/sites\/3\/2016\/11\/Besuch_Familie_Que.jpg 1024w, https:\/\/neijin-qigong.com\/fr\/wp-content\/uploads\/sites\/3\/2016\/11\/Besuch_Familie_Que-300x88.jpg 300w, https:\/\/neijin-qigong.com\/fr\/wp-content\/uploads\/sites\/3\/2016\/11\/Besuch_Familie_Que-768x225.jpg 768w, https:\/\/neijin-qigong.com\/fr\/wp-content\/uploads\/sites\/3\/2016\/11\/Besuch_Familie_Que-481x141.jpg 481w\" sizes=\"(max-width: 1024px) 100vw, 1024px\" \/><\/a><\/p>\n<p style=\"text-align: center\">Les Grands-Ma\u00eetres Jinsheng Yao et Buyin Zheng en visite chez l&#8217;\u00e9pouse de l&#8217;arri\u00e8re Grand-Ma\u00eetre Ashui Que (2007).<\/p>\n<p>Composante m\u00e9ditative\u00a0 essentielle du bouddhisme Chan, le Shaolin Neijin Qi Gong appartient\u00a0 \u00e0 un\u00a0 syst\u00e8me de Qi Gong authentique dont le savoir a \u00e9t\u00e9 transmis de mani\u00e8re rigoureuse. En t\u00e9moignent\u00a0 une lign\u00e9e de Ma\u00eetres reconnue, des niveaux de formation et de comp\u00e9tence graduels et\u00a0 la formation parall\u00e8le du corps et de l&#8217;esprit<\/p>\n<p>L\u2019\u00e9tendue de la m\u00e9thode se refl\u00e8te clairement dans les diff\u00e9rentes composantes de son\u00a0 nom\u00a0:<br \/>\n<strong>Shaolin<\/strong> fait r\u00e9f\u00e9rence \u00e0 l&#8217;origine de la m\u00e9thode;<br \/>\n<strong>Neijin<\/strong> repr\u00e9sente la force int\u00e9rieure, le potentiel et l&#8217;\u00e9nergie du corps et de l&#8217;esprit;<br \/>\n<strong>Yizhi<\/strong> signifie litt\u00e9ralement &#8222;un doigt&#8220;\u00a0; ce terme est li\u00e9 \u00e0 la m\u00e9thode certains\u00a0 exercices sp\u00e9cifiques de transfert d\u2019\u00e9nergie \u00e9tant r\u00e9alis\u00e9s avec les doigts.<br \/>\n<strong>Chan<\/strong> est une forme particuli\u00e8re du bouddhisme, qui insiste, entre autres, sur la pratique d\u2019une m\u00e9ditation profonde\u00a0 dont le but est le d\u00e9veloppement\u00a0 de la compassion et l\u2019\u00e9panouissement de la sagesse.<\/p>\n<h3><strong>Les exercices les plus importants<\/strong><\/h3>\n<p><strong>\u00a0La posture du cavalier<\/strong><br \/>\nL&#8217;exercice nomm\u00e9 \u00ab\u00a0posture du cavalier\u00a0\u00bb occupe une place centrale\u00a0 dans le Shaolin Neijin Qigong. Le pratiquant prend une posture bien d\u00e9finie, comparable \u00e0 celle d&#8217;un cavalier en selle, et m\u00e9dite\u00a0 ainsi, de pr\u00e9f\u00e9rence chaque jour, pendant une dur\u00e9e prolong\u00e9e. Cette position apaise l&#8217;esprit, ouvre les m\u00e9ridiens et assure le flux ininterrompu du\u00a0Qi. Il est important de n&#8217;effectuer cet exercice qu&#8217;apr\u00e8s une bonne\u00a0 pr\u00e9paration et en suivant des instructions tr\u00e8s pr\u00e9cises. Pour cela, on pratique cet exercice\u00a0 sur une dur\u00e9e plus courte\u00a0 dans un premier temps, que l&#8217;on augmente petit \u00e0 petit jusqu&#8217;\u00e0 atteindre si possible 35 minutes. Les pratiquants exp\u00e9riment\u00e9s appr\u00e9cient les effets de ces m\u00e9diations debout pendant une heure, voire davantage.<\/p>\n<p><strong>Postures debout<\/strong><br \/>\nEn plus de la posture du cavalier, le Shaolin Neijin Qi Gong propose \u00e0 un niveau plus avanc\u00e9 d&#8217;autres postures debout clairement d\u00e9finies, parmi lesquelles on compte celles du tigre et du dragon. En visitant les monast\u00e8res chinois, on peut voir parfois des repr\u00e9sentations de saints, appel\u00e9s Luohan, dans\u00a0 de telles postures. Sans concentration sp\u00e9ciale ou repr\u00e9sentations mentales, ces postures particuli\u00e8res dirigent le flux du Qi\u00a0 de mani\u00e8re \u00e0 dissoudre naturellement les blocages.<\/p>\n\n\t\t<style type=\"text\/css\">\n\t\t\t#gallery-1 {\n\t\t\t\tmargin: auto;\n\t\t\t}\n\t\t\t#gallery-1 .gallery-item {\n\t\t\t\tfloat: left;\n\t\t\t\tmargin-top: 10px;\n\t\t\t\ttext-align: center;\n\t\t\t\twidth: 16%;\n\t\t\t}\n\t\t\t#gallery-1 img {\n\t\t\t\tborder: 2px solid #cfcfcf;\n\t\t\t}\n\t\t\t#gallery-1 .gallery-caption {\n\t\t\t\tmargin-left: 0;\n\t\t\t}\n\t\t\t\/* see gallery_shortcode() in wp-includes\/media.php *\/\n\t\t<\/style>\n\t\t<div id='gallery-1' class='gallery galleryid-28 gallery-columns-6 gallery-size-medium'><dl class='gallery-item'>\n\t\t\t<dt class='gallery-icon portrait'>\n\t\t\t\t<a href='https:\/\/neijin-qigong.com\/fr\/wp-content\/uploads\/sites\/3\/2016\/11\/Standmeditation_001.jpg' rel=\"lightbox[gallery-0]\"><img decoding=\"async\" width=\"200\" height=\"300\" src=\"https:\/\/neijin-qigong.com\/fr\/wp-content\/uploads\/sites\/3\/2016\/11\/Standmeditation_001-200x300.jpg\" class=\"attachment-medium size-medium\" alt=\"\" srcset=\"https:\/\/neijin-qigong.com\/fr\/wp-content\/uploads\/sites\/3\/2016\/11\/Standmeditation_001-200x300.jpg 200w, https:\/\/neijin-qigong.com\/fr\/wp-content\/uploads\/sites\/3\/2016\/11\/Standmeditation_001-481x722.jpg 481w, https:\/\/neijin-qigong.com\/fr\/wp-content\/uploads\/sites\/3\/2016\/11\/Standmeditation_001.jpg 600w\" sizes=\"(max-width: 200px) 100vw, 200px\" \/><\/a>\n\t\t\t<\/dt><\/dl><dl class='gallery-item'>\n\t\t\t<dt class='gallery-icon portrait'>\n\t\t\t\t<a href='https:\/\/neijin-qigong.com\/fr\/wp-content\/uploads\/sites\/3\/2016\/11\/Standmeditation_002.jpg' rel=\"lightbox[gallery-0]\"><img loading=\"lazy\" decoding=\"async\" width=\"200\" height=\"300\" src=\"https:\/\/neijin-qigong.com\/fr\/wp-content\/uploads\/sites\/3\/2016\/11\/Standmeditation_002-200x300.jpg\" class=\"attachment-medium size-medium\" alt=\"\" srcset=\"https:\/\/neijin-qigong.com\/fr\/wp-content\/uploads\/sites\/3\/2016\/11\/Standmeditation_002-200x300.jpg 200w, https:\/\/neijin-qigong.com\/fr\/wp-content\/uploads\/sites\/3\/2016\/11\/Standmeditation_002-481x720.jpg 481w, https:\/\/neijin-qigong.com\/fr\/wp-content\/uploads\/sites\/3\/2016\/11\/Standmeditation_002.jpg 600w\" sizes=\"(max-width: 200px) 100vw, 200px\" \/><\/a>\n\t\t\t<\/dt><\/dl><dl class='gallery-item'>\n\t\t\t<dt class='gallery-icon portrait'>\n\t\t\t\t<a href='https:\/\/neijin-qigong.com\/fr\/wp-content\/uploads\/sites\/3\/2016\/11\/Standmeditation_003.jpg' rel=\"lightbox[gallery-0]\"><img loading=\"lazy\" decoding=\"async\" width=\"200\" height=\"300\" src=\"https:\/\/neijin-qigong.com\/fr\/wp-content\/uploads\/sites\/3\/2016\/11\/Standmeditation_003-200x300.jpg\" class=\"attachment-medium size-medium\" alt=\"\" srcset=\"https:\/\/neijin-qigong.com\/fr\/wp-content\/uploads\/sites\/3\/2016\/11\/Standmeditation_003-200x300.jpg 200w, https:\/\/neijin-qigong.com\/fr\/wp-content\/uploads\/sites\/3\/2016\/11\/Standmeditation_003-481x722.jpg 481w, https:\/\/neijin-qigong.com\/fr\/wp-content\/uploads\/sites\/3\/2016\/11\/Standmeditation_003.jpg 600w\" sizes=\"(max-width: 200px) 100vw, 200px\" \/><\/a>\n\t\t\t<\/dt><\/dl><dl class='gallery-item'>\n\t\t\t<dt class='gallery-icon portrait'>\n\t\t\t\t<a href='https:\/\/neijin-qigong.com\/fr\/wp-content\/uploads\/sites\/3\/2016\/11\/Standmeditation_006.jpg' rel=\"lightbox[gallery-0]\"><img loading=\"lazy\" decoding=\"async\" width=\"200\" height=\"300\" src=\"https:\/\/neijin-qigong.com\/fr\/wp-content\/uploads\/sites\/3\/2016\/11\/Standmeditation_006-200x300.jpg\" class=\"attachment-medium size-medium\" alt=\"\" srcset=\"https:\/\/neijin-qigong.com\/fr\/wp-content\/uploads\/sites\/3\/2016\/11\/Standmeditation_006-200x300.jpg 200w, https:\/\/neijin-qigong.com\/fr\/wp-content\/uploads\/sites\/3\/2016\/11\/Standmeditation_006-481x722.jpg 481w, https:\/\/neijin-qigong.com\/fr\/wp-content\/uploads\/sites\/3\/2016\/11\/Standmeditation_006.jpg 600w\" sizes=\"(max-width: 200px) 100vw, 200px\" \/><\/a>\n\t\t\t<\/dt><\/dl><dl class='gallery-item'>\n\t\t\t<dt class='gallery-icon portrait'>\n\t\t\t\t<a href='https:\/\/neijin-qigong.com\/fr\/wp-content\/uploads\/sites\/3\/2016\/11\/Standmeditation_004.jpg' rel=\"lightbox[gallery-0]\"><img loading=\"lazy\" decoding=\"async\" width=\"200\" height=\"300\" src=\"https:\/\/neijin-qigong.com\/fr\/wp-content\/uploads\/sites\/3\/2016\/11\/Standmeditation_004-200x300.jpg\" class=\"attachment-medium size-medium\" alt=\"\" srcset=\"https:\/\/neijin-qigong.com\/fr\/wp-content\/uploads\/sites\/3\/2016\/11\/Standmeditation_004-200x300.jpg 200w, https:\/\/neijin-qigong.com\/fr\/wp-content\/uploads\/sites\/3\/2016\/11\/Standmeditation_004-481x722.jpg 481w, https:\/\/neijin-qigong.com\/fr\/wp-content\/uploads\/sites\/3\/2016\/11\/Standmeditation_004.jpg 600w\" sizes=\"(max-width: 200px) 100vw, 200px\" \/><\/a>\n\t\t\t<\/dt><\/dl><dl class='gallery-item'>\n\t\t\t<dt class='gallery-icon portrait'>\n\t\t\t\t<a href='https:\/\/neijin-qigong.com\/fr\/wp-content\/uploads\/sites\/3\/2016\/11\/Standmeditation_005.jpg' rel=\"lightbox[gallery-0]\"><img loading=\"lazy\" decoding=\"async\" width=\"200\" height=\"300\" src=\"https:\/\/neijin-qigong.com\/fr\/wp-content\/uploads\/sites\/3\/2016\/11\/Standmeditation_005-200x300.jpg\" class=\"attachment-medium size-medium\" alt=\"\" srcset=\"https:\/\/neijin-qigong.com\/fr\/wp-content\/uploads\/sites\/3\/2016\/11\/Standmeditation_005-200x300.jpg 200w, https:\/\/neijin-qigong.com\/fr\/wp-content\/uploads\/sites\/3\/2016\/11\/Standmeditation_005-481x722.jpg 481w, https:\/\/neijin-qigong.com\/fr\/wp-content\/uploads\/sites\/3\/2016\/11\/Standmeditation_005.jpg 600w\" sizes=\"(max-width: 200px) 100vw, 200px\" \/><\/a>\n\t\t\t<\/dt><\/dl><br style=\"clear: both\" \/>\n\t\t<\/div>\n\n<p><strong>Exercices des doigts<\/strong><br \/>\nLes exercices de doigts sont une particularit\u00e9 du Shaolin Neijin Qi Gong. Ils sont effectu\u00e9s dans la posture du cavalier. Un ma\u00eetre autoris\u00e9 transmet au pratiquant des exercices de doigts sp\u00e9cifiques et s\u00e9lectionn\u00e9s avec soin. Ces exercices de doigts font acc\u00e9der \u00e0 un potentiel particulier du Qi Gong : vous \u00eates en mesure d&#8217;agir directement sur certains points d&#8217;acupuncture centraux du syst\u00e8me des m\u00e9ridiens, et de les ouvrir, pour pouvoir prendre du Qi externe et\u00a0 \u00e9vacuer le Qi interne\u00a0 vers l&#8217;ext\u00e9rieur. En outre, les exercices de doigts sont une condition pr\u00e9alable \u00e0 un transfert d&#8217;\u00e9nergie efficace.<\/p>\n<p><strong>Le transfert d&#8217;\u00e9nergie dans le Shaolin Neijin Qi Gong<\/strong><br \/>\nLe transfert d&#8217;\u00e9nergie dans le Shaolin Neijin Qi Gong est un moyen efficace de transf\u00e9rer des impulsions de gu\u00e9rison aux malades et de r\u00e9soudre les blocages d&#8217;\u00e9nergie. Exerc\u00e9 par des personnes exp\u00e9riment\u00e9es et qualifi\u00e9es,\u00a0 il peut aussi donner acc\u00e8s \u00e0 des connaissances universelles et \u00e0 des comp\u00e9tences\u00a0cach\u00e9es. Le r\u00e9cepteur effectue, par exemple, des mouvements Gongfu, qu&#8217;il ne connaissait pas auparavant. En raison de son fort potentiel, le transfert d&#8217;\u00e9nergie est exerc\u00e9 exclusivement\u00a0 par des pratiquants de Qi Gong responsables, int\u00e8gres et autoris\u00e9s.<\/p>\n<p><strong>A qui convient le Shaolin Neijin Qi Gong\u00a0?<\/strong><br \/>\nEn principe, les exercices de Shaolin Neijin Qi Gong conviennent \u00e0\u00a0 tout le monde, car ils peuvent \u00eatre adapt\u00e9s \u00e0 l&#8217;\u00e9tat de sant\u00e9\u00a0 de chacun. Ainsi, des personnes handicap\u00e9es ou gravement malades\u00a0 peuvent \u00e9galement effectuer des exercices sp\u00e9ciaux pour pouvoir acc\u00e9der\u00a0 \u00e0 une \u00e9nergie salutaire. Jeunes et vieux tirent profit des exercices d&#8217;harmonisation qui apportent en peu de temps une am\u00e9lioration significative du bien-\u00eatre, une meilleure concentration, force et \u00e9quilibre.<\/p>\n","protected":false},"excerpt":{"rendered":"<p>&nbsp; &nbsp; Les origines Le Shaolin Neijin Qigong ou Shaolin Neijin Yizhichan trouve ses origines dans la pratique de la m\u00e9ditation du monast\u00e8re Shaolin du Nord, environ 500 ans apr\u00e8s J\u00e9sus-Christ. Plus tard, la m\u00e9thode a \u00e9t\u00e9 conserv\u00e9e et d\u00e9velopp\u00e9e dans le monast\u00e8re Shaolin du Sud. Enfin, elle fut divulgu\u00e9e \u00e0 un plus large public [&hellip;]<\/p>\n","protected":false},"author":4,"featured_media":30,"parent":26,"menu_order":0,"comment_status":"closed","ping_status":"closed","template":"","meta":{"footnotes":""},"class_list":["post-28","page","type-page","status-publish","has-post-thumbnail","hentry"],"yoast_head":"<!-- This site is optimized with the Yoast SEO plugin v26.3 - https:\/\/yoast.com\/wordpress\/plugins\/seo\/ -->\n<title>Le Shaolin Neijin Qigong - Neijin Qigong (Franz\u00f6sisch)<\/title>\n<meta name=\"robots\" content=\"index, follow, max-snippet:-1, max-image-preview:large, max-video-preview:-1\" \/>\n<link rel=\"canonical\" href=\"https:\/\/neijin-qigong.com\/fr\/qigong\/le-shaolin-neijin-qigong\/\" \/>\n<meta property=\"og:locale\" content=\"de_DE\" \/>\n<meta property=\"og:type\" content=\"article\" \/>\n<meta property=\"og:title\" content=\"Le Shaolin Neijin Qigong - Neijin Qigong (Franz\u00f6sisch)\" \/>\n<meta property=\"og:description\" content=\"&nbsp; &nbsp; Les origines Le Shaolin Neijin Qigong ou Shaolin Neijin Yizhichan trouve ses origines dans la pratique de la m\u00e9ditation du monast\u00e8re Shaolin du Nord, environ 500 ans apr\u00e8s J\u00e9sus-Christ. Plus tard, la m\u00e9thode a \u00e9t\u00e9 conserv\u00e9e et d\u00e9velopp\u00e9e dans le monast\u00e8re Shaolin du Sud. Enfin, elle fut divulgu\u00e9e \u00e0 un plus large public [&hellip;]\" \/>\n<meta property=\"og:url\" content=\"https:\/\/neijin-qigong.com\/fr\/qigong\/le-shaolin-neijin-qigong\/\" \/>\n<meta property=\"og:site_name\" content=\"Neijin Qigong (Franz\u00f6sisch)\" \/>\n<meta property=\"article:modified_time\" content=\"2016-11-05T22:11:33+00:00\" \/>\n<meta property=\"og:image\" content=\"https:\/\/neijin-qigong.com\/fr\/wp-content\/uploads\/sites\/3\/2016\/11\/Header_Uebungen_mit_Meister_Yao.jpg\" \/>\n\t<meta property=\"og:image:width\" content=\"1920\" \/>\n\t<meta property=\"og:image:height\" content=\"300\" \/>\n\t<meta property=\"og:image:type\" content=\"image\/jpeg\" \/>\n<meta name=\"twitter:card\" content=\"summary_large_image\" \/>\n<meta name=\"twitter:label1\" content=\"Gesch\u00e4tzte Lesezeit\" \/>\n\t<meta name=\"twitter:data1\" content=\"4\u00a0Minuten\" \/>\n<script type=\"application\/ld+json\" class=\"yoast-schema-graph\">{\"@context\":\"https:\/\/schema.org\",\"@graph\":[{\"@type\":\"WebPage\",\"@id\":\"https:\/\/neijin-qigong.com\/fr\/qigong\/le-shaolin-neijin-qigong\/\",\"url\":\"https:\/\/neijin-qigong.com\/fr\/qigong\/le-shaolin-neijin-qigong\/\",\"name\":\"Le Shaolin Neijin Qigong - Neijin Qigong (Franz\u00f6sisch)\",\"isPartOf\":{\"@id\":\"https:\/\/neijin-qigong.com\/fr\/#website\"},\"primaryImageOfPage\":{\"@id\":\"https:\/\/neijin-qigong.com\/fr\/qigong\/le-shaolin-neijin-qigong\/#primaryimage\"},\"image\":{\"@id\":\"https:\/\/neijin-qigong.com\/fr\/qigong\/le-shaolin-neijin-qigong\/#primaryimage\"},\"thumbnailUrl\":\"https:\/\/neijin-qigong.com\/fr\/wp-content\/uploads\/sites\/3\/2016\/11\/Header_Uebungen_mit_Meister_Yao.jpg\",\"datePublished\":\"2016-11-05T22:06:07+00:00\",\"dateModified\":\"2016-11-05T22:11:33+00:00\",\"breadcrumb\":{\"@id\":\"https:\/\/neijin-qigong.com\/fr\/qigong\/le-shaolin-neijin-qigong\/#breadcrumb\"},\"inLanguage\":\"de\",\"potentialAction\":[{\"@type\":\"ReadAction\",\"target\":[\"https:\/\/neijin-qigong.com\/fr\/qigong\/le-shaolin-neijin-qigong\/\"]}]},{\"@type\":\"ImageObject\",\"inLanguage\":\"de\",\"@id\":\"https:\/\/neijin-qigong.com\/fr\/qigong\/le-shaolin-neijin-qigong\/#primaryimage\",\"url\":\"https:\/\/neijin-qigong.com\/fr\/wp-content\/uploads\/sites\/3\/2016\/11\/Header_Uebungen_mit_Meister_Yao.jpg\",\"contentUrl\":\"https:\/\/neijin-qigong.com\/fr\/wp-content\/uploads\/sites\/3\/2016\/11\/Header_Uebungen_mit_Meister_Yao.jpg\",\"width\":1920,\"height\":300},{\"@type\":\"BreadcrumbList\",\"@id\":\"https:\/\/neijin-qigong.com\/fr\/qigong\/le-shaolin-neijin-qigong\/#breadcrumb\",\"itemListElement\":[{\"@type\":\"ListItem\",\"position\":1,\"name\":\"Startseite\",\"item\":\"https:\/\/neijin-qigong.com\/fr\/\"},{\"@type\":\"ListItem\",\"position\":2,\"name\":\"Qigong\",\"item\":\"https:\/\/neijin-qigong.com\/fr\/qigong\/\"},{\"@type\":\"ListItem\",\"position\":3,\"name\":\"Le Shaolin Neijin Qigong\"}]},{\"@type\":\"WebSite\",\"@id\":\"https:\/\/neijin-qigong.com\/fr\/#website\",\"url\":\"https:\/\/neijin-qigong.com\/fr\/\",\"name\":\"Neijin Qigong (Franz\u00f6sisch)\",\"description\":\"Eine weitere Neijin Qigong Websites Website\",\"potentialAction\":[{\"@type\":\"SearchAction\",\"target\":{\"@type\":\"EntryPoint\",\"urlTemplate\":\"https:\/\/neijin-qigong.com\/fr\/?s={search_term_string}\"},\"query-input\":{\"@type\":\"PropertyValueSpecification\",\"valueRequired\":true,\"valueName\":\"search_term_string\"}}],\"inLanguage\":\"de\"}]}<\/script>\n<!-- \/ Yoast SEO plugin. -->","yoast_head_json":{"title":"Le Shaolin Neijin Qigong - Neijin Qigong (Franz\u00f6sisch)","robots":{"index":"index","follow":"follow","max-snippet":"max-snippet:-1","max-image-preview":"max-image-preview:large","max-video-preview":"max-video-preview:-1"},"canonical":"https:\/\/neijin-qigong.com\/fr\/qigong\/le-shaolin-neijin-qigong\/","og_locale":"de_DE","og_type":"article","og_title":"Le Shaolin Neijin Qigong - Neijin Qigong (Franz\u00f6sisch)","og_description":"&nbsp; &nbsp; Les origines Le Shaolin Neijin Qigong ou Shaolin Neijin Yizhichan trouve ses origines dans la pratique de la m\u00e9ditation du monast\u00e8re Shaolin du Nord, environ 500 ans apr\u00e8s J\u00e9sus-Christ. Plus tard, la m\u00e9thode a \u00e9t\u00e9 conserv\u00e9e et d\u00e9velopp\u00e9e dans le monast\u00e8re Shaolin du Sud. Enfin, elle fut divulgu\u00e9e \u00e0 un plus large public [&hellip;]","og_url":"https:\/\/neijin-qigong.com\/fr\/qigong\/le-shaolin-neijin-qigong\/","og_site_name":"Neijin Qigong (Franz\u00f6sisch)","article_modified_time":"2016-11-05T22:11:33+00:00","og_image":[{"width":1920,"height":300,"url":"https:\/\/neijin-qigong.com\/fr\/wp-content\/uploads\/sites\/3\/2016\/11\/Header_Uebungen_mit_Meister_Yao.jpg","type":"image\/jpeg"}],"twitter_card":"summary_large_image","twitter_misc":{"Gesch\u00e4tzte Lesezeit":"4\u00a0Minuten"},"schema":{"@context":"https:\/\/schema.org","@graph":[{"@type":"WebPage","@id":"https:\/\/neijin-qigong.com\/fr\/qigong\/le-shaolin-neijin-qigong\/","url":"https:\/\/neijin-qigong.com\/fr\/qigong\/le-shaolin-neijin-qigong\/","name":"Le Shaolin Neijin Qigong - Neijin Qigong (Franz\u00f6sisch)","isPartOf":{"@id":"https:\/\/neijin-qigong.com\/fr\/#website"},"primaryImageOfPage":{"@id":"https:\/\/neijin-qigong.com\/fr\/qigong\/le-shaolin-neijin-qigong\/#primaryimage"},"image":{"@id":"https:\/\/neijin-qigong.com\/fr\/qigong\/le-shaolin-neijin-qigong\/#primaryimage"},"thumbnailUrl":"https:\/\/neijin-qigong.com\/fr\/wp-content\/uploads\/sites\/3\/2016\/11\/Header_Uebungen_mit_Meister_Yao.jpg","datePublished":"2016-11-05T22:06:07+00:00","dateModified":"2016-11-05T22:11:33+00:00","breadcrumb":{"@id":"https:\/\/neijin-qigong.com\/fr\/qigong\/le-shaolin-neijin-qigong\/#breadcrumb"},"inLanguage":"de","potentialAction":[{"@type":"ReadAction","target":["https:\/\/neijin-qigong.com\/fr\/qigong\/le-shaolin-neijin-qigong\/"]}]},{"@type":"ImageObject","inLanguage":"de","@id":"https:\/\/neijin-qigong.com\/fr\/qigong\/le-shaolin-neijin-qigong\/#primaryimage","url":"https:\/\/neijin-qigong.com\/fr\/wp-content\/uploads\/sites\/3\/2016\/11\/Header_Uebungen_mit_Meister_Yao.jpg","contentUrl":"https:\/\/neijin-qigong.com\/fr\/wp-content\/uploads\/sites\/3\/2016\/11\/Header_Uebungen_mit_Meister_Yao.jpg","width":1920,"height":300},{"@type":"BreadcrumbList","@id":"https:\/\/neijin-qigong.com\/fr\/qigong\/le-shaolin-neijin-qigong\/#breadcrumb","itemListElement":[{"@type":"ListItem","position":1,"name":"Startseite","item":"https:\/\/neijin-qigong.com\/fr\/"},{"@type":"ListItem","position":2,"name":"Qigong","item":"https:\/\/neijin-qigong.com\/fr\/qigong\/"},{"@type":"ListItem","position":3,"name":"Le Shaolin Neijin Qigong"}]},{"@type":"WebSite","@id":"https:\/\/neijin-qigong.com\/fr\/#website","url":"https:\/\/neijin-qigong.com\/fr\/","name":"Neijin Qigong (Franz\u00f6sisch)","description":"Eine weitere Neijin Qigong Websites Website","potentialAction":[{"@type":"SearchAction","target":{"@type":"EntryPoint","urlTemplate":"https:\/\/neijin-qigong.com\/fr\/?s={search_term_string}"},"query-input":{"@type":"PropertyValueSpecification","valueRequired":true,"valueName":"search_term_string"}}],"inLanguage":"de"}]}},"_links":{"self":[{"href":"https:\/\/neijin-qigong.com\/fr\/wp-json\/wp\/v2\/pages\/28","targetHints":{"allow":["GET"]}}],"collection":[{"href":"https:\/\/neijin-qigong.com\/fr\/wp-json\/wp\/v2\/pages"}],"about":[{"href":"https:\/\/neijin-qigong.com\/fr\/wp-json\/wp\/v2\/types\/page"}],"author":[{"embeddable":true,"href":"https:\/\/neijin-qigong.com\/fr\/wp-json\/wp\/v2\/users\/4"}],"replies":[{"embeddable":true,"href":"https:\/\/neijin-qigong.com\/fr\/wp-json\/wp\/v2\/comments?post=28"}],"version-history":[{"count":3,"href":"https:\/\/neijin-qigong.com\/fr\/wp-json\/wp\/v2\/pages\/28\/revisions"}],"predecessor-version":[{"id":40,"href":"https:\/\/neijin-qigong.com\/fr\/wp-json\/wp\/v2\/pages\/28\/revisions\/40"}],"up":[{"embeddable":true,"href":"https:\/\/neijin-qigong.com\/fr\/wp-json\/wp\/v2\/pages\/26"}],"wp:featuredmedia":[{"embeddable":true,"href":"https:\/\/neijin-qigong.com\/fr\/wp-json\/wp\/v2\/media\/30"}],"wp:attachment":[{"href":"https:\/\/neijin-qigong.com\/fr\/wp-json\/wp\/v2\/media?parent=28"}],"curies":[{"name":"wp","href":"https:\/\/api.w.org\/{rel}","templated":true}]}}