{"id":41,"date":"2016-11-05T23:16:38","date_gmt":"2016-11-05T22:16:38","guid":{"rendered":"https:\/\/neijin-qigong.com\/fr\/?page_id=41"},"modified":"2021-07-27T10:35:34","modified_gmt":"2021-07-27T08:35:34","slug":"le","status":"publish","type":"page","link":"https:\/\/neijin-qigong.com\/fr\/qigong\/le\/","title":{"rendered":"Le Qi Gong authentique"},"content":{"rendered":"<p>Il existe de nombreuses \u00e9coles de Qi Gong qui s\u2019attribuent le qualificatif d&#8216; \u00ab\u00a0authentique\u00a0\u00bb. Il est donc difficile pour les personnes int\u00e9ress\u00e9es de v\u00e9rifier cette affirmation.<\/p>\n<p>Cependant certains traits caract\u00e9ristiques sont la marque\u00a0 d\u2018un Qi Gong authentique\u00a0:<\/p>\n<ul>\n<li>l\u2019enracinement dans la culture chinoise<\/li>\n<li>le lien avec la m\u00e9decine chinoise traditionnelle<\/li>\n<li>l\u2019authenticit\u00e9 de la m\u00e9thode, qui se traduit par un syst\u00e8me d\u2019apprentissage pr\u00e9cis et gradu\u00e9<\/li>\n<li>l\u2019approche holistique s\u2019adressant au corps- esprit<\/li>\n<li>l\u2019appartenance \u00e0 une lign\u00e9e\u00a0 pr\u00e9cise et reconnue de ma\u00eetres et la transmission des connaissances du Qi Gong de g\u00e9n\u00e9ration en g\u00e9n\u00e9ration<\/li>\n<\/ul>\n<h3><strong>L\u2018authentique ma\u00eetre de Qi Gong <\/strong><\/h3>\n<p>Un ma\u00eetre de Qi Gong v\u00e9ritable a le souci profond de transmettre la sagesse mill\u00e9naire et les m\u00e9thodes du Qi Gong authentique pour le bien des autres. On le reconna\u00eet aux caract\u00e9ristiques suivantes:<\/p>\n<p><a href=\"https:\/\/neijin-qigong.com\/fr\/wp-content\/uploads\/sites\/3\/2016\/11\/Verbindung_Mensch_Universum.jpg\" rel=\"lightbox-0\"><img fetchpriority=\"high\" decoding=\"async\" class=\"alignleft size-medium wp-image-43\" src=\"https:\/\/neijin-qigong.com\/fr\/wp-content\/uploads\/sites\/3\/2016\/11\/Verbindung_Mensch_Universum-300x296.jpg\" alt=\"verbindung_mensch_universum\" width=\"300\" height=\"296\" srcset=\"https:\/\/neijin-qigong.com\/fr\/wp-content\/uploads\/sites\/3\/2016\/11\/Verbindung_Mensch_Universum-300x296.jpg 300w, https:\/\/neijin-qigong.com\/fr\/wp-content\/uploads\/sites\/3\/2016\/11\/Verbindung_Mensch_Universum-768x759.jpg 768w, https:\/\/neijin-qigong.com\/fr\/wp-content\/uploads\/sites\/3\/2016\/11\/Verbindung_Mensch_Universum-481x475.jpg 481w, https:\/\/neijin-qigong.com\/fr\/wp-content\/uploads\/sites\/3\/2016\/11\/Verbindung_Mensch_Universum-304x300.jpg 304w, https:\/\/neijin-qigong.com\/fr\/wp-content\/uploads\/sites\/3\/2016\/11\/Verbindung_Mensch_Universum.jpg 846w\" sizes=\"(max-width: 300px) 100vw, 300px\" \/><\/a><\/p>\n<ul>\n<li>Il fait partie d\u2019une lign\u00e9e reconnue.<\/li>\n<li>Ses vertus et ses capacit\u00e9s sont hautement d\u00e9velopp\u00e9es, notamment sa capacit\u00e9 \u00e0 \u00e9prouver un sentiment de compassion illimit\u00e9e pour tous les hommes.<\/li>\n<li>Sa motivation se nourrit du d\u00e9sir profond d\u2019aider les autres.<\/li>\n<li>Il se montre toujours clair et exemplaire dans son enseignement et ses paroles.<\/li>\n<li>Il agit comme un canal de communication pour les informations de l&#8217;Univers.<\/li>\n<\/ul>\n<div class=\"divider\"><\/div>\n<h3><strong>Qu\u2019est-ce qui <\/strong><strong>diff\u00e9rencie<\/strong> <strong>le Qi Gong des pratiques corporelles telles que la gymnastique, le yoga et le Tai chi ?<\/strong><\/h3>\n<p>Le Qi Gong a une approche holistique et\u00a0 met en avant l\u2019aspect \u00e9nerg\u00e9tique, l\u2019exp\u00e9rimentation et la ma\u00eetrise du Qi. La combinaison d\u2019exercices en mouvement et d\u2019exercices statiques, de m\u00eame que la pratique d\u2019une respiration harmonieuse, sont les fondements de cette exp\u00e9rience. Dans la gymnastique ou le yoga, l\u2019accent est g\u00e9n\u00e9ralement mis sur la simple pratique corporelle et la recherche du bien-\u00eatre.<\/p>\n<p>Le Tai Chi Chuan et le Qi Gong ont certains points communs. Ils diff\u00e8rent cependant de par leur\u00a0 but et leurs formes d\u2019exercices. Le Tai Chi Chuan a pour but de renforcer le corps et conserver la sant\u00e9 \u00e0 travers la pratique de mouvements lents et coordonn\u00e9s avec la respiration. De plus, le Tai Chi Chuan est une forme d\u2019art martial traditionnel chinois et il comporte donc des techniques de d\u00e9fense. Dans le Qi Gong par contre, il est\u00a0 de la plus haute importance d\u2019harmoniser non seulement le corps et la respiration mais aussi l&#8217;Esprit. Par la pratique du Qi Gong, les points d\u2019acupuncture et les m\u00e9ridiens sont ouverts pour laisser l\u2019\u00e9nergie circuler librement. Ainsi, l\u2019\u00e9nergie vitale, le \u00ab\u00a0QI\u00a0\u00bb, est accumul\u00e9 et accru, ce qui am\u00e8ne le renforcement de la sant\u00e9. Beaucoup de personnes qui ont pratiqu\u00e9 le Tai Chi Chuan auparavant per\u00e7oivent pour la premi\u00e8re fois la r\u00e9alit\u00e9 du Qi et la circulation de l\u2018\u00e9nergie\u00a0 en pratiquant le Qi Gong.<\/p>\n","protected":false},"excerpt":{"rendered":"<p>Il existe de nombreuses \u00e9coles de Qi Gong qui s\u2019attribuent le qualificatif d&#8216; \u00ab\u00a0authentique\u00a0\u00bb. Il est donc difficile pour les personnes int\u00e9ress\u00e9es de v\u00e9rifier cette affirmation. Cependant certains traits caract\u00e9ristiques sont la marque\u00a0 d\u2018un Qi Gong authentique\u00a0: l\u2019enracinement dans la culture chinoise le lien avec la m\u00e9decine chinoise traditionnelle l\u2019authenticit\u00e9 de la m\u00e9thode, qui se [&hellip;]<\/p>\n","protected":false},"author":4,"featured_media":300,"parent":26,"menu_order":0,"comment_status":"closed","ping_status":"closed","template":"","meta":{"footnotes":""},"class_list":["post-41","page","type-page","status-publish","has-post-thumbnail","hentry"],"yoast_head":"<!-- This site is optimized with the Yoast SEO plugin v26.3 - https:\/\/yoast.com\/wordpress\/plugins\/seo\/ -->\n<title>Le Qi Gong authentique - Neijin Qigong (Franz\u00f6sisch)<\/title>\n<meta name=\"robots\" content=\"index, follow, max-snippet:-1, max-image-preview:large, max-video-preview:-1\" \/>\n<link rel=\"canonical\" href=\"https:\/\/neijin-qigong.com\/fr\/qigong\/le\/\" \/>\n<meta property=\"og:locale\" content=\"de_DE\" \/>\n<meta property=\"og:type\" content=\"article\" \/>\n<meta property=\"og:title\" content=\"Le Qi Gong authentique - Neijin Qigong (Franz\u00f6sisch)\" \/>\n<meta property=\"og:description\" content=\"Il existe de nombreuses \u00e9coles de Qi Gong qui s\u2019attribuent le qualificatif d&#8216; \u00ab\u00a0authentique\u00a0\u00bb. Il est donc difficile pour les personnes int\u00e9ress\u00e9es de v\u00e9rifier cette affirmation. Cependant certains traits caract\u00e9ristiques sont la marque\u00a0 d\u2018un Qi Gong authentique\u00a0: l\u2019enracinement dans la culture chinoise le lien avec la m\u00e9decine chinoise traditionnelle l\u2019authenticit\u00e9 de la m\u00e9thode, qui se [&hellip;]\" \/>\n<meta property=\"og:url\" content=\"https:\/\/neijin-qigong.com\/fr\/qigong\/le\/\" \/>\n<meta property=\"og:site_name\" content=\"Neijin Qigong (Franz\u00f6sisch)\" \/>\n<meta property=\"article:modified_time\" content=\"2021-07-27T08:35:34+00:00\" \/>\n<meta property=\"og:image\" content=\"https:\/\/neijin-qigong.com\/fr\/wp-content\/uploads\/sites\/3\/2021\/07\/Header_Qigong_Praxis_3_bearbeitet.jpg\" \/>\n\t<meta property=\"og:image:width\" content=\"1920\" \/>\n\t<meta property=\"og:image:height\" content=\"300\" \/>\n\t<meta property=\"og:image:type\" content=\"image\/jpeg\" \/>\n<meta name=\"twitter:card\" content=\"summary_large_image\" \/>\n<meta name=\"twitter:label1\" content=\"Gesch\u00e4tzte Lesezeit\" \/>\n\t<meta name=\"twitter:data1\" content=\"3\u00a0Minuten\" \/>\n<script type=\"application\/ld+json\" class=\"yoast-schema-graph\">{\"@context\":\"https:\/\/schema.org\",\"@graph\":[{\"@type\":\"WebPage\",\"@id\":\"https:\/\/neijin-qigong.com\/fr\/qigong\/le\/\",\"url\":\"https:\/\/neijin-qigong.com\/fr\/qigong\/le\/\",\"name\":\"Le Qi Gong authentique - Neijin Qigong (Franz\u00f6sisch)\",\"isPartOf\":{\"@id\":\"https:\/\/neijin-qigong.com\/fr\/#website\"},\"primaryImageOfPage\":{\"@id\":\"https:\/\/neijin-qigong.com\/fr\/qigong\/le\/#primaryimage\"},\"image\":{\"@id\":\"https:\/\/neijin-qigong.com\/fr\/qigong\/le\/#primaryimage\"},\"thumbnailUrl\":\"https:\/\/neijin-qigong.com\/fr\/wp-content\/uploads\/sites\/3\/2021\/07\/Header_Qigong_Praxis_3_bearbeitet.jpg\",\"datePublished\":\"2016-11-05T22:16:38+00:00\",\"dateModified\":\"2021-07-27T08:35:34+00:00\",\"breadcrumb\":{\"@id\":\"https:\/\/neijin-qigong.com\/fr\/qigong\/le\/#breadcrumb\"},\"inLanguage\":\"de\",\"potentialAction\":[{\"@type\":\"ReadAction\",\"target\":[\"https:\/\/neijin-qigong.com\/fr\/qigong\/le\/\"]}]},{\"@type\":\"ImageObject\",\"inLanguage\":\"de\",\"@id\":\"https:\/\/neijin-qigong.com\/fr\/qigong\/le\/#primaryimage\",\"url\":\"https:\/\/neijin-qigong.com\/fr\/wp-content\/uploads\/sites\/3\/2021\/07\/Header_Qigong_Praxis_3_bearbeitet.jpg\",\"contentUrl\":\"https:\/\/neijin-qigong.com\/fr\/wp-content\/uploads\/sites\/3\/2021\/07\/Header_Qigong_Praxis_3_bearbeitet.jpg\",\"width\":1920,\"height\":300},{\"@type\":\"BreadcrumbList\",\"@id\":\"https:\/\/neijin-qigong.com\/fr\/qigong\/le\/#breadcrumb\",\"itemListElement\":[{\"@type\":\"ListItem\",\"position\":1,\"name\":\"Startseite\",\"item\":\"https:\/\/neijin-qigong.com\/fr\/\"},{\"@type\":\"ListItem\",\"position\":2,\"name\":\"Qigong\",\"item\":\"https:\/\/neijin-qigong.com\/fr\/qigong\/\"},{\"@type\":\"ListItem\",\"position\":3,\"name\":\"Le Qi Gong authentique\"}]},{\"@type\":\"WebSite\",\"@id\":\"https:\/\/neijin-qigong.com\/fr\/#website\",\"url\":\"https:\/\/neijin-qigong.com\/fr\/\",\"name\":\"Neijin Qigong (Franz\u00f6sisch)\",\"description\":\"Eine weitere Neijin Qigong Websites Website\",\"potentialAction\":[{\"@type\":\"SearchAction\",\"target\":{\"@type\":\"EntryPoint\",\"urlTemplate\":\"https:\/\/neijin-qigong.com\/fr\/?s={search_term_string}\"},\"query-input\":{\"@type\":\"PropertyValueSpecification\",\"valueRequired\":true,\"valueName\":\"search_term_string\"}}],\"inLanguage\":\"de\"}]}<\/script>\n<!-- \/ Yoast SEO plugin. -->","yoast_head_json":{"title":"Le Qi Gong authentique - Neijin Qigong (Franz\u00f6sisch)","robots":{"index":"index","follow":"follow","max-snippet":"max-snippet:-1","max-image-preview":"max-image-preview:large","max-video-preview":"max-video-preview:-1"},"canonical":"https:\/\/neijin-qigong.com\/fr\/qigong\/le\/","og_locale":"de_DE","og_type":"article","og_title":"Le Qi Gong authentique - Neijin Qigong (Franz\u00f6sisch)","og_description":"Il existe de nombreuses \u00e9coles de Qi Gong qui s\u2019attribuent le qualificatif d&#8216; \u00ab\u00a0authentique\u00a0\u00bb. Il est donc difficile pour les personnes int\u00e9ress\u00e9es de v\u00e9rifier cette affirmation. Cependant certains traits caract\u00e9ristiques sont la marque\u00a0 d\u2018un Qi Gong authentique\u00a0: l\u2019enracinement dans la culture chinoise le lien avec la m\u00e9decine chinoise traditionnelle l\u2019authenticit\u00e9 de la m\u00e9thode, qui se [&hellip;]","og_url":"https:\/\/neijin-qigong.com\/fr\/qigong\/le\/","og_site_name":"Neijin Qigong (Franz\u00f6sisch)","article_modified_time":"2021-07-27T08:35:34+00:00","og_image":[{"width":1920,"height":300,"url":"https:\/\/neijin-qigong.com\/fr\/wp-content\/uploads\/sites\/3\/2021\/07\/Header_Qigong_Praxis_3_bearbeitet.jpg","type":"image\/jpeg"}],"twitter_card":"summary_large_image","twitter_misc":{"Gesch\u00e4tzte Lesezeit":"3\u00a0Minuten"},"schema":{"@context":"https:\/\/schema.org","@graph":[{"@type":"WebPage","@id":"https:\/\/neijin-qigong.com\/fr\/qigong\/le\/","url":"https:\/\/neijin-qigong.com\/fr\/qigong\/le\/","name":"Le Qi Gong authentique - Neijin Qigong (Franz\u00f6sisch)","isPartOf":{"@id":"https:\/\/neijin-qigong.com\/fr\/#website"},"primaryImageOfPage":{"@id":"https:\/\/neijin-qigong.com\/fr\/qigong\/le\/#primaryimage"},"image":{"@id":"https:\/\/neijin-qigong.com\/fr\/qigong\/le\/#primaryimage"},"thumbnailUrl":"https:\/\/neijin-qigong.com\/fr\/wp-content\/uploads\/sites\/3\/2021\/07\/Header_Qigong_Praxis_3_bearbeitet.jpg","datePublished":"2016-11-05T22:16:38+00:00","dateModified":"2021-07-27T08:35:34+00:00","breadcrumb":{"@id":"https:\/\/neijin-qigong.com\/fr\/qigong\/le\/#breadcrumb"},"inLanguage":"de","potentialAction":[{"@type":"ReadAction","target":["https:\/\/neijin-qigong.com\/fr\/qigong\/le\/"]}]},{"@type":"ImageObject","inLanguage":"de","@id":"https:\/\/neijin-qigong.com\/fr\/qigong\/le\/#primaryimage","url":"https:\/\/neijin-qigong.com\/fr\/wp-content\/uploads\/sites\/3\/2021\/07\/Header_Qigong_Praxis_3_bearbeitet.jpg","contentUrl":"https:\/\/neijin-qigong.com\/fr\/wp-content\/uploads\/sites\/3\/2021\/07\/Header_Qigong_Praxis_3_bearbeitet.jpg","width":1920,"height":300},{"@type":"BreadcrumbList","@id":"https:\/\/neijin-qigong.com\/fr\/qigong\/le\/#breadcrumb","itemListElement":[{"@type":"ListItem","position":1,"name":"Startseite","item":"https:\/\/neijin-qigong.com\/fr\/"},{"@type":"ListItem","position":2,"name":"Qigong","item":"https:\/\/neijin-qigong.com\/fr\/qigong\/"},{"@type":"ListItem","position":3,"name":"Le Qi Gong authentique"}]},{"@type":"WebSite","@id":"https:\/\/neijin-qigong.com\/fr\/#website","url":"https:\/\/neijin-qigong.com\/fr\/","name":"Neijin Qigong (Franz\u00f6sisch)","description":"Eine weitere Neijin Qigong Websites Website","potentialAction":[{"@type":"SearchAction","target":{"@type":"EntryPoint","urlTemplate":"https:\/\/neijin-qigong.com\/fr\/?s={search_term_string}"},"query-input":{"@type":"PropertyValueSpecification","valueRequired":true,"valueName":"search_term_string"}}],"inLanguage":"de"}]}},"_links":{"self":[{"href":"https:\/\/neijin-qigong.com\/fr\/wp-json\/wp\/v2\/pages\/41","targetHints":{"allow":["GET"]}}],"collection":[{"href":"https:\/\/neijin-qigong.com\/fr\/wp-json\/wp\/v2\/pages"}],"about":[{"href":"https:\/\/neijin-qigong.com\/fr\/wp-json\/wp\/v2\/types\/page"}],"author":[{"embeddable":true,"href":"https:\/\/neijin-qigong.com\/fr\/wp-json\/wp\/v2\/users\/4"}],"replies":[{"embeddable":true,"href":"https:\/\/neijin-qigong.com\/fr\/wp-json\/wp\/v2\/comments?post=41"}],"version-history":[{"count":4,"href":"https:\/\/neijin-qigong.com\/fr\/wp-json\/wp\/v2\/pages\/41\/revisions"}],"predecessor-version":[{"id":45,"href":"https:\/\/neijin-qigong.com\/fr\/wp-json\/wp\/v2\/pages\/41\/revisions\/45"}],"up":[{"embeddable":true,"href":"https:\/\/neijin-qigong.com\/fr\/wp-json\/wp\/v2\/pages\/26"}],"wp:featuredmedia":[{"embeddable":true,"href":"https:\/\/neijin-qigong.com\/fr\/wp-json\/wp\/v2\/media\/300"}],"wp:attachment":[{"href":"https:\/\/neijin-qigong.com\/fr\/wp-json\/wp\/v2\/media?parent=41"}],"curies":[{"name":"wp","href":"https:\/\/api.w.org\/{rel}","templated":true}]}}