{"id":5,"date":"2016-11-02T13:55:10","date_gmt":"2016-11-02T12:55:10","guid":{"rendered":"https:\/\/neijin-qigong.com\/fr\/?page_id=5"},"modified":"2021-07-27T10:59:31","modified_gmt":"2021-07-27T08:59:31","slug":"startseite","status":"publish","type":"page","link":"https:\/\/neijin-qigong.com\/fr\/","title":{"rendered":"Bienvenue"},"content":{"rendered":"<p class=\"gmail-m_-2364781433580379573gmail-m_8520970830929161371gmail-m_616596823712603237gmail-m_3765628676076268551gmail-m_4180504336387594749m_1947072889695803165gmail-MsoNormal\"><strong>L\u2019association Pivoine , dont les membres suivent l\u2019enseignement de ma\u00eetre Buyin Zheng a le plaisir de vous pr\u00e9senter le calendrier de ses activit\u00e9s:<\/strong><\/p>\n<ul>\n<li class=\"gmail-m_-2364781433580379573gmail-m_8520970830929161371gmail-m_616596823712603237gmail-m_3765628676076268551gmail-m_4180504336387594749m_1947072889695803165gmail-MsoNormal\">S\u00e9ances ouvertes \u00e0 tous,d\u00e9butants comme pratiquants<\/li>\n<li class=\"gmail-m_-2364781433580379573gmail-m_8520970830929161371gmail-m_616596823712603237gmail-m_3765628676076268551gmail-m_4180504336387594749m_1947072889695803165gmail-MsoNormal\">Possibilit\u00e9 de se joindre aux pratiques en cours d\u2019ann\u00e9e.<\/li>\n<li class=\"gmail-m_-2364781433580379573gmail-m_8520970830929161371gmail-m_616596823712603237gmail-m_3765628676076268551gmail-m_4180504336387594749m_1947072889695803165gmail-MsoNormal\">S\u00e9ance d\u2019essai libre<\/li>\n<\/ul>\n<p class=\"gmail-m_-2364781433580379573gmail-m_8520970830929161371gmail-m_616596823712603237gmail-m_3765628676076268551gmail-m_4180504336387594749m_1947072889695803165gmail-m_4877898243136292943gmail-MsoNormal\"><strong>Pour plus d\u2019informations, n\u2019h\u00e9sitez pas \u00e0 nous contacter :<\/strong><\/p>\n<p class=\"gmail-m_-2364781433580379573gmail-m_8520970830929161371gmail-m_616596823712603237gmail-m_3765628676076268551gmail-m_4180504336387594749m_1947072889695803165gmail-m_4877898243136292943gmail-MsoNormal\"><strong>mail\u00a0: <\/strong>&#112;&#x69;v&#x6f;&#x69;&#110;&#x65;6&#x38;&#x40;&#103;&#x6d;a&#x69;&#x6c;&#46;&#x63;o&#x6d;<br \/>\n<strong>t\u00e9l\u00e9phone\u00a0: <\/strong>06 19 72 00 63<strong>\u00a0 ou\u00a0\u00a0<\/strong>09 71 46 54 80\u00a0\u00a0<strong>ou\u00a0<\/strong> 06 79 31 90 58<\/p>\n<p><a href=\"http:\/\/association-pivoine.fr\/\"><strong>http:\/\/association-pivoine.fr\/<\/strong><\/a><\/p>\n<p><a href=\"https:\/\/neijin-qigong.com\/fr\/wp-content\/uploads\/sites\/3\/2018\/01\/Pivoine_001.jpg\" rel=\"lightbox-0\"><img fetchpriority=\"high\" decoding=\"async\" class=\"alignleft size-medium wp-image-280\" src=\"https:\/\/neijin-qigong.com\/fr\/wp-content\/uploads\/sites\/3\/2018\/01\/Pivoine_001-300x225.jpg\" alt=\"\" width=\"300\" height=\"225\" srcset=\"https:\/\/neijin-qigong.com\/fr\/wp-content\/uploads\/sites\/3\/2018\/01\/Pivoine_001-300x225.jpg 300w, https:\/\/neijin-qigong.com\/fr\/wp-content\/uploads\/sites\/3\/2018\/01\/Pivoine_001-768x576.jpg 768w, https:\/\/neijin-qigong.com\/fr\/wp-content\/uploads\/sites\/3\/2018\/01\/Pivoine_001-481x361.jpg 481w, https:\/\/neijin-qigong.com\/fr\/wp-content\/uploads\/sites\/3\/2018\/01\/Pivoine_001-400x300.jpg 400w, https:\/\/neijin-qigong.com\/fr\/wp-content\/uploads\/sites\/3\/2018\/01\/Pivoine_001.jpg 800w\" sizes=\"(max-width: 300px) 100vw, 300px\" \/><\/a><\/p>\n","protected":false},"excerpt":{"rendered":"<p>L\u2019association Pivoine , dont les membres suivent l\u2019enseignement de ma\u00eetre Buyin Zheng a le plaisir de vous pr\u00e9senter le calendrier de ses activit\u00e9s: S\u00e9ances ouvertes \u00e0 tous,d\u00e9butants comme pratiquants Possibilit\u00e9 de se joindre aux pratiques en cours d\u2019ann\u00e9e. S\u00e9ance d\u2019essai libre Pour plus d\u2019informations, n\u2019h\u00e9sitez pas \u00e0 nous contacter : mail\u00a0: pivo&#105;&#110;&#101;&#54;&#56;&#64;&#103;&#x6d;&#x61;&#x69;&#x6c;&#x2e;&#x63;&#x6f;&#x6d; t\u00e9l\u00e9phone\u00a0: 06 19 [&hellip;]<\/p>\n","protected":false},"author":3,"featured_media":0,"parent":0,"menu_order":1,"comment_status":"closed","ping_status":"closed","template":"","meta":{"footnotes":""},"class_list":["post-5","page","type-page","status-publish","hentry"],"yoast_head":"<!-- This site is optimized with the Yoast SEO plugin v26.3 - https:\/\/yoast.com\/wordpress\/plugins\/seo\/ -->\n<title>Bienvenue - Neijin Qigong (Franz\u00f6sisch)<\/title>\n<meta name=\"robots\" content=\"index, follow, max-snippet:-1, max-image-preview:large, max-video-preview:-1\" \/>\n<link rel=\"canonical\" href=\"https:\/\/neijin-qigong.com\/fr\/\" \/>\n<meta property=\"og:locale\" content=\"de_DE\" \/>\n<meta property=\"og:type\" content=\"article\" \/>\n<meta property=\"og:title\" content=\"Bienvenue - Neijin Qigong (Franz\u00f6sisch)\" \/>\n<meta property=\"og:description\" content=\"L\u2019association Pivoine , dont les membres suivent l\u2019enseignement de ma\u00eetre Buyin Zheng a le plaisir de vous pr\u00e9senter le calendrier de ses activit\u00e9s: S\u00e9ances ouvertes \u00e0 tous,d\u00e9butants comme pratiquants Possibilit\u00e9 de se joindre aux pratiques en cours d\u2019ann\u00e9e. S\u00e9ance d\u2019essai libre Pour plus d\u2019informations, n\u2019h\u00e9sitez pas \u00e0 nous contacter : mail\u00a0: &#112;&#x69;&#118;&#x6f;i&#x6e;e&#054;&#x38;&#064;&#x67;m&#x61;i&#108;&#x2e;&#099;&#x6f;m t\u00e9l\u00e9phone\u00a0: 06 19 [&hellip;]\" \/>\n<meta property=\"og:url\" content=\"https:\/\/neijin-qigong.com\/fr\/\" \/>\n<meta property=\"og:site_name\" content=\"Neijin Qigong (Franz\u00f6sisch)\" \/>\n<meta property=\"article:modified_time\" content=\"2021-07-27T08:59:31+00:00\" \/>\n<meta property=\"og:image\" content=\"https:\/\/neijin-qigong.com\/fr\/wp-content\/uploads\/sites\/3\/2018\/01\/Pivoine_001.jpg\" \/>\n\t<meta property=\"og:image:width\" content=\"800\" \/>\n\t<meta property=\"og:image:height\" content=\"600\" \/>\n\t<meta property=\"og:image:type\" content=\"image\/jpeg\" \/>\n<meta name=\"twitter:card\" content=\"summary_large_image\" \/>\n<script type=\"application\/ld+json\" class=\"yoast-schema-graph\">{\"@context\":\"https:\/\/schema.org\",\"@graph\":[{\"@type\":\"WebPage\",\"@id\":\"https:\/\/neijin-qigong.com\/fr\/\",\"url\":\"https:\/\/neijin-qigong.com\/fr\/\",\"name\":\"Bienvenue - Neijin Qigong (Franz\u00f6sisch)\",\"isPartOf\":{\"@id\":\"https:\/\/neijin-qigong.com\/fr\/#website\"},\"primaryImageOfPage\":{\"@id\":\"https:\/\/neijin-qigong.com\/fr\/#primaryimage\"},\"image\":{\"@id\":\"https:\/\/neijin-qigong.com\/fr\/#primaryimage\"},\"thumbnailUrl\":\"https:\/\/neijin-qigong.com\/fr\/wp-content\/uploads\/sites\/3\/2018\/01\/Pivoine_001-300x225.jpg\",\"datePublished\":\"2016-11-02T12:55:10+00:00\",\"dateModified\":\"2021-07-27T08:59:31+00:00\",\"breadcrumb\":{\"@id\":\"https:\/\/neijin-qigong.com\/fr\/#breadcrumb\"},\"inLanguage\":\"de\",\"potentialAction\":[{\"@type\":\"ReadAction\",\"target\":[\"https:\/\/neijin-qigong.com\/fr\/\"]}]},{\"@type\":\"ImageObject\",\"inLanguage\":\"de\",\"@id\":\"https:\/\/neijin-qigong.com\/fr\/#primaryimage\",\"url\":\"https:\/\/neijin-qigong.com\/fr\/wp-content\/uploads\/sites\/3\/2018\/01\/Pivoine_001.jpg\",\"contentUrl\":\"https:\/\/neijin-qigong.com\/fr\/wp-content\/uploads\/sites\/3\/2018\/01\/Pivoine_001.jpg\",\"width\":800,\"height\":600},{\"@type\":\"BreadcrumbList\",\"@id\":\"https:\/\/neijin-qigong.com\/fr\/#breadcrumb\",\"itemListElement\":[{\"@type\":\"ListItem\",\"position\":1,\"name\":\"Startseite\",\"item\":\"https:\/\/neijin-qigong.com\/fr\/\"},{\"@type\":\"ListItem\",\"position\":2,\"name\":\"Bienvenue\"}]},{\"@type\":\"WebSite\",\"@id\":\"https:\/\/neijin-qigong.com\/fr\/#website\",\"url\":\"https:\/\/neijin-qigong.com\/fr\/\",\"name\":\"Neijin Qigong (Franz\u00f6sisch)\",\"description\":\"Eine weitere Neijin Qigong Websites Website\",\"potentialAction\":[{\"@type\":\"SearchAction\",\"target\":{\"@type\":\"EntryPoint\",\"urlTemplate\":\"https:\/\/neijin-qigong.com\/fr\/?s={search_term_string}\"},\"query-input\":{\"@type\":\"PropertyValueSpecification\",\"valueRequired\":true,\"valueName\":\"search_term_string\"}}],\"inLanguage\":\"de\"}]}<\/script>\n<!-- \/ Yoast SEO plugin. -->","yoast_head_json":{"title":"Bienvenue - Neijin Qigong (Franz\u00f6sisch)","robots":{"index":"index","follow":"follow","max-snippet":"max-snippet:-1","max-image-preview":"max-image-preview:large","max-video-preview":"max-video-preview:-1"},"canonical":"https:\/\/neijin-qigong.com\/fr\/","og_locale":"de_DE","og_type":"article","og_title":"Bienvenue - Neijin Qigong (Franz\u00f6sisch)","og_description":"L\u2019association Pivoine , dont les membres suivent l\u2019enseignement de ma\u00eetre Buyin Zheng a le plaisir de vous pr\u00e9senter le calendrier de ses activit\u00e9s: S\u00e9ances ouvertes \u00e0 tous,d\u00e9butants comme pratiquants Possibilit\u00e9 de se joindre aux pratiques en cours d\u2019ann\u00e9e. S\u00e9ance d\u2019essai libre Pour plus d\u2019informations, n\u2019h\u00e9sitez pas \u00e0 nous contacter : mail\u00a0: &#112;&#x69;&#118;&#x6f;i&#x6e;e&#54;&#x38;&#64;&#x67;m&#x61;i&#108;&#x2e;&#99;&#x6f;m t\u00e9l\u00e9phone\u00a0: 06 19 [&hellip;]","og_url":"https:\/\/neijin-qigong.com\/fr\/","og_site_name":"Neijin Qigong (Franz\u00f6sisch)","article_modified_time":"2021-07-27T08:59:31+00:00","og_image":[{"width":800,"height":600,"url":"https:\/\/neijin-qigong.com\/fr\/wp-content\/uploads\/sites\/3\/2018\/01\/Pivoine_001.jpg","type":"image\/jpeg"}],"twitter_card":"summary_large_image","schema":{"@context":"https:\/\/schema.org","@graph":[{"@type":"WebPage","@id":"https:\/\/neijin-qigong.com\/fr\/","url":"https:\/\/neijin-qigong.com\/fr\/","name":"Bienvenue - Neijin Qigong (Franz\u00f6sisch)","isPartOf":{"@id":"https:\/\/neijin-qigong.com\/fr\/#website"},"primaryImageOfPage":{"@id":"https:\/\/neijin-qigong.com\/fr\/#primaryimage"},"image":{"@id":"https:\/\/neijin-qigong.com\/fr\/#primaryimage"},"thumbnailUrl":"https:\/\/neijin-qigong.com\/fr\/wp-content\/uploads\/sites\/3\/2018\/01\/Pivoine_001-300x225.jpg","datePublished":"2016-11-02T12:55:10+00:00","dateModified":"2021-07-27T08:59:31+00:00","breadcrumb":{"@id":"https:\/\/neijin-qigong.com\/fr\/#breadcrumb"},"inLanguage":"de","potentialAction":[{"@type":"ReadAction","target":["https:\/\/neijin-qigong.com\/fr\/"]}]},{"@type":"ImageObject","inLanguage":"de","@id":"https:\/\/neijin-qigong.com\/fr\/#primaryimage","url":"https:\/\/neijin-qigong.com\/fr\/wp-content\/uploads\/sites\/3\/2018\/01\/Pivoine_001.jpg","contentUrl":"https:\/\/neijin-qigong.com\/fr\/wp-content\/uploads\/sites\/3\/2018\/01\/Pivoine_001.jpg","width":800,"height":600},{"@type":"BreadcrumbList","@id":"https:\/\/neijin-qigong.com\/fr\/#breadcrumb","itemListElement":[{"@type":"ListItem","position":1,"name":"Startseite","item":"https:\/\/neijin-qigong.com\/fr\/"},{"@type":"ListItem","position":2,"name":"Bienvenue"}]},{"@type":"WebSite","@id":"https:\/\/neijin-qigong.com\/fr\/#website","url":"https:\/\/neijin-qigong.com\/fr\/","name":"Neijin Qigong (Franz\u00f6sisch)","description":"Eine weitere Neijin Qigong Websites Website","potentialAction":[{"@type":"SearchAction","target":{"@type":"EntryPoint","urlTemplate":"https:\/\/neijin-qigong.com\/fr\/?s={search_term_string}"},"query-input":{"@type":"PropertyValueSpecification","valueRequired":true,"valueName":"search_term_string"}}],"inLanguage":"de"}]}},"_links":{"self":[{"href":"https:\/\/neijin-qigong.com\/fr\/wp-json\/wp\/v2\/pages\/5","targetHints":{"allow":["GET"]}}],"collection":[{"href":"https:\/\/neijin-qigong.com\/fr\/wp-json\/wp\/v2\/pages"}],"about":[{"href":"https:\/\/neijin-qigong.com\/fr\/wp-json\/wp\/v2\/types\/page"}],"author":[{"embeddable":true,"href":"https:\/\/neijin-qigong.com\/fr\/wp-json\/wp\/v2\/users\/3"}],"replies":[{"embeddable":true,"href":"https:\/\/neijin-qigong.com\/fr\/wp-json\/wp\/v2\/comments?post=5"}],"version-history":[{"count":10,"href":"https:\/\/neijin-qigong.com\/fr\/wp-json\/wp\/v2\/pages\/5\/revisions"}],"predecessor-version":[{"id":14,"href":"https:\/\/neijin-qigong.com\/fr\/wp-json\/wp\/v2\/pages\/5\/revisions\/14"}],"wp:attachment":[{"href":"https:\/\/neijin-qigong.com\/fr\/wp-json\/wp\/v2\/media?parent=5"}],"curies":[{"name":"wp","href":"https:\/\/api.w.org\/{rel}","templated":true}]}}