{"id":63,"date":"2016-11-05T23:37:41","date_gmt":"2016-11-05T22:37:41","guid":{"rendered":"https:\/\/neijin-qigong.com\/fr\/?page_id=63"},"modified":"2016-11-05T23:39:26","modified_gmt":"2016-11-05T22:39:26","slug":"qi-gong-et-spiritualite","status":"publish","type":"page","link":"https:\/\/neijin-qigong.com\/fr\/qigong\/qi-gong-et-spiritualite\/","title":{"rendered":"Qi Gong et spiritualit\u00e9"},"content":{"rendered":"<h3><strong>Le Qi Gong en tant que philosophie de vie<\/strong><\/h3>\n<p>Le Qi Gong est bien plus qu&#8217;une simple succession d&#8217;exercices pratiques : c&#8217;est\u00a0 un mode de vie\u00a0 conscient et sain dans sa globalit\u00e9. Les buts du Qi Gong sont de pr\u00e9server ou d&#8217;acqu\u00e9rir une bonne sant\u00e9 et l&#8217;\u00e9quilibre du corps, de l&#8217;esprit et de l&#8217;\u00e2me, ainsi que d&#8217;utiliser pleinement les potentiels positifs de l\u2019\u00eatre humain. L&#8217;objectif est d&#8217;atteindre un \u00e9tat de compl\u00e8te harmonie du Qi.<\/p>\n<p>La philosophie profonde du Qi Gong voit le corps humain comme un microcosme,\u00a0 consid\u00e9r\u00e9 comme un reflet du macrocosme de l&#8217;univers. Le Qi Gong est une\u00a0 m\u00e9thode d&#8217;harmonisation qui nous accompagne de la naissance \u00e0 la mort \u00e0 travers tous les changements de la vie\u00a0; il apporte une aide suffisante et la perspective qui nous permet de nous situer par rapport aux \u00e9v\u00e8nements\u00a0 et aux questions fondamentales. Parce que le Qi Gong forme le corps et l&#8217;esprit, il nous sert \u00e9galement \u00e0 orienter nos actions.<\/p>\n<p>Lorsque l&#8217;on d\u00e9bute le Qi Gong, on se focalise le plus souvent sur les exercices corporels\u00a0 pour obtenir une sant\u00e9 stable. Une fois trouv\u00e9\u00a0 ou retrouv\u00e9 le bien-\u00eatre sur le plan physique, l&#8217;esprit et l&#8217;\u00e2me peuvent progressivement se d\u00e9tendre aussi.Apparaissent alors calme et\u00a0 s\u00e9r\u00e9nit\u00e9. On va\u00a0 \u00e0 la rencontre des d\u00e9fis de la vie de mani\u00e8re constructive et avec une facilit\u00e9 grandissante.Le r\u00e9sultat en est une agr\u00e9able sensation de connexion avec l&#8217;\u00e9nergie de l&#8217;univers.<\/p>\n<p>Si vous voulez\u00a0 vraiment comprendre la m\u00e9thode,\u00a0 acc\u00e9der \u00e0 l&#8217;\u00e9nergie de l&#8217;univers d&#8217;une mani\u00e8re simple, contr\u00f4ler l&#8217;\u00e9nergie et travailler avec elle, alors il vous faut comprendre l&#8217;interaction entre le corps, l&#8217;esprit, l&#8217;\u00e2me et l&#8217;\u00e9nergie.<\/p>\n<p><a href=\"https:\/\/neijin-qigong.com\/fr\/wp-content\/uploads\/sites\/3\/2016\/11\/Sonnenaufgang_ueber_dem_Meer_001.jpg\" rel=\"lightbox-0\"><img fetchpriority=\"high\" decoding=\"async\" class=\"alignleft size-full wp-image-64\" src=\"https:\/\/neijin-qigong.com\/fr\/wp-content\/uploads\/sites\/3\/2016\/11\/Sonnenaufgang_ueber_dem_Meer_001.jpg\" alt=\"sonnenaufgang_ueber_dem_meer_001\" width=\"1024\" height=\"180\" srcset=\"https:\/\/neijin-qigong.com\/fr\/wp-content\/uploads\/sites\/3\/2016\/11\/Sonnenaufgang_ueber_dem_Meer_001.jpg 1024w, https:\/\/neijin-qigong.com\/fr\/wp-content\/uploads\/sites\/3\/2016\/11\/Sonnenaufgang_ueber_dem_Meer_001-300x53.jpg 300w, https:\/\/neijin-qigong.com\/fr\/wp-content\/uploads\/sites\/3\/2016\/11\/Sonnenaufgang_ueber_dem_Meer_001-768x135.jpg 768w, https:\/\/neijin-qigong.com\/fr\/wp-content\/uploads\/sites\/3\/2016\/11\/Sonnenaufgang_ueber_dem_Meer_001-481x85.jpg 481w\" sizes=\"(max-width: 1024px) 100vw, 1024px\" \/><\/a><\/p>\n<h3><strong>Qi Gong et spiritualit\u00e9<\/strong><\/h3>\n<p><strong>\u00a0<\/strong>La stabilisation de la sant\u00e9, le d\u00e9veloppement de l&#8217;\u00e9quilibre, de la force int\u00e9rieure et des cinq vertus (humanit\u00e9, courtoisie, confiance,\u00a0 justice et\u00a0 sagesse) sont souvent accompagn\u00e9s, pour ceux qui pratiquent le Qi Gong intensivement, d&#8217;une expansion de la dimension spirituelle. Au d\u00e9but, on s&#8217;en tient g\u00e9n\u00e9ralement \u00e0 ce que l&#8217;on appelle \u00ab\u00a0la formation de l&#8217;esprit\u00bb. Surmonter les habitudes, l\u00e2cher les d\u00e9sirs et les caract\u00e9ristiques n\u00e9gatives sont des jalons importants sur cette voie. Des m\u00e9ditations particuli\u00e8res, par exemple \u00e0 propos sur\u00a0 l&#8217;amour de la m\u00e8re, le d\u00e9veloppement de la compassion ou sur la conversion de la col\u00e8re, aident \u00e0 purifier l&#8217;esprit et \u00e0 p\u00e9n\u00e9trer dans les profondeurs de son \u00e2me. Les aspects m\u00e9ditatifs marqu\u00e9s, en particulier dans les exercices de Qi Gong en position statique, m\u00e8nent \u00e0 une interrogation intense sur\u00a0 les questions essentielles de la vie. Ils\u00a0 ouvrent \u00e9galement l&#8217;acc\u00e8s \u00e0 des comp\u00e9tences particuli\u00e8res, parmi lesquelles une\u00a0 intuition d\u00e9velopp\u00e9e.<\/p>\n","protected":false},"excerpt":{"rendered":"<p>Le Qi Gong en tant que philosophie de vie Le Qi Gong est bien plus qu&#8217;une simple succession d&#8217;exercices pratiques : c&#8217;est\u00a0 un mode de vie\u00a0 conscient et sain dans sa globalit\u00e9. Les buts du Qi Gong sont de pr\u00e9server ou d&#8217;acqu\u00e9rir une bonne sant\u00e9 et l&#8217;\u00e9quilibre du corps, de l&#8217;esprit et de l&#8217;\u00e2me, ainsi [&hellip;]<\/p>\n","protected":false},"author":4,"featured_media":65,"parent":26,"menu_order":0,"comment_status":"closed","ping_status":"closed","template":"","meta":{"footnotes":""},"class_list":["post-63","page","type-page","status-publish","has-post-thumbnail","hentry"],"yoast_head":"<!-- This site is optimized with the Yoast SEO plugin v26.3 - https:\/\/yoast.com\/wordpress\/plugins\/seo\/ -->\n<title>Qi Gong et spiritualit\u00e9 - Neijin Qigong (Franz\u00f6sisch)<\/title>\n<meta name=\"robots\" content=\"index, follow, max-snippet:-1, max-image-preview:large, max-video-preview:-1\" \/>\n<link rel=\"canonical\" href=\"https:\/\/neijin-qigong.com\/fr\/qigong\/qi-gong-et-spiritualite\/\" \/>\n<meta property=\"og:locale\" content=\"de_DE\" \/>\n<meta property=\"og:type\" content=\"article\" \/>\n<meta property=\"og:title\" content=\"Qi Gong et spiritualit\u00e9 - Neijin Qigong (Franz\u00f6sisch)\" \/>\n<meta property=\"og:description\" content=\"Le Qi Gong en tant que philosophie de vie Le Qi Gong est bien plus qu&#8217;une simple succession d&#8217;exercices pratiques : c&#8217;est\u00a0 un mode de vie\u00a0 conscient et sain dans sa globalit\u00e9. Les buts du Qi Gong sont de pr\u00e9server ou d&#8217;acqu\u00e9rir une bonne sant\u00e9 et l&#8217;\u00e9quilibre du corps, de l&#8217;esprit et de l&#8217;\u00e2me, ainsi [&hellip;]\" \/>\n<meta property=\"og:url\" content=\"https:\/\/neijin-qigong.com\/fr\/qigong\/qi-gong-et-spiritualite\/\" \/>\n<meta property=\"og:site_name\" content=\"Neijin Qigong (Franz\u00f6sisch)\" \/>\n<meta property=\"article:modified_time\" content=\"2016-11-05T22:39:26+00:00\" \/>\n<meta property=\"og:image\" content=\"https:\/\/neijin-qigong.com\/fr\/wp-content\/uploads\/sites\/3\/2016\/11\/Heilige_Berge_001.jpg\" \/>\n\t<meta property=\"og:image:width\" content=\"1920\" \/>\n\t<meta property=\"og:image:height\" content=\"300\" \/>\n\t<meta property=\"og:image:type\" content=\"image\/jpeg\" \/>\n<meta name=\"twitter:card\" content=\"summary_large_image\" \/>\n<meta name=\"twitter:label1\" content=\"Gesch\u00e4tzte Lesezeit\" \/>\n\t<meta name=\"twitter:data1\" content=\"2\u00a0Minuten\" \/>\n<script type=\"application\/ld+json\" class=\"yoast-schema-graph\">{\"@context\":\"https:\/\/schema.org\",\"@graph\":[{\"@type\":\"WebPage\",\"@id\":\"https:\/\/neijin-qigong.com\/fr\/qigong\/qi-gong-et-spiritualite\/\",\"url\":\"https:\/\/neijin-qigong.com\/fr\/qigong\/qi-gong-et-spiritualite\/\",\"name\":\"Qi Gong et spiritualit\u00e9 - Neijin Qigong (Franz\u00f6sisch)\",\"isPartOf\":{\"@id\":\"https:\/\/neijin-qigong.com\/fr\/#website\"},\"primaryImageOfPage\":{\"@id\":\"https:\/\/neijin-qigong.com\/fr\/qigong\/qi-gong-et-spiritualite\/#primaryimage\"},\"image\":{\"@id\":\"https:\/\/neijin-qigong.com\/fr\/qigong\/qi-gong-et-spiritualite\/#primaryimage\"},\"thumbnailUrl\":\"https:\/\/neijin-qigong.com\/fr\/wp-content\/uploads\/sites\/3\/2016\/11\/Heilige_Berge_001.jpg\",\"datePublished\":\"2016-11-05T22:37:41+00:00\",\"dateModified\":\"2016-11-05T22:39:26+00:00\",\"breadcrumb\":{\"@id\":\"https:\/\/neijin-qigong.com\/fr\/qigong\/qi-gong-et-spiritualite\/#breadcrumb\"},\"inLanguage\":\"de\",\"potentialAction\":[{\"@type\":\"ReadAction\",\"target\":[\"https:\/\/neijin-qigong.com\/fr\/qigong\/qi-gong-et-spiritualite\/\"]}]},{\"@type\":\"ImageObject\",\"inLanguage\":\"de\",\"@id\":\"https:\/\/neijin-qigong.com\/fr\/qigong\/qi-gong-et-spiritualite\/#primaryimage\",\"url\":\"https:\/\/neijin-qigong.com\/fr\/wp-content\/uploads\/sites\/3\/2016\/11\/Heilige_Berge_001.jpg\",\"contentUrl\":\"https:\/\/neijin-qigong.com\/fr\/wp-content\/uploads\/sites\/3\/2016\/11\/Heilige_Berge_001.jpg\",\"width\":1920,\"height\":300},{\"@type\":\"BreadcrumbList\",\"@id\":\"https:\/\/neijin-qigong.com\/fr\/qigong\/qi-gong-et-spiritualite\/#breadcrumb\",\"itemListElement\":[{\"@type\":\"ListItem\",\"position\":1,\"name\":\"Startseite\",\"item\":\"https:\/\/neijin-qigong.com\/fr\/\"},{\"@type\":\"ListItem\",\"position\":2,\"name\":\"Qigong\",\"item\":\"https:\/\/neijin-qigong.com\/fr\/qigong\/\"},{\"@type\":\"ListItem\",\"position\":3,\"name\":\"Qi Gong et spiritualit\u00e9\"}]},{\"@type\":\"WebSite\",\"@id\":\"https:\/\/neijin-qigong.com\/fr\/#website\",\"url\":\"https:\/\/neijin-qigong.com\/fr\/\",\"name\":\"Neijin Qigong (Franz\u00f6sisch)\",\"description\":\"Eine weitere Neijin Qigong Websites Website\",\"potentialAction\":[{\"@type\":\"SearchAction\",\"target\":{\"@type\":\"EntryPoint\",\"urlTemplate\":\"https:\/\/neijin-qigong.com\/fr\/?s={search_term_string}\"},\"query-input\":{\"@type\":\"PropertyValueSpecification\",\"valueRequired\":true,\"valueName\":\"search_term_string\"}}],\"inLanguage\":\"de\"}]}<\/script>\n<!-- \/ Yoast SEO plugin. -->","yoast_head_json":{"title":"Qi Gong et spiritualit\u00e9 - Neijin Qigong (Franz\u00f6sisch)","robots":{"index":"index","follow":"follow","max-snippet":"max-snippet:-1","max-image-preview":"max-image-preview:large","max-video-preview":"max-video-preview:-1"},"canonical":"https:\/\/neijin-qigong.com\/fr\/qigong\/qi-gong-et-spiritualite\/","og_locale":"de_DE","og_type":"article","og_title":"Qi Gong et spiritualit\u00e9 - Neijin Qigong (Franz\u00f6sisch)","og_description":"Le Qi Gong en tant que philosophie de vie Le Qi Gong est bien plus qu&#8217;une simple succession d&#8217;exercices pratiques : c&#8217;est\u00a0 un mode de vie\u00a0 conscient et sain dans sa globalit\u00e9. Les buts du Qi Gong sont de pr\u00e9server ou d&#8217;acqu\u00e9rir une bonne sant\u00e9 et l&#8217;\u00e9quilibre du corps, de l&#8217;esprit et de l&#8217;\u00e2me, ainsi [&hellip;]","og_url":"https:\/\/neijin-qigong.com\/fr\/qigong\/qi-gong-et-spiritualite\/","og_site_name":"Neijin Qigong (Franz\u00f6sisch)","article_modified_time":"2016-11-05T22:39:26+00:00","og_image":[{"width":1920,"height":300,"url":"https:\/\/neijin-qigong.com\/fr\/wp-content\/uploads\/sites\/3\/2016\/11\/Heilige_Berge_001.jpg","type":"image\/jpeg"}],"twitter_card":"summary_large_image","twitter_misc":{"Gesch\u00e4tzte Lesezeit":"2\u00a0Minuten"},"schema":{"@context":"https:\/\/schema.org","@graph":[{"@type":"WebPage","@id":"https:\/\/neijin-qigong.com\/fr\/qigong\/qi-gong-et-spiritualite\/","url":"https:\/\/neijin-qigong.com\/fr\/qigong\/qi-gong-et-spiritualite\/","name":"Qi Gong et spiritualit\u00e9 - Neijin Qigong (Franz\u00f6sisch)","isPartOf":{"@id":"https:\/\/neijin-qigong.com\/fr\/#website"},"primaryImageOfPage":{"@id":"https:\/\/neijin-qigong.com\/fr\/qigong\/qi-gong-et-spiritualite\/#primaryimage"},"image":{"@id":"https:\/\/neijin-qigong.com\/fr\/qigong\/qi-gong-et-spiritualite\/#primaryimage"},"thumbnailUrl":"https:\/\/neijin-qigong.com\/fr\/wp-content\/uploads\/sites\/3\/2016\/11\/Heilige_Berge_001.jpg","datePublished":"2016-11-05T22:37:41+00:00","dateModified":"2016-11-05T22:39:26+00:00","breadcrumb":{"@id":"https:\/\/neijin-qigong.com\/fr\/qigong\/qi-gong-et-spiritualite\/#breadcrumb"},"inLanguage":"de","potentialAction":[{"@type":"ReadAction","target":["https:\/\/neijin-qigong.com\/fr\/qigong\/qi-gong-et-spiritualite\/"]}]},{"@type":"ImageObject","inLanguage":"de","@id":"https:\/\/neijin-qigong.com\/fr\/qigong\/qi-gong-et-spiritualite\/#primaryimage","url":"https:\/\/neijin-qigong.com\/fr\/wp-content\/uploads\/sites\/3\/2016\/11\/Heilige_Berge_001.jpg","contentUrl":"https:\/\/neijin-qigong.com\/fr\/wp-content\/uploads\/sites\/3\/2016\/11\/Heilige_Berge_001.jpg","width":1920,"height":300},{"@type":"BreadcrumbList","@id":"https:\/\/neijin-qigong.com\/fr\/qigong\/qi-gong-et-spiritualite\/#breadcrumb","itemListElement":[{"@type":"ListItem","position":1,"name":"Startseite","item":"https:\/\/neijin-qigong.com\/fr\/"},{"@type":"ListItem","position":2,"name":"Qigong","item":"https:\/\/neijin-qigong.com\/fr\/qigong\/"},{"@type":"ListItem","position":3,"name":"Qi Gong et spiritualit\u00e9"}]},{"@type":"WebSite","@id":"https:\/\/neijin-qigong.com\/fr\/#website","url":"https:\/\/neijin-qigong.com\/fr\/","name":"Neijin Qigong (Franz\u00f6sisch)","description":"Eine weitere Neijin Qigong Websites Website","potentialAction":[{"@type":"SearchAction","target":{"@type":"EntryPoint","urlTemplate":"https:\/\/neijin-qigong.com\/fr\/?s={search_term_string}"},"query-input":{"@type":"PropertyValueSpecification","valueRequired":true,"valueName":"search_term_string"}}],"inLanguage":"de"}]}},"_links":{"self":[{"href":"https:\/\/neijin-qigong.com\/fr\/wp-json\/wp\/v2\/pages\/63","targetHints":{"allow":["GET"]}}],"collection":[{"href":"https:\/\/neijin-qigong.com\/fr\/wp-json\/wp\/v2\/pages"}],"about":[{"href":"https:\/\/neijin-qigong.com\/fr\/wp-json\/wp\/v2\/types\/page"}],"author":[{"embeddable":true,"href":"https:\/\/neijin-qigong.com\/fr\/wp-json\/wp\/v2\/users\/4"}],"replies":[{"embeddable":true,"href":"https:\/\/neijin-qigong.com\/fr\/wp-json\/wp\/v2\/comments?post=63"}],"version-history":[{"count":3,"href":"https:\/\/neijin-qigong.com\/fr\/wp-json\/wp\/v2\/pages\/63\/revisions"}],"predecessor-version":[{"id":68,"href":"https:\/\/neijin-qigong.com\/fr\/wp-json\/wp\/v2\/pages\/63\/revisions\/68"}],"up":[{"embeddable":true,"href":"https:\/\/neijin-qigong.com\/fr\/wp-json\/wp\/v2\/pages\/26"}],"wp:featuredmedia":[{"embeddable":true,"href":"https:\/\/neijin-qigong.com\/fr\/wp-json\/wp\/v2\/media\/65"}],"wp:attachment":[{"href":"https:\/\/neijin-qigong.com\/fr\/wp-json\/wp\/v2\/media?parent=63"}],"curies":[{"name":"wp","href":"https:\/\/api.w.org\/{rel}","templated":true}]}}